{"id":53228,"date":"2023-05-09T21:34:40","date_gmt":"2023-05-09T19:34:40","guid":{"rendered":"https:\/\/sneeboer.com\/handgesmeed-tuingereedschap\/schuffel-jardin-145-cm"},"modified":"2023-08-28T15:33:17","modified_gmt":"2023-08-28T13:33:17","slug":"schuffel-jardin-145-cm","status":"publish","type":"product","link":"https:\/\/sneeboer.com\/de-ch\/handgeschmiedete-gartengeraete\/schuffel-jardin-145-cm","title":{"rendered":"Schuffel &#8220;Jardin&#8221; 14,5 cm"},"content":{"rendered":"<p>Mit der Schuffel \u201eJardin\u201c l\u00e4sst sich in Trockenperioden zu Beginn des Jahres Unkraut um die Pflanzen herum leicht in Schach halten, da es in dieser Zeit eine geringere Chance hat, nachzuwachsen. Unkraut hat es schwerer, im Schatten der Pflanzen nachzuwachsen, was sich mit dieser Schuffel effektiv f\u00f6rdern l\u00e4sst. Sobald Sie sich an den richtigen Einsatz einer Schuffel gew\u00f6hnt haben, werden Sie nie wieder ein anderes Werkzeug zur Unkrautbeseitigung verwenden wollen. Die Schuffel \u201eJardin\u201c ist mit einer Klingenbreite von 14 cm erh\u00e4ltlich und wird mit einem 155 cm langen Eschenholzstiel mit Knauf oder einem 145 cm langen, aufwendig gestalteten Stiel aus Eschenholz geliefert.<\/p>\n","protected":false},"excerpt":{"rendered":"<p>Die Schuffel \u201eJardin\u201c wurde auf Wunsch von Jardins Anim\u00e9s aus Frankreich entwickelt. Dank des ergonomischen Designs kann sie auch bei aufrechter Haltung zur Unkrautbek\u00e4mpfung verwendet werden. Die vier Seiten der Schuffel \u201eJardin\u201c sind handgeschmiedet und an allen drei Kanten gesch\u00e4rft. Das macht sie zum perfekten Gartenger\u00e4t f\u00fcr die einfache und fachm\u00e4nnische Entfernung von Unkraut, ohne dabei Pflanzen oder Gem\u00fcse zu besch\u00e4digen.<\/p>\n","protected":false},"featured_media":45197,"comment_status":"closed","ping_status":"closed","template":"","meta":{"inline_featured_image":false,"product_video_url":"","product_360_url":""},"product_brand":[],"product_cat":[144],"product_tag":[472,532],"weeds":[],"soil_types":[],"class_list":{"0":"post-53228","1":"product","2":"type-product","3":"status-publish","4":"has-post-thumbnail","6":"product_cat-schuffel-und-hacken-2","7":"product_tag-furchung-de-ch","8":"product_tag-unkraut-entfernen-de-ch","9":"post","11":"first","12":"instock","13":"taxable","14":"shipping-taxable","15":"purchasable","16":"product-type-simple"},"exclude_global_add_ons":false,"addons":[{"name":"Gravur","type":"custom_text","position":0,"required":false,"title_format":"heading","default":"","description_enable":true,"description":"Geben Sie bis zu 50 Zeichen ein.","placeholder_enable":false,"placeholder":"","display":"select","restrictions_type":"any_text","adjust_price":true,"price":"4.92","price_type":"quantity_based","restrictions":true,"min":"1","max":"50","options":[],"id":1684165753}],"_links":{"self":[{"href":"https:\/\/sneeboer.com\/de-ch\/wp-json\/wp\/v2\/product\/53228","targetHints":{"allow":["GET"]}}],"collection":[{"href":"https:\/\/sneeboer.com\/de-ch\/wp-json\/wp\/v2\/product"}],"about":[{"href":"https:\/\/sneeboer.com\/de-ch\/wp-json\/wp\/v2\/types\/product"}],"replies":[{"embeddable":true,"href":"https:\/\/sneeboer.com\/de-ch\/wp-json\/wp\/v2\/comments?post=53228"}],"wp:featuredmedia":[{"embeddable":true,"href":"https:\/\/sneeboer.com\/de-ch\/wp-json\/wp\/v2\/media\/45197"}],"wp:attachment":[{"href":"https:\/\/sneeboer.com\/de-ch\/wp-json\/wp\/v2\/media?parent=53228"}],"wp:term":[{"taxonomy":"product_brand","embeddable":true,"href":"https:\/\/sneeboer.com\/de-ch\/wp-json\/wp\/v2\/product_brand?post=53228"},{"taxonomy":"product_cat","embeddable":true,"href":"https:\/\/sneeboer.com\/de-ch\/wp-json\/wp\/v2\/product_cat?post=53228"},{"taxonomy":"product_tag","embeddable":true,"href":"https:\/\/sneeboer.com\/de-ch\/wp-json\/wp\/v2\/product_tag?post=53228"},{"taxonomy":"weeds","embeddable":true,"href":"https:\/\/sneeboer.com\/de-ch\/wp-json\/wp\/v2\/weeds?post=53228"},{"taxonomy":"soil_types","embeddable":true,"href":"https:\/\/sneeboer.com\/de-ch\/wp-json\/wp\/v2\/soil_types?post=53228"}],"curies":[{"name":"wp","href":"https:\/\/api.w.org\/{rel}","templated":true}]}}