{"id":53039,"date":"2023-05-09T21:22:02","date_gmt":"2023-05-09T19:22:02","guid":{"rendered":"https:\/\/sneeboer.com\/handgesmeed-tuingereedschap\/damenspaten"},"modified":"2023-09-22T16:24:23","modified_gmt":"2023-09-22T14:24:23","slug":"damenspaten","status":"publish","type":"product","link":"https:\/\/sneeboer.com\/de-ch\/handgeschmiedete-gartengeraete\/damenspaten","title":{"rendered":"Kleiner Spaten"},"content":{"rendered":"<p>Das Blatt des Beetspatens ist an der langen Seite gekr\u00fcmmt, um ihm St\u00e4rke zu verleihen und ein Brechen beim Graben zu verhindern. Au\u00dferdem ist der Winkel zwischen Blatt und Stiel speziell darauf ausgerichtet, die Arbeit mit dem Beetspaten komfortabler zu machen. Dank Form und Winkel des Blattes eignet sich der Beetspaten hervorragend zum Graben im Boden, jedoch weniger zum Aufnehmen oder Schaufeln von losem Material. Der Beetspaten ist mit einem Stiel aus Eschenholz in verschiedenen L\u00e4ngen erh\u00e4ltlich. Zudem ist er optional mit einem Auftritt erh\u00e4ltlich, der die Schuhe beim Graben sch\u00fctzt.<\/p>\n","protected":false},"excerpt":{"rendered":"<p>Dieser Beetspaten steht f\u00fcr Tradition und Renommee gleicherma\u00dfen \u2013 und egal, ob Sie einen Schrebergarten, ein Gem\u00fcsebeet oder ein Zierbeet umgraben wollen, leistet er ganze Arbeit! Dieser Beetspaten wird von Hand nach einem Entwurf geschmiedet, der vor fast hundert Jahren f\u00fcr den holl\u00e4ndischen Markt und die G\u00e4rtner Westfrieslands entwickelt wurde. Er verf\u00fcgt \u00fcber einen Stiel aus massivem Eschenholz und ein Blatt aus rostfreiem Stahl. Der Beetspaten wird vor allem zum Umgraben und Verpflanzen in schweren B\u00f6den verwendet. Die Unterseite des Blattes ist gesch\u00e4rft, so dass der Beetspaten mit Leichtigkeit in den Boden getrieben werden kann. Der Beetspaten ist der kleinere Bruder des herk\u00f6mmlichen Spatens, wodurch er leichter sowie einfacher zu handhaben ist.<\/p>\n","protected":false},"featured_media":25699,"comment_status":"closed","ping_status":"closed","template":"","meta":{"inline_featured_image":false,"product_video_url":"","product_360_url":""},"product_brand":[],"product_cat":[158],"product_tag":[494,332,524],"weeds":[],"soil_types":[],"class_list":{"0":"post-53039","1":"product","2":"type-product","3":"status-publish","4":"has-post-thumbnail","6":"product_cat-spaten-2","7":"product_tag-bepflanzung-de-ch","8":"product_tag-graben-de-ch","9":"product_tag-umpflanzen-de-ch","10":"post","12":"first","13":"instock","14":"taxable","15":"shipping-taxable","16":"purchasable","17":"product-type-simple"},"exclude_global_add_ons":false,"addons":[{"name":"Gravur","type":"custom_text","position":0,"required":false,"title_format":"heading","default":"","description_enable":true,"description":"Geben Sie bis zu 50 Zeichen ein.","placeholder_enable":false,"placeholder":"","display":"select","restrictions_type":"any_text","adjust_price":true,"price":"4.92","price_type":"quantity_based","restrictions":true,"min":"1","max":"50","options":[],"id":1684165753}],"_links":{"self":[{"href":"https:\/\/sneeboer.com\/de-ch\/wp-json\/wp\/v2\/product\/53039","targetHints":{"allow":["GET"]}}],"collection":[{"href":"https:\/\/sneeboer.com\/de-ch\/wp-json\/wp\/v2\/product"}],"about":[{"href":"https:\/\/sneeboer.com\/de-ch\/wp-json\/wp\/v2\/types\/product"}],"replies":[{"embeddable":true,"href":"https:\/\/sneeboer.com\/de-ch\/wp-json\/wp\/v2\/comments?post=53039"}],"wp:featuredmedia":[{"embeddable":true,"href":"https:\/\/sneeboer.com\/de-ch\/wp-json\/wp\/v2\/media\/25699"}],"wp:attachment":[{"href":"https:\/\/sneeboer.com\/de-ch\/wp-json\/wp\/v2\/media?parent=53039"}],"wp:term":[{"taxonomy":"product_brand","embeddable":true,"href":"https:\/\/sneeboer.com\/de-ch\/wp-json\/wp\/v2\/product_brand?post=53039"},{"taxonomy":"product_cat","embeddable":true,"href":"https:\/\/sneeboer.com\/de-ch\/wp-json\/wp\/v2\/product_cat?post=53039"},{"taxonomy":"product_tag","embeddable":true,"href":"https:\/\/sneeboer.com\/de-ch\/wp-json\/wp\/v2\/product_tag?post=53039"},{"taxonomy":"weeds","embeddable":true,"href":"https:\/\/sneeboer.com\/de-ch\/wp-json\/wp\/v2\/weeds?post=53039"},{"taxonomy":"soil_types","embeddable":true,"href":"https:\/\/sneeboer.com\/de-ch\/wp-json\/wp\/v2\/soil_types?post=53039"}],"curies":[{"name":"wp","href":"https:\/\/api.w.org\/{rel}","templated":true}]}}