{"id":52967,"date":"2023-05-09T21:17:52","date_gmt":"2023-05-09T19:17:52","guid":{"rendered":"https:\/\/sneeboer.com\/handgesmeed-tuingereedschap\/spezielle-sandschaufel-20-cm"},"modified":"2023-09-22T16:24:34","modified_gmt":"2023-09-22T14:24:34","slug":"spezielle-sandschaufel-20-cm","status":"publish","type":"product","link":"https:\/\/sneeboer.com\/de-ch\/handgeschmiedete-gartengeraete\/spezielle-sandschaufel-20-cm","title":{"rendered":"Gebogene Sandschaufel 20 cm"},"content":{"rendered":"<p>Die gebogene Sandschaufel ist in einer Gr\u00f6\u00dfe erh\u00e4ltlich und wird mit einem 95 cm langen Eschenholzstiel geliefert.<\/p>\n","protected":false},"excerpt":{"rendered":"<p>Diese gebogene Sandschaufel mit einer Breite von 20 cm basiert auf der klassischen Schaufel, eignet sich aber dank der nach oben gebogenen Seiten perfekt zum Heben und Bewegen von losem Material wie Kohle, Kies, Erde oder Sand. Die Kanten der Schaufel k\u00f6nnen auch zum Abkratzen von harter Erde verwendet werden. Daher wird diese Variante der klassischen Schaufel in Regionen mit viel Regen h\u00e4ufig zum Ausheben von Bew\u00e4sserungsgr\u00e4ben sowie bei arch\u00e4ologischen Ausgrabungen verwendet.<\/p>\n","protected":false},"featured_media":25683,"comment_status":"closed","ping_status":"closed","template":"","meta":{"inline_featured_image":false,"product_video_url":"","product_360_url":""},"product_brand":[],"product_cat":[153],"product_tag":[504],"weeds":[],"soil_types":[],"class_list":{"0":"post-52967","1":"product","2":"type-product","3":"status-publish","4":"has-post-thumbnail","6":"product_cat-schaufel-2","7":"product_tag-schaufeln-de-ch","8":"post","10":"first","11":"instock","12":"taxable","13":"shipping-taxable","14":"purchasable","15":"product-type-simple"},"exclude_global_add_ons":false,"addons":[{"name":"Gravur","type":"custom_text","position":0,"required":false,"title_format":"heading","default":"","description_enable":true,"description":"Geben Sie bis zu 50 Zeichen ein.","placeholder_enable":false,"placeholder":"","display":"select","restrictions_type":"any_text","adjust_price":true,"price":"4.92","price_type":"quantity_based","restrictions":true,"min":"1","max":"50","options":[],"id":1684165753}],"_links":{"self":[{"href":"https:\/\/sneeboer.com\/de-ch\/wp-json\/wp\/v2\/product\/52967","targetHints":{"allow":["GET"]}}],"collection":[{"href":"https:\/\/sneeboer.com\/de-ch\/wp-json\/wp\/v2\/product"}],"about":[{"href":"https:\/\/sneeboer.com\/de-ch\/wp-json\/wp\/v2\/types\/product"}],"replies":[{"embeddable":true,"href":"https:\/\/sneeboer.com\/de-ch\/wp-json\/wp\/v2\/comments?post=52967"}],"wp:featuredmedia":[{"embeddable":true,"href":"https:\/\/sneeboer.com\/de-ch\/wp-json\/wp\/v2\/media\/25683"}],"wp:attachment":[{"href":"https:\/\/sneeboer.com\/de-ch\/wp-json\/wp\/v2\/media?parent=52967"}],"wp:term":[{"taxonomy":"product_brand","embeddable":true,"href":"https:\/\/sneeboer.com\/de-ch\/wp-json\/wp\/v2\/product_brand?post=52967"},{"taxonomy":"product_cat","embeddable":true,"href":"https:\/\/sneeboer.com\/de-ch\/wp-json\/wp\/v2\/product_cat?post=52967"},{"taxonomy":"product_tag","embeddable":true,"href":"https:\/\/sneeboer.com\/de-ch\/wp-json\/wp\/v2\/product_tag?post=52967"},{"taxonomy":"weeds","embeddable":true,"href":"https:\/\/sneeboer.com\/de-ch\/wp-json\/wp\/v2\/weeds?post=52967"},{"taxonomy":"soil_types","embeddable":true,"href":"https:\/\/sneeboer.com\/de-ch\/wp-json\/wp\/v2\/soil_types?post=52967"}],"curies":[{"name":"wp","href":"https:\/\/api.w.org\/{rel}","templated":true}]}}