{"id":52895,"date":"2023-05-09T21:12:43","date_gmt":"2023-05-09T19:12:43","guid":{"rendered":"https:\/\/sneeboer.com\/handgesmeed-tuingereedschap\/gezaehnter-pflanzspaten"},"modified":"2023-09-22T16:24:39","modified_gmt":"2023-09-22T14:24:39","slug":"gezaehnter-pflanzspaten","status":"publish","type":"product","link":"https:\/\/sneeboer.com\/de-ch\/handgeschmiedete-gartengeraete\/gezaehnter-pflanzspaten","title":{"rendered":"Pflanzspaten mit Zacken"},"content":{"rendered":"<p>Das Blatt des Pflanzspatens mit Zacken ist an der langen Seite V-f\u00f6rmig ausgearbeitet, was ihm St\u00e4rke verleiht und ein Brechen beim Graben und Schneiden verhindert. Au\u00dferdem ist der Winkel zwischen Blatt und Stiel speziell darauf ausgerichtet, die Arbeit mit dem Pflanzspaten komfortabler zu machen. Der Pflanzspaten mit Zacken verf\u00fcgt \u00fcber einen 90 cm langen Stiel aus Eschenholz sowie \u00fcber einen Auftritt, der die Schuhe beim Graben sch\u00fctzt.<\/p>\n","protected":false},"excerpt":{"rendered":"<p>Bei diesem Spaten mit Zacken handelt es sich um eine au\u00dfergew\u00f6hnliche Variante des herk\u00f6mmlichen Pflanzspatens. Er kann sowohl f\u00fcr den Wurzelschnitt im Garten als auch f\u00fcr die Vorbereitung halb ausgewachsener Pflanzen f\u00fcr das Verpflanzen verwendet werden. Dies macht ihn zu einem unverzichtbaren Werkzeug f\u00fcr die Beseitigung unerw\u00fcnschter, zur\u00fcckbleibender Baumst\u00fcmpfe. Durch die Zacken ergibt sich eine zus\u00e4tzliche S\u00e4gewirkung. Bei gr\u00f6\u00dferem unterirdischen Wurzelwerk kann dieses mit dem Spaten durchtrennt werden, was weit weniger Energie erfordert als das herk\u00f6mmliche Ausgraben und anschlie\u00dfende Durchtrennen der Wurzeln mit einer S\u00e4ge. \u00c4hnlich wie bei einem Pflanzspaten handelt es sich hierbei um einen robusten V-f\u00f6rmigen Spaten, der speziell f\u00fcr das Umpflanzen von B\u00e4umen und Str\u00e4uchern entwickelt wurde. Mit fast chirurgischer Pr\u00e4zision lassen sich so Pflanzen umpflanzen, ohne die umliegenden Gew\u00e4chse und Wurzelstrukturen zu besch\u00e4digen. Das Blatt eines herk\u00f6mmlichen Spatens ist gekr\u00fcmmt und somit zum Verpflanzen weniger geeignet, da es von den Wurzeln abrutschen kann. Die V-f\u00f6rmige Einstechkante dieses Spatens sorgt daf\u00fcr, dass die Wurzeln leichter erfasst und durchtrennt werden k\u00f6nnen. Im Vergleich zu anderen Spaten handelt es sich bei diesem Pflanzspaten mit Zacken um ein leichtes Ger\u00e4t.<\/p>\n","protected":false},"featured_media":25757,"comment_status":"closed","ping_status":"closed","template":"","meta":{"inline_featured_image":false,"product_video_url":"","product_360_url":""},"product_brand":[],"product_cat":[158],"product_tag":[494,332,524],"weeds":[],"soil_types":[],"class_list":{"0":"post-52895","1":"product","2":"type-product","3":"status-publish","4":"has-post-thumbnail","6":"product_cat-spaten-2","7":"product_tag-bepflanzung-de-ch","8":"product_tag-graben-de-ch","9":"product_tag-umpflanzen-de-ch","10":"post","12":"first","13":"instock","14":"taxable","15":"shipping-taxable","16":"purchasable","17":"product-type-simple"},"exclude_global_add_ons":false,"addons":[{"name":"Gravur","type":"custom_text","position":0,"required":false,"title_format":"heading","default":"","description_enable":true,"description":"Geben Sie bis zu 50 Zeichen ein.","placeholder_enable":false,"placeholder":"","display":"select","restrictions_type":"any_text","adjust_price":true,"price":"4.92","price_type":"quantity_based","restrictions":true,"min":"1","max":"50","options":[],"id":1684165753}],"_links":{"self":[{"href":"https:\/\/sneeboer.com\/de-ch\/wp-json\/wp\/v2\/product\/52895","targetHints":{"allow":["GET"]}}],"collection":[{"href":"https:\/\/sneeboer.com\/de-ch\/wp-json\/wp\/v2\/product"}],"about":[{"href":"https:\/\/sneeboer.com\/de-ch\/wp-json\/wp\/v2\/types\/product"}],"replies":[{"embeddable":true,"href":"https:\/\/sneeboer.com\/de-ch\/wp-json\/wp\/v2\/comments?post=52895"}],"wp:featuredmedia":[{"embeddable":true,"href":"https:\/\/sneeboer.com\/de-ch\/wp-json\/wp\/v2\/media\/25757"}],"wp:attachment":[{"href":"https:\/\/sneeboer.com\/de-ch\/wp-json\/wp\/v2\/media?parent=52895"}],"wp:term":[{"taxonomy":"product_brand","embeddable":true,"href":"https:\/\/sneeboer.com\/de-ch\/wp-json\/wp\/v2\/product_brand?post=52895"},{"taxonomy":"product_cat","embeddable":true,"href":"https:\/\/sneeboer.com\/de-ch\/wp-json\/wp\/v2\/product_cat?post=52895"},{"taxonomy":"product_tag","embeddable":true,"href":"https:\/\/sneeboer.com\/de-ch\/wp-json\/wp\/v2\/product_tag?post=52895"},{"taxonomy":"weeds","embeddable":true,"href":"https:\/\/sneeboer.com\/de-ch\/wp-json\/wp\/v2\/weeds?post=52895"},{"taxonomy":"soil_types","embeddable":true,"href":"https:\/\/sneeboer.com\/de-ch\/wp-json\/wp\/v2\/soil_types?post=52895"}],"curies":[{"name":"wp","href":"https:\/\/api.w.org\/{rel}","templated":true}]}}