{"id":52877,"date":"2023-05-09T21:11:39","date_gmt":"2023-05-09T19:11:39","guid":{"rendered":"https:\/\/sneeboer.com\/handgesmeed-tuingereedschap\/kabelspaten-mit-tritt"},"modified":"2023-08-28T15:34:45","modified_gmt":"2023-08-28T13:34:45","slug":"kabelspaten-mit-tritt","status":"publish","type":"product","link":"https:\/\/sneeboer.com\/de-ch\/handgeschmiedete-gartengeraete\/kabelspaten-mit-tritt","title":{"rendered":"Kabelspaten mit Tritt"},"content":{"rendered":"<p>Der Kabelspaten ist ideal, um unterirdische Gr\u00e4ben f\u00fcr die Verlegung von Stromleitungen sowie Bew\u00e4sserungsgr\u00e4ben im Garten anzulegen. Der Kabelspaten wird mit einem 90 cm langen T-Griff aus Eschenholz geliefert und kann mit einem Auftritt versehen werden, um die Schuhsohlen zu sch\u00fctzen.<\/p>\n","protected":false},"excerpt":{"rendered":"<p>Der Kabelspaten wurde speziell f\u00fcr das Ausheben von Gr\u00e4ben entwickelt, um die Drainage von G\u00e4rten oder Feldern zu verbessern. Dank des schmalen Blattes erm\u00f6glicht er ein \u00e4u\u00dferst genaues Arbeiten zwischen den Pflanzen, ohne diese dabei zu besch\u00e4digen.<\/p>\n","protected":false},"featured_media":25753,"comment_status":"closed","ping_status":"closed","template":"","meta":{"inline_featured_image":false,"product_video_url":"","product_360_url":""},"product_brand":[],"product_cat":[158],"product_tag":[318,332],"weeds":[],"soil_types":[],"class_list":{"0":"post-52877","1":"product","2":"type-product","3":"status-publish","4":"has-post-thumbnail","6":"product_cat-spaten-2","7":"product_tag-drainage-de-ch","8":"product_tag-graben-de-ch","9":"post","11":"first","12":"instock","13":"taxable","14":"shipping-taxable","15":"purchasable","16":"product-type-simple"},"exclude_global_add_ons":false,"addons":[{"name":"Gravur","type":"custom_text","position":0,"required":false,"title_format":"heading","default":"","description_enable":true,"description":"Geben Sie bis zu 50 Zeichen ein.","placeholder_enable":false,"placeholder":"","display":"select","restrictions_type":"any_text","adjust_price":true,"price":"4.92","price_type":"quantity_based","restrictions":true,"min":"1","max":"50","options":[],"id":1684165753}],"_links":{"self":[{"href":"https:\/\/sneeboer.com\/de-ch\/wp-json\/wp\/v2\/product\/52877","targetHints":{"allow":["GET"]}}],"collection":[{"href":"https:\/\/sneeboer.com\/de-ch\/wp-json\/wp\/v2\/product"}],"about":[{"href":"https:\/\/sneeboer.com\/de-ch\/wp-json\/wp\/v2\/types\/product"}],"replies":[{"embeddable":true,"href":"https:\/\/sneeboer.com\/de-ch\/wp-json\/wp\/v2\/comments?post=52877"}],"wp:featuredmedia":[{"embeddable":true,"href":"https:\/\/sneeboer.com\/de-ch\/wp-json\/wp\/v2\/media\/25753"}],"wp:attachment":[{"href":"https:\/\/sneeboer.com\/de-ch\/wp-json\/wp\/v2\/media?parent=52877"}],"wp:term":[{"taxonomy":"product_brand","embeddable":true,"href":"https:\/\/sneeboer.com\/de-ch\/wp-json\/wp\/v2\/product_brand?post=52877"},{"taxonomy":"product_cat","embeddable":true,"href":"https:\/\/sneeboer.com\/de-ch\/wp-json\/wp\/v2\/product_cat?post=52877"},{"taxonomy":"product_tag","embeddable":true,"href":"https:\/\/sneeboer.com\/de-ch\/wp-json\/wp\/v2\/product_tag?post=52877"},{"taxonomy":"weeds","embeddable":true,"href":"https:\/\/sneeboer.com\/de-ch\/wp-json\/wp\/v2\/weeds?post=52877"},{"taxonomy":"soil_types","embeddable":true,"href":"https:\/\/sneeboer.com\/de-ch\/wp-json\/wp\/v2\/soil_types?post=52877"}],"curies":[{"name":"wp","href":"https:\/\/api.w.org\/{rel}","templated":true}]}}