{"id":52859,"date":"2023-05-09T21:10:36","date_gmt":"2023-05-09T19:10:36","guid":{"rendered":"https:\/\/sneeboer.com\/handgesmeed-tuingereedschap\/damenspaten-mit-tritt-3"},"modified":"2026-05-06T11:48:23","modified_gmt":"2026-05-06T09:48:23","slug":"border-spade-mit-stufen-2","status":"publish","type":"product","link":"https:\/\/sneeboer.com\/de-ch\/handgeschmiedete-gartengeraete\/border-spade-mit-stufen-2","title":{"rendered":"Border Spade mit Stufen"},"content":{"rendered":"<p>Das Blatt des Grenzspatens ist in L\u00e4ngsrichtung gew\u00f6lbt, um ein Abbrechen zu verhindern. Au\u00dferdem ist das Blatt in einem idealen Winkel zum Stiel angebracht, wodurch der Grenzspaten leichter zu handhaben ist. Aufgrund der Form und der Stellung des Blattes eignet sich der Spaten gut zum Einstechen in den Boden, nicht zum Schaufeln. Der Border Spade ist in verschiedenen Formen und Gr\u00f6\u00dfen erh\u00e4ltlich und wird mit einem Stiel aus Eschenholz geliefert. Der Spaten ist auch<a href=\"https:\/\/www.sneeboer.com\/nl\/tuingereedschap\/border-spade-3\/\"> ohne Stufen<\/a> erh\u00e4ltlich.<\/p>\n","protected":false},"excerpt":{"rendered":"<p>Der Border Spade wird zum Ausgraben und Umtopfen verwendet. Der Border Spade hat ein k\u00fcrzeres Blatt als der normale Spaten und eignet sich daher sehr gut f\u00fcr leichtere Umgrabungs- und Umpflanzarbeiten. Das Blatt ist handgeschmiedet und an der Unterseite geschliffen, so dass sich der Border Spade leicht in die Erde stecken l\u00e4sst.<\/p>\n","protected":false},"featured_media":17500,"comment_status":"closed","ping_status":"closed","template":"","meta":{"inline_featured_image":false,"product_video_url":"","product_360_url":""},"product_brand":[],"product_cat":[154,158],"product_tag":[1414,296,1456],"weeds":[],"soil_types":[],"class_list":{"0":"post-52859","1":"product","2":"type-product","3":"status-publish","4":"has-post-thumbnail","6":"product_cat-spade","7":"product_cat-spaten-2","8":"product_tag-creuser","9":"product_tag-planten","10":"product_tag-transplantation","11":"post","13":"first","14":"onbackorder","15":"taxable","16":"shipping-taxable","17":"purchasable","18":"product-type-simple"},"exclude_global_add_ons":false,"addons":[{"name":"Gravur","type":"custom_text","position":0,"required":false,"title_format":"heading","default":"","description_enable":true,"description":"Geben Sie bis zu 50 Zeichen ein.","placeholder_enable":false,"placeholder":"","display":"select","restrictions_type":"any_text","adjust_price":true,"price":"4.92","price_type":"quantity_based","restrictions":true,"min":"1","max":"50","options":[],"id":1684165753}],"_links":{"self":[{"href":"https:\/\/sneeboer.com\/de-ch\/wp-json\/wp\/v2\/product\/52859","targetHints":{"allow":["GET"]}}],"collection":[{"href":"https:\/\/sneeboer.com\/de-ch\/wp-json\/wp\/v2\/product"}],"about":[{"href":"https:\/\/sneeboer.com\/de-ch\/wp-json\/wp\/v2\/types\/product"}],"replies":[{"embeddable":true,"href":"https:\/\/sneeboer.com\/de-ch\/wp-json\/wp\/v2\/comments?post=52859"}],"wp:featuredmedia":[{"embeddable":true,"href":"https:\/\/sneeboer.com\/de-ch\/wp-json\/wp\/v2\/media\/17500"}],"wp:attachment":[{"href":"https:\/\/sneeboer.com\/de-ch\/wp-json\/wp\/v2\/media?parent=52859"}],"wp:term":[{"taxonomy":"product_brand","embeddable":true,"href":"https:\/\/sneeboer.com\/de-ch\/wp-json\/wp\/v2\/product_brand?post=52859"},{"taxonomy":"product_cat","embeddable":true,"href":"https:\/\/sneeboer.com\/de-ch\/wp-json\/wp\/v2\/product_cat?post=52859"},{"taxonomy":"product_tag","embeddable":true,"href":"https:\/\/sneeboer.com\/de-ch\/wp-json\/wp\/v2\/product_tag?post=52859"},{"taxonomy":"weeds","embeddable":true,"href":"https:\/\/sneeboer.com\/de-ch\/wp-json\/wp\/v2\/weeds?post=52859"},{"taxonomy":"soil_types","embeddable":true,"href":"https:\/\/sneeboer.com\/de-ch\/wp-json\/wp\/v2\/soil_types?post=52859"}],"curies":[{"name":"wp","href":"https:\/\/api.w.org\/{rel}","templated":true}]}}