{"id":52823,"date":"2023-05-09T21:08:12","date_gmt":"2023-05-09T19:08:12","guid":{"rendered":"https:\/\/sneeboer.com\/handgesmeed-tuingereedschap\/pflanzspaten-mit-tritt-3"},"modified":"2023-08-28T15:35:01","modified_gmt":"2023-08-28T13:35:01","slug":"pflanzspaten-mit-tritt-3","status":"publish","type":"product","link":"https:\/\/sneeboer.com\/de-ch\/handgeschmiedete-gartengeraete\/pflanzspaten-mit-tritt-3","title":{"rendered":"Pflanzspaten mit Tritt"},"content":{"rendered":"<p>Das Blatt des Pflanzspatens ist an der langen Seite V-f\u00f6rmig ausgearbeitet, was ihm St\u00e4rke verleiht und ein Brechen beim Graben und Schneiden verhindert. Au\u00dferdem ist der Winkel zwischen Blatt und Stiel speziell darauf ausgerichtet, die Arbeit mit dem Pflanzspaten komfortabler zu machen. Der Pflanzspaten ist mit einem Stiel aus Eschenholz in verschiedenen L\u00e4ngen erh\u00e4ltlich. Zudem ist er optional mit einem Auftritt erh\u00e4ltlich, der die Schuhe beim Graben sch\u00fctzt.<\/p>\n","protected":false},"excerpt":{"rendered":"<p>Dieser einzigartige, robuste V-f\u00f6rmige Spaten wurde speziell f\u00fcr das Verpflanzen von B\u00e4umen und Str\u00e4uchern sowie zum Schutz der umliegenden Pflanzen entwickelt. Mit fast chirurgischer Pr\u00e4zision lassen sich so Pflanzen umpflanzen, ohne die umliegenden Gew\u00e4chse und Wurzelstrukturen zu besch\u00e4digen. Das Blatt eines herk\u00f6mmlichen Spatens ist gekr\u00fcmmt und somit zum Verpflanzen weniger geeignet, da es von den Wurzeln abrutschen kann. Die V-f\u00f6rmige Einstechkante dieses Spatens sorgt daf\u00fcr, dass die Wurzeln leichter erfasst und durchtrennt werden k\u00f6nnen. Im Vergleich zu anderen Spaten handelt es sich bei einem Pflanzspaten um ein leichtes Ger\u00e4t.<\/p>\n","protected":false},"featured_media":25735,"comment_status":"closed","ping_status":"closed","template":"","meta":{"inline_featured_image":false,"product_video_url":"","product_360_url":""},"product_brand":[],"product_cat":[158],"product_tag":[494,332,524],"weeds":[],"soil_types":[],"class_list":{"0":"post-52823","1":"product","2":"type-product","3":"status-publish","4":"has-post-thumbnail","6":"product_cat-spaten-2","7":"product_tag-bepflanzung-de-ch","8":"product_tag-graben-de-ch","9":"product_tag-umpflanzen-de-ch","10":"post","12":"first","13":"instock","14":"taxable","15":"shipping-taxable","16":"purchasable","17":"product-type-simple"},"exclude_global_add_ons":false,"addons":[{"name":"Gravur","type":"custom_text","position":0,"required":false,"title_format":"heading","default":"","description_enable":true,"description":"Geben Sie bis zu 50 Zeichen ein.","placeholder_enable":false,"placeholder":"","display":"select","restrictions_type":"any_text","adjust_price":true,"price":"4.92","price_type":"quantity_based","restrictions":true,"min":"1","max":"50","options":[],"id":1684165753}],"_links":{"self":[{"href":"https:\/\/sneeboer.com\/de-ch\/wp-json\/wp\/v2\/product\/52823","targetHints":{"allow":["GET"]}}],"collection":[{"href":"https:\/\/sneeboer.com\/de-ch\/wp-json\/wp\/v2\/product"}],"about":[{"href":"https:\/\/sneeboer.com\/de-ch\/wp-json\/wp\/v2\/types\/product"}],"replies":[{"embeddable":true,"href":"https:\/\/sneeboer.com\/de-ch\/wp-json\/wp\/v2\/comments?post=52823"}],"wp:featuredmedia":[{"embeddable":true,"href":"https:\/\/sneeboer.com\/de-ch\/wp-json\/wp\/v2\/media\/25735"}],"wp:attachment":[{"href":"https:\/\/sneeboer.com\/de-ch\/wp-json\/wp\/v2\/media?parent=52823"}],"wp:term":[{"taxonomy":"product_brand","embeddable":true,"href":"https:\/\/sneeboer.com\/de-ch\/wp-json\/wp\/v2\/product_brand?post=52823"},{"taxonomy":"product_cat","embeddable":true,"href":"https:\/\/sneeboer.com\/de-ch\/wp-json\/wp\/v2\/product_cat?post=52823"},{"taxonomy":"product_tag","embeddable":true,"href":"https:\/\/sneeboer.com\/de-ch\/wp-json\/wp\/v2\/product_tag?post=52823"},{"taxonomy":"weeds","embeddable":true,"href":"https:\/\/sneeboer.com\/de-ch\/wp-json\/wp\/v2\/weeds?post=52823"},{"taxonomy":"soil_types","embeddable":true,"href":"https:\/\/sneeboer.com\/de-ch\/wp-json\/wp\/v2\/soil_types?post=52823"}],"curies":[{"name":"wp","href":"https:\/\/api.w.org\/{rel}","templated":true}]}}