{"id":52787,"date":"2023-05-09T21:01:55","date_gmt":"2023-05-09T19:01:55","guid":{"rendered":"https:\/\/sneeboer.com\/handgesmeed-tuingereedschap\/keltischer-schaufelspaten"},"modified":"2023-09-22T16:24:59","modified_gmt":"2023-09-22T14:24:59","slug":"keltischer-schaufelspaten","status":"publish","type":"product","link":"https:\/\/sneeboer.com\/de-ch\/handgeschmiedete-gartengeraete\/keltischer-schaufelspaten","title":{"rendered":"Torfspaten 30 cm"},"content":{"rendered":"<p>Der Torfspaten ist das perfekte Werkzeug zum m\u00fchelosen Anheben und Bewegen von sperrigen Materialien wie loser Erde oder Sand. Dank des langen Stiels und des speziell geformten, gro\u00dfen Kopfes kann der Spaten leicht mit einer einzigen Bewegung bef\u00fcllt werden, ohne dass er dabei zu schwer wird.<\/p>\n","protected":false},"excerpt":{"rendered":"<p>Der breite Kopf des Torfspatens hat die Form eines Asses aus einem Kartenspiel. Dank des konkaven Querschnitts des Kopfes l\u00e4sst sich viel Material aufnehmen, w\u00e4hrend der Winkel zwischen Klinge und Stiel das Eindringen des Blattes in Haufen von Material erleichtert. Diese Konstruktion erm\u00f6glicht es au\u00dferdem, beim Heben nur die Arme und Beine statt des R\u00fcckens zu beanspruchen. Das Kopfende ist schmaler, flacher und spitzer ausgef\u00fchrt, damit der Spaten leichter in den Boden getrieben werden kann.<\/p>\n","protected":false},"featured_media":25727,"comment_status":"closed","ping_status":"closed","template":"","meta":{"inline_featured_image":false,"product_video_url":"","product_360_url":""},"product_brand":[],"product_cat":[153,158,176],"product_tag":[494,332,504,524],"weeds":[],"soil_types":[],"class_list":{"0":"post-52787","1":"product","2":"type-product","3":"status-publish","4":"has-post-thumbnail","6":"product_cat-schaufel-2","7":"product_cat-spaten-2","8":"product_cat-spezial-geraete-2","9":"product_tag-bepflanzung-de-ch","10":"product_tag-graben-de-ch","11":"product_tag-schaufeln-de-ch","12":"product_tag-umpflanzen-de-ch","13":"post","15":"first","16":"instock","17":"taxable","18":"shipping-taxable","19":"purchasable","20":"product-type-simple"},"exclude_global_add_ons":false,"addons":[{"name":"Gravur","type":"custom_text","position":0,"required":false,"title_format":"heading","default":"","description_enable":true,"description":"Geben Sie bis zu 50 Zeichen ein.","placeholder_enable":false,"placeholder":"","display":"select","restrictions_type":"any_text","adjust_price":true,"price":"4.92","price_type":"quantity_based","restrictions":true,"min":"1","max":"50","options":[],"id":1684165753}],"_links":{"self":[{"href":"https:\/\/sneeboer.com\/de-ch\/wp-json\/wp\/v2\/product\/52787","targetHints":{"allow":["GET"]}}],"collection":[{"href":"https:\/\/sneeboer.com\/de-ch\/wp-json\/wp\/v2\/product"}],"about":[{"href":"https:\/\/sneeboer.com\/de-ch\/wp-json\/wp\/v2\/types\/product"}],"replies":[{"embeddable":true,"href":"https:\/\/sneeboer.com\/de-ch\/wp-json\/wp\/v2\/comments?post=52787"}],"wp:featuredmedia":[{"embeddable":true,"href":"https:\/\/sneeboer.com\/de-ch\/wp-json\/wp\/v2\/media\/25727"}],"wp:attachment":[{"href":"https:\/\/sneeboer.com\/de-ch\/wp-json\/wp\/v2\/media?parent=52787"}],"wp:term":[{"taxonomy":"product_brand","embeddable":true,"href":"https:\/\/sneeboer.com\/de-ch\/wp-json\/wp\/v2\/product_brand?post=52787"},{"taxonomy":"product_cat","embeddable":true,"href":"https:\/\/sneeboer.com\/de-ch\/wp-json\/wp\/v2\/product_cat?post=52787"},{"taxonomy":"product_tag","embeddable":true,"href":"https:\/\/sneeboer.com\/de-ch\/wp-json\/wp\/v2\/product_tag?post=52787"},{"taxonomy":"weeds","embeddable":true,"href":"https:\/\/sneeboer.com\/de-ch\/wp-json\/wp\/v2\/weeds?post=52787"},{"taxonomy":"soil_types","embeddable":true,"href":"https:\/\/sneeboer.com\/de-ch\/wp-json\/wp\/v2\/soil_types?post=52787"}],"curies":[{"name":"wp","href":"https:\/\/api.w.org\/{rel}","templated":true}]}}