{"id":52616,"date":"2023-05-09T20:50:54","date_gmt":"2023-05-09T18:50:54","guid":{"rendered":"https:\/\/sneeboer.com\/handgesmeed-tuingereedschap\/pflanzstock-2"},"modified":"2023-08-28T15:35:48","modified_gmt":"2023-08-28T13:35:48","slug":"pflanzstock-2","status":"publish","type":"product","link":"https:\/\/sneeboer.com\/de-ch\/handgeschmiedete-gartengeraete\/pflanzstock-2","title":{"rendered":"Pflanzstock"},"content":{"rendered":"<p>Der Eschenholzgriff des Pflanzstocks wird mittels eines traditionellen Verfahrens gebogen, bei dem das Holz unter Dampf erweicht wird. Dies macht den Griff viel stabiler, als wenn er aus einem Brett geschnitten w\u00fcrde. Durch die gebogene Form l\u00e4sst sich mehr Kraft f\u00fcr das Stechen von Pflanzl\u00f6chern aufwenden, ohne dabei die Handgelenke zu belasten. Der Pflanzstock kann sowohl in sandigen als auch in schweren Lehmb\u00f6den verwendet werden und macht das Pflanzen von Samen oder Zwiebeln so einfach wie m\u00f6glich.<\/p>\n","protected":false},"excerpt":{"rendered":"<p>Dieser Pflanzstock ist so konstruiert, dass sich Pflanzl\u00f6cher schnell in der gew\u00fcnschten Tiefe und Breite in den Boden stechen lassen, was ihn besonders bei der Pflanzung von mehreren Samen oder Blumenzwiebeln n\u00fctzlich macht. Dank der ungew\u00f6hnlichen Form ist die Handhabung des Pflanzstocks ein wahres Vergn\u00fcgen. Der Griff aus Kirschholz liegt gut in der Hand und wird mit einer scharfen Spitze aus Edelstahl geliefert. Die fein geschliffene Spitze macht diesen Pflanzstock extrem effektiv, w\u00e4hrend der Griff aus Kirschholz bei Arbeiten im Knien oder Sitzen einen bequemen Halt bietet.<\/p>\n","protected":false},"featured_media":44045,"comment_status":"closed","ping_status":"closed","template":"","meta":{"inline_featured_image":false,"product_video_url":"","product_360_url":""},"product_brand":[],"product_cat":[105,130],"product_tag":[494],"weeds":[],"soil_types":[],"class_list":{"0":"post-52616","1":"product","2":"type-product","3":"status-publish","4":"has-post-thumbnail","6":"product_cat-handgeraete-2","7":"product_cat-pflanzer-2","8":"product_tag-bepflanzung-de-ch","9":"post","11":"first","12":"instock","13":"taxable","14":"shipping-taxable","15":"purchasable","16":"product-type-simple"},"exclude_global_add_ons":false,"addons":[{"name":"Gravur","type":"custom_text","position":0,"required":false,"title_format":"heading","default":"","description_enable":true,"description":"Geben Sie bis zu 50 Zeichen ein.","placeholder_enable":false,"placeholder":"","display":"select","restrictions_type":"any_text","adjust_price":true,"price":"4.92","price_type":"quantity_based","restrictions":true,"min":"1","max":"50","options":[],"id":1684165753}],"_links":{"self":[{"href":"https:\/\/sneeboer.com\/de-ch\/wp-json\/wp\/v2\/product\/52616","targetHints":{"allow":["GET"]}}],"collection":[{"href":"https:\/\/sneeboer.com\/de-ch\/wp-json\/wp\/v2\/product"}],"about":[{"href":"https:\/\/sneeboer.com\/de-ch\/wp-json\/wp\/v2\/types\/product"}],"replies":[{"embeddable":true,"href":"https:\/\/sneeboer.com\/de-ch\/wp-json\/wp\/v2\/comments?post=52616"}],"wp:featuredmedia":[{"embeddable":true,"href":"https:\/\/sneeboer.com\/de-ch\/wp-json\/wp\/v2\/media\/44045"}],"wp:attachment":[{"href":"https:\/\/sneeboer.com\/de-ch\/wp-json\/wp\/v2\/media?parent=52616"}],"wp:term":[{"taxonomy":"product_brand","embeddable":true,"href":"https:\/\/sneeboer.com\/de-ch\/wp-json\/wp\/v2\/product_brand?post=52616"},{"taxonomy":"product_cat","embeddable":true,"href":"https:\/\/sneeboer.com\/de-ch\/wp-json\/wp\/v2\/product_cat?post=52616"},{"taxonomy":"product_tag","embeddable":true,"href":"https:\/\/sneeboer.com\/de-ch\/wp-json\/wp\/v2\/product_tag?post=52616"},{"taxonomy":"weeds","embeddable":true,"href":"https:\/\/sneeboer.com\/de-ch\/wp-json\/wp\/v2\/weeds?post=52616"},{"taxonomy":"soil_types","embeddable":true,"href":"https:\/\/sneeboer.com\/de-ch\/wp-json\/wp\/v2\/soil_types?post=52616"}],"curies":[{"name":"wp","href":"https:\/\/api.w.org\/{rel}","templated":true}]}}