{"id":52481,"date":"2023-05-09T20:42:06","date_gmt":"2023-05-09T18:42:06","guid":{"rendered":"https:\/\/sneeboer.com\/handgesmeed-tuingereedschap\/flache-kelle-2"},"modified":"2023-08-28T15:36:21","modified_gmt":"2023-08-28T13:36:21","slug":"flache-kelle-2","status":"publish","type":"product","link":"https:\/\/sneeboer.com\/de-ch\/handgeschmiedete-gartengeraete\/flache-kelle-2","title":{"rendered":"Flache Kelle"},"content":{"rendered":"<p>Die flache Kelle wird wahlweise mit einem Griff aus Eschenholz oder Kirschholz geliefert.<\/p>\n","protected":false},"excerpt":{"rendered":"<p>Diese flache Kelle weist eine einzigartige, quadratische Form auf, mit der sich unterschiedliche Bodenschichten bearbeiten lassen. Dank dieses Designs eignet sie sich auch zum Ausheben gr\u00f6\u00dferer Pflanzl\u00f6cher. Au\u00dferdem kann sie zum Entfernen von eingewachsenen Wurzeln aus (Terrakotta-)T\u00f6pfen verwendet werden. Aufgrund des flachen Blattes eignet sie sich eher weniger zum Schaufeln von Material.<\/p>\n","protected":false},"featured_media":60905,"comment_status":"closed","ping_status":"closed","template":"","meta":{"inline_featured_image":false,"product_video_url":"","product_360_url":""},"product_brand":[],"product_cat":[105,185],"product_tag":[494,472,332,532],"weeds":[],"soil_types":[],"class_list":{"0":"post-52481","1":"product","2":"type-product","3":"status-publish","4":"has-post-thumbnail","6":"product_cat-handgeraete-2","7":"product_cat-kelle-2","8":"product_tag-bepflanzung-de-ch","9":"product_tag-furchung-de-ch","10":"product_tag-graben-de-ch","11":"product_tag-unkraut-entfernen-de-ch","12":"post","14":"first","15":"instock","16":"taxable","17":"shipping-taxable","18":"purchasable","19":"product-type-simple"},"exclude_global_add_ons":false,"addons":[{"name":"Gravur","type":"custom_text","position":0,"required":false,"title_format":"heading","default":"","description_enable":true,"description":"Geben Sie bis zu 50 Zeichen ein.","placeholder_enable":false,"placeholder":"","display":"select","restrictions_type":"any_text","adjust_price":true,"price":"4.92","price_type":"quantity_based","restrictions":true,"min":"1","max":"50","options":[],"id":1684165753}],"_links":{"self":[{"href":"https:\/\/sneeboer.com\/de-ch\/wp-json\/wp\/v2\/product\/52481","targetHints":{"allow":["GET"]}}],"collection":[{"href":"https:\/\/sneeboer.com\/de-ch\/wp-json\/wp\/v2\/product"}],"about":[{"href":"https:\/\/sneeboer.com\/de-ch\/wp-json\/wp\/v2\/types\/product"}],"replies":[{"embeddable":true,"href":"https:\/\/sneeboer.com\/de-ch\/wp-json\/wp\/v2\/comments?post=52481"}],"wp:featuredmedia":[{"embeddable":true,"href":"https:\/\/sneeboer.com\/de-ch\/wp-json\/wp\/v2\/media\/60905"}],"wp:attachment":[{"href":"https:\/\/sneeboer.com\/de-ch\/wp-json\/wp\/v2\/media?parent=52481"}],"wp:term":[{"taxonomy":"product_brand","embeddable":true,"href":"https:\/\/sneeboer.com\/de-ch\/wp-json\/wp\/v2\/product_brand?post=52481"},{"taxonomy":"product_cat","embeddable":true,"href":"https:\/\/sneeboer.com\/de-ch\/wp-json\/wp\/v2\/product_cat?post=52481"},{"taxonomy":"product_tag","embeddable":true,"href":"https:\/\/sneeboer.com\/de-ch\/wp-json\/wp\/v2\/product_tag?post=52481"},{"taxonomy":"weeds","embeddable":true,"href":"https:\/\/sneeboer.com\/de-ch\/wp-json\/wp\/v2\/weeds?post=52481"},{"taxonomy":"soil_types","embeddable":true,"href":"https:\/\/sneeboer.com\/de-ch\/wp-json\/wp\/v2\/soil_types?post=52481"}],"curies":[{"name":"wp","href":"https:\/\/api.w.org\/{rel}","templated":true}]}}