{"id":52445,"date":"2023-05-09T20:39:50","date_gmt":"2023-05-09T18:39:50","guid":{"rendered":"https:\/\/sneeboer.com\/handgesmeed-tuingereedschap\/helmantel-pflanzkelle"},"modified":"2023-09-22T16:26:01","modified_gmt":"2023-09-22T14:26:01","slug":"helmantel-pflanzkelle","status":"publish","type":"product","link":"https:\/\/sneeboer.com\/de-ch\/handgeschmiedete-gartengeraete\/helmantel-pflanzkelle","title":{"rendered":"Helmantel-Pflanzkelle"},"content":{"rendered":"<p>Die Helmantel-Pflanzkelle wurde auf Wunsch von Jasper Helmantel entworfen, einem niederl\u00e4ndischen Pflanzenz\u00fcchter, Gartengestalter und Inhaber der G\u00e4rtnereien \u201ede Cruydthoeck\u201c und \u201ede Heliant\u201c. Die Helmantel-Pflanzkelle ist das ideale Werkzeug f\u00fcr Profi- und Hobbyg\u00e4rtner, die gerne auf den Knien arbeiten, um junge Pflanzen in ihre Beete zu pflanzen.<\/p>\n","protected":false},"excerpt":{"rendered":"<p>Die Helmantel-Pflanzkelle verf\u00fcgt \u00fcber ein langes, scharfes Blatt, das in einem 90-Grad-Winkel zum Griff angebracht ist. Dank dieser Form kann die Helmantel-Pflanzkelle m\u00fchelos in den Boden eindringen, um Pflanzl\u00f6cher zu graben, Furchen anzulegen oder Setzlinge in ein Pflanzbeet zu pflanzen.<\/p>\n","protected":false},"featured_media":25819,"comment_status":"closed","ping_status":"closed","template":"","meta":{"inline_featured_image":false,"product_video_url":"","product_360_url":""},"product_brand":[],"product_cat":[105,185],"product_tag":[494,332,524],"weeds":[],"soil_types":[],"class_list":{"0":"post-52445","1":"product","2":"type-product","3":"status-publish","4":"has-post-thumbnail","6":"product_cat-handgeraete-2","7":"product_cat-kelle-2","8":"product_tag-bepflanzung-de-ch","9":"product_tag-graben-de-ch","10":"product_tag-umpflanzen-de-ch","11":"post","13":"first","14":"instock","15":"taxable","16":"shipping-taxable","17":"purchasable","18":"product-type-simple"},"exclude_global_add_ons":false,"addons":[{"name":"Gravur","type":"custom_text","position":0,"required":false,"title_format":"heading","default":"","description_enable":true,"description":"Geben Sie bis zu 50 Zeichen ein.","placeholder_enable":false,"placeholder":"","display":"select","restrictions_type":"any_text","adjust_price":true,"price":"4.92","price_type":"quantity_based","restrictions":true,"min":"1","max":"50","options":[],"id":1684165753}],"_links":{"self":[{"href":"https:\/\/sneeboer.com\/de-ch\/wp-json\/wp\/v2\/product\/52445","targetHints":{"allow":["GET"]}}],"collection":[{"href":"https:\/\/sneeboer.com\/de-ch\/wp-json\/wp\/v2\/product"}],"about":[{"href":"https:\/\/sneeboer.com\/de-ch\/wp-json\/wp\/v2\/types\/product"}],"replies":[{"embeddable":true,"href":"https:\/\/sneeboer.com\/de-ch\/wp-json\/wp\/v2\/comments?post=52445"}],"wp:featuredmedia":[{"embeddable":true,"href":"https:\/\/sneeboer.com\/de-ch\/wp-json\/wp\/v2\/media\/25819"}],"wp:attachment":[{"href":"https:\/\/sneeboer.com\/de-ch\/wp-json\/wp\/v2\/media?parent=52445"}],"wp:term":[{"taxonomy":"product_brand","embeddable":true,"href":"https:\/\/sneeboer.com\/de-ch\/wp-json\/wp\/v2\/product_brand?post=52445"},{"taxonomy":"product_cat","embeddable":true,"href":"https:\/\/sneeboer.com\/de-ch\/wp-json\/wp\/v2\/product_cat?post=52445"},{"taxonomy":"product_tag","embeddable":true,"href":"https:\/\/sneeboer.com\/de-ch\/wp-json\/wp\/v2\/product_tag?post=52445"},{"taxonomy":"weeds","embeddable":true,"href":"https:\/\/sneeboer.com\/de-ch\/wp-json\/wp\/v2\/weeds?post=52445"},{"taxonomy":"soil_types","embeddable":true,"href":"https:\/\/sneeboer.com\/de-ch\/wp-json\/wp\/v2\/soil_types?post=52445"}],"curies":[{"name":"wp","href":"https:\/\/api.w.org\/{rel}","templated":true}]}}