{"id":52436,"date":"2023-05-09T20:39:18","date_gmt":"2023-05-09T18:39:18","guid":{"rendered":"https:\/\/sneeboer.com\/handgesmeed-tuingereedschap\/tissot-kelle-2"},"modified":"2023-09-22T16:26:04","modified_gmt":"2023-09-22T14:26:04","slug":"tissot-kelle-2","status":"publish","type":"product","link":"https:\/\/sneeboer.com\/de-ch\/handgeschmiedete-gartengeraete\/tissot-kelle-2","title":{"rendered":"Tissot-Kelle"},"content":{"rendered":"<p>Die Tissot-Kelle ist nach Gabrielle Tissot benannt, die sich mit der Bitte um die Entwicklung einer kleineren, handlicheren Version des Pflanzspatens an Sneeboer wandte. Sie war auf der Suche nach einem Ger\u00e4t, mit dem sie bei Arbeiten in Bodenn\u00e4he Pflanzen einfach teilen und verpflanzen konnte \u2013 und das Ergebnis ist diese nach ihr benannte Kelle! Die Tissot-Kelle ist mit einem Griff aus Eschen- oder Kirschholz erh\u00e4ltlich.<\/p>\n","protected":false},"excerpt":{"rendered":"<p>Das Design der Tissot-Kelle macht sie zum idealen Werkzeug f\u00fcr das Umpflanzen von kleinen Pflanzen und Gew\u00e4chsen. Das scharfe, V-f\u00f6rmige Blatt eignet sich perfekt zum Ausgraben von tief wurzelnden Pflanzen in harten B\u00f6den und ist dank seiner kleinen, handlichen Gr\u00f6\u00dfe pr\u00e4zise in der Anwendung. So k\u00f6nnen Sie m\u00fchelos innerhalb und zwischen den Pflanzen arbeiten, ohne diese zu besch\u00e4digen.<\/p>\n","protected":false},"featured_media":25817,"comment_status":"closed","ping_status":"closed","template":"","meta":{"inline_featured_image":false,"product_video_url":"","product_360_url":""},"product_brand":[],"product_cat":[105,185],"product_tag":[494,500,332,524],"weeds":[],"soil_types":[],"class_list":{"0":"post-52436","1":"product","2":"type-product","3":"status-publish","4":"has-post-thumbnail","6":"product_cat-handgeraete-2","7":"product_cat-kelle-2","8":"product_tag-bepflanzung-de-ch","9":"product_tag-eintopfen-de-ch","10":"product_tag-graben-de-ch","11":"product_tag-umpflanzen-de-ch","12":"post","14":"first","15":"instock","16":"taxable","17":"shipping-taxable","18":"purchasable","19":"product-type-simple"},"exclude_global_add_ons":false,"addons":[{"name":"Gravur","type":"custom_text","position":0,"required":false,"title_format":"heading","default":"","description_enable":true,"description":"Geben Sie bis zu 50 Zeichen ein.","placeholder_enable":false,"placeholder":"","display":"select","restrictions_type":"any_text","adjust_price":true,"price":"4.92","price_type":"quantity_based","restrictions":true,"min":"1","max":"50","options":[],"id":1684165753}],"_links":{"self":[{"href":"https:\/\/sneeboer.com\/de-ch\/wp-json\/wp\/v2\/product\/52436","targetHints":{"allow":["GET"]}}],"collection":[{"href":"https:\/\/sneeboer.com\/de-ch\/wp-json\/wp\/v2\/product"}],"about":[{"href":"https:\/\/sneeboer.com\/de-ch\/wp-json\/wp\/v2\/types\/product"}],"replies":[{"embeddable":true,"href":"https:\/\/sneeboer.com\/de-ch\/wp-json\/wp\/v2\/comments?post=52436"}],"wp:featuredmedia":[{"embeddable":true,"href":"https:\/\/sneeboer.com\/de-ch\/wp-json\/wp\/v2\/media\/25817"}],"wp:attachment":[{"href":"https:\/\/sneeboer.com\/de-ch\/wp-json\/wp\/v2\/media?parent=52436"}],"wp:term":[{"taxonomy":"product_brand","embeddable":true,"href":"https:\/\/sneeboer.com\/de-ch\/wp-json\/wp\/v2\/product_brand?post=52436"},{"taxonomy":"product_cat","embeddable":true,"href":"https:\/\/sneeboer.com\/de-ch\/wp-json\/wp\/v2\/product_cat?post=52436"},{"taxonomy":"product_tag","embeddable":true,"href":"https:\/\/sneeboer.com\/de-ch\/wp-json\/wp\/v2\/product_tag?post=52436"},{"taxonomy":"weeds","embeddable":true,"href":"https:\/\/sneeboer.com\/de-ch\/wp-json\/wp\/v2\/weeds?post=52436"},{"taxonomy":"soil_types","embeddable":true,"href":"https:\/\/sneeboer.com\/de-ch\/wp-json\/wp\/v2\/soil_types?post=52436"}],"curies":[{"name":"wp","href":"https:\/\/api.w.org\/{rel}","templated":true}]}}