{"id":52373,"date":"2023-05-09T20:35:22","date_gmt":"2023-05-09T18:35:22","guid":{"rendered":"https:\/\/sneeboer.com\/handgesmeed-tuingereedschap\/great-dixter-stauden-spaten"},"modified":"2023-08-28T15:36:45","modified_gmt":"2023-08-28T13:36:45","slug":"great-dixter-stauden-spaten","status":"publish","type":"product","link":"https:\/\/sneeboer.com\/de-ch\/handgeschmiedete-gartengeraete\/great-dixter-stauden-spaten","title":{"rendered":"Great Dixter Stauden Spaten"},"content":{"rendered":"<p>Das geschmiedete Blatt des kleinen Spitzspatens \u201eGreat Dixter\u201c ist beidseitig gesch\u00e4rft und zu einer Spitze ausgeformt, so dass es sich sehr leicht in den Boden treiben l\u00e4sst. Durch das V-f\u00f6rmige Blatt eignet sich der kleine Spitzspaten \u201eGreat Dixter\u201c besser zum Graben von L\u00f6chern und zum Schaufeln von Material als ein herk\u00f6mmlicher Staudenspaten. Die kurze L\u00e4nge dieses kleinen Spitzspatens von insgesamt nur 57 cm macht ihn zum perfekten Werkzeug f\u00fcr pr\u00e4zises Arbeiten auf Knien. Dieser Spaten ist eine kleinere Version des Spitzspatens von Sneeboer. Er eignet sich gleicherma\u00dfen zum Teilen von Str\u00e4uchern, zum Ausheben von Blumenzwiebeln, zum Graben von Pflanzl\u00f6chern und f\u00fcr Arbeiten in Bereichen, in denen ein gro\u00dfer Spaten zu schwerf\u00e4llig w\u00e4re. Der kleine Spitzspaten \u201eGreat Dixter\u201c wird mit einem 42 cm langen T-Griff aus Eschenholz geliefert. <\/p>\n<p>Der kleine Spitzspaten \u201eGreat Dixter\u201c wurde nach den genauen Vorgaben von Fergus Garrett, dem Chefg\u00e4rtner von Great Dixter, entworfen. Dieser Spitzspaten ist Teil einer besonderen Kollektion von Werkzeugen \u2013 und wir haben das Privileg, diese unter dem Namen \u201eGreat Dixter\u201c verkaufen zu d\u00fcrfen. Sneeboer ist weltweit der einzige Hersteller von Gartenger\u00e4ten, der diesen Namen in seiner Produktpalette verwenden darf. Mit jedem Verkauf eines Great Dixter-Ger\u00e4ts spendet Sneeboer einen Teil des Erl\u00f6ses an den Great Dixter Charitable Trust. Wir bei Sneeboer sind gl\u00fccklich und stolz darauf, dass wir einen Beitrag zu diesem herausragenden Beispiel englischen Kulturerbes leisten k\u00f6nnen.<\/p>\n","protected":false},"excerpt":{"rendered":"<p>Dieser klassische Spitzspaten ist seit mehreren Generationen Teil der Gartenger\u00e4t-Kollektion von Sneeboer. Der Spitzspaten ist zum Teilen von Stauden und zum Ausheben von Pflanzl\u00f6chern bei Arbeiten in Bodenn\u00e4he gedacht. Dies macht den Spitzspaten zu einer willkommenen und n\u00fctzlichen Erg\u00e4nzung f\u00fcr jeden Garten.<\/p>\n","protected":false},"featured_media":63127,"comment_status":"closed","ping_status":"closed","template":"","meta":{"inline_featured_image":false,"product_video_url":"","product_360_url":""},"product_brand":[],"product_cat":[417,158],"product_tag":[494,500,332,296,524],"weeds":[],"soil_types":[],"class_list":{"0":"post-52373","1":"product","2":"type-product","3":"status-publish","4":"has-post-thumbnail","6":"product_cat-great-dixter-de-ch","7":"product_cat-spaten-2","8":"product_tag-bepflanzung-de-ch","9":"product_tag-eintopfen-de-ch","10":"product_tag-graben-de-ch","11":"product_tag-planten","12":"product_tag-umpflanzen-de-ch","13":"post","15":"first","16":"instock","17":"taxable","18":"shipping-taxable","19":"purchasable","20":"product-type-simple"},"exclude_global_add_ons":false,"addons":[{"name":"Gravur","type":"custom_text","position":0,"required":false,"title_format":"heading","default":"","description_enable":true,"description":"Geben Sie bis zu 50 Zeichen ein.","placeholder_enable":false,"placeholder":"","display":"select","restrictions_type":"any_text","adjust_price":true,"price":"4.92","price_type":"quantity_based","restrictions":true,"min":"1","max":"50","options":[],"id":1684165753}],"_links":{"self":[{"href":"https:\/\/sneeboer.com\/de-ch\/wp-json\/wp\/v2\/product\/52373","targetHints":{"allow":["GET"]}}],"collection":[{"href":"https:\/\/sneeboer.com\/de-ch\/wp-json\/wp\/v2\/product"}],"about":[{"href":"https:\/\/sneeboer.com\/de-ch\/wp-json\/wp\/v2\/types\/product"}],"replies":[{"embeddable":true,"href":"https:\/\/sneeboer.com\/de-ch\/wp-json\/wp\/v2\/comments?post=52373"}],"wp:featuredmedia":[{"embeddable":true,"href":"https:\/\/sneeboer.com\/de-ch\/wp-json\/wp\/v2\/media\/63127"}],"wp:attachment":[{"href":"https:\/\/sneeboer.com\/de-ch\/wp-json\/wp\/v2\/media?parent=52373"}],"wp:term":[{"taxonomy":"product_brand","embeddable":true,"href":"https:\/\/sneeboer.com\/de-ch\/wp-json\/wp\/v2\/product_brand?post=52373"},{"taxonomy":"product_cat","embeddable":true,"href":"https:\/\/sneeboer.com\/de-ch\/wp-json\/wp\/v2\/product_cat?post=52373"},{"taxonomy":"product_tag","embeddable":true,"href":"https:\/\/sneeboer.com\/de-ch\/wp-json\/wp\/v2\/product_tag?post=52373"},{"taxonomy":"weeds","embeddable":true,"href":"https:\/\/sneeboer.com\/de-ch\/wp-json\/wp\/v2\/weeds?post=52373"},{"taxonomy":"soil_types","embeddable":true,"href":"https:\/\/sneeboer.com\/de-ch\/wp-json\/wp\/v2\/soil_types?post=52373"}],"curies":[{"name":"wp","href":"https:\/\/api.w.org\/{rel}","templated":true}]}}