{"id":52364,"date":"2023-05-09T20:34:50","date_gmt":"2023-05-09T18:34:50","guid":{"rendered":"https:\/\/sneeboer.com\/handgesmeed-tuingereedschap\/kleine-schmaler-spitzspaten"},"modified":"2023-08-28T15:36:47","modified_gmt":"2023-08-28T13:36:47","slug":"kleine-schmaler-spitzspaten","status":"publish","type":"product","link":"https:\/\/sneeboer.com\/de-ch\/handgeschmiedete-gartengeraete\/kleine-schmaler-spitzspaten","title":{"rendered":"Kleine schmaler Spitzspaten"},"content":{"rendered":"<p>Da das geschmiedete Blatt des Staudenspatens beidseitig gesch\u00e4rft und zu einer Spitze ausgeformt ist, l\u00e4sst es sich sehr leicht in den Boden treiben. Die kurze L\u00e4nge des Staudenspatens von insgesamt nur 57 cm macht ihn zum perfekten Werkzeug f\u00fcr pr\u00e4zises Arbeiten auf Knien. Dieser Staudenspaten ist eine kleinere Version des Spitzspatens von Sneeboer. Er eignet sich gleicherma\u00dfen zum Teilen von Str\u00e4uchern, zum Ausheben von Blumenzwiebeln, zum Graben von Pflanzl\u00f6chern und f\u00fcr Arbeiten in Bereichen, in denen ein gro\u00dfer Spaten zu schwerf\u00e4llig w\u00e4re. Der Staudenspaten wird mit einem 42 cm langen Stiel aus Eschenholz geliefert.<\/p>\n","protected":false},"excerpt":{"rendered":"<p>Dieser klassische Stauden-\/Erdbeerspaten ist seit mehreren Generationen Teil der Gartenger\u00e4t-Kollektion von Sneeboer. Der Staudenspaten ist zum Teilen von Stauden und zum Ausheben von Pflanzl\u00f6chern bei Arbeiten in Bodenn\u00e4he gedacht. Dies macht ihn zu einer willkommenen und n\u00fctzlichen Erg\u00e4nzung f\u00fcr jeden Garten. Diese Variante des Staudenspatens hat ein schmaleres Blatt, wodurch sie sich ideal f\u00fcr pr\u00e4zises Arbeiten in Bodenn\u00e4he und in kompakteren Bodenarten eignet.<\/p>\n","protected":false},"featured_media":25887,"comment_status":"closed","ping_status":"closed","template":"","meta":{"inline_featured_image":false,"product_video_url":"","product_360_url":""},"product_brand":[],"product_cat":[158],"product_tag":[494,332,524],"weeds":[],"soil_types":[],"class_list":{"0":"post-52364","1":"product","2":"type-product","3":"status-publish","4":"has-post-thumbnail","6":"product_cat-spaten-2","7":"product_tag-bepflanzung-de-ch","8":"product_tag-graben-de-ch","9":"product_tag-umpflanzen-de-ch","10":"post","12":"first","13":"instock","14":"taxable","15":"shipping-taxable","16":"purchasable","17":"product-type-simple"},"exclude_global_add_ons":false,"addons":[{"name":"Gravur","type":"custom_text","position":0,"required":false,"title_format":"heading","default":"","description_enable":true,"description":"Geben Sie bis zu 50 Zeichen ein.","placeholder_enable":false,"placeholder":"","display":"select","restrictions_type":"any_text","adjust_price":true,"price":"4.92","price_type":"quantity_based","restrictions":true,"min":"1","max":"50","options":[],"id":1684165753}],"_links":{"self":[{"href":"https:\/\/sneeboer.com\/de-ch\/wp-json\/wp\/v2\/product\/52364","targetHints":{"allow":["GET"]}}],"collection":[{"href":"https:\/\/sneeboer.com\/de-ch\/wp-json\/wp\/v2\/product"}],"about":[{"href":"https:\/\/sneeboer.com\/de-ch\/wp-json\/wp\/v2\/types\/product"}],"replies":[{"embeddable":true,"href":"https:\/\/sneeboer.com\/de-ch\/wp-json\/wp\/v2\/comments?post=52364"}],"wp:featuredmedia":[{"embeddable":true,"href":"https:\/\/sneeboer.com\/de-ch\/wp-json\/wp\/v2\/media\/25887"}],"wp:attachment":[{"href":"https:\/\/sneeboer.com\/de-ch\/wp-json\/wp\/v2\/media?parent=52364"}],"wp:term":[{"taxonomy":"product_brand","embeddable":true,"href":"https:\/\/sneeboer.com\/de-ch\/wp-json\/wp\/v2\/product_brand?post=52364"},{"taxonomy":"product_cat","embeddable":true,"href":"https:\/\/sneeboer.com\/de-ch\/wp-json\/wp\/v2\/product_cat?post=52364"},{"taxonomy":"product_tag","embeddable":true,"href":"https:\/\/sneeboer.com\/de-ch\/wp-json\/wp\/v2\/product_tag?post=52364"},{"taxonomy":"weeds","embeddable":true,"href":"https:\/\/sneeboer.com\/de-ch\/wp-json\/wp\/v2\/weeds?post=52364"},{"taxonomy":"soil_types","embeddable":true,"href":"https:\/\/sneeboer.com\/de-ch\/wp-json\/wp\/v2\/soil_types?post=52364"}],"curies":[{"name":"wp","href":"https:\/\/api.w.org\/{rel}","templated":true}]}}