{"id":52346,"date":"2023-05-09T20:29:06","date_gmt":"2023-05-09T18:29:06","guid":{"rendered":"https:\/\/sneeboer.com\/handgesmeed-tuingereedschap\/kappenkelle"},"modified":"2023-09-22T16:26:18","modified_gmt":"2023-09-22T14:26:18","slug":"kappenkelle","status":"publish","type":"product","link":"https:\/\/sneeboer.com\/de-ch\/handgeschmiedete-gartengeraete\/kappenkelle","title":{"rendered":"Kappe-Kelle"},"content":{"rendered":"<p>Im Gegensatz zur Blumenkelle ist das Blatt der Kappe-Kelle am Ende nicht verj\u00fcngt, wodurch sie sich besser zum Aufnehmen gr\u00f6\u00dferer Mengen von losem Material wie Erde, Sand oder Holzsp\u00e4nen eignet.<\/p>\n","protected":false},"excerpt":{"rendered":"<p>Bei der Kappe-Kelle handelt es sich um ein vielseitiges Werkzeug, das jedem G\u00e4rtner n\u00fctzlich ist. Das scharfe und starke Blatt ist extra breit und durchdringt leicht den Boden, so dass Sie m\u00fchelos und mit Pr\u00e4zision Pflanzl\u00f6cher ausheben, Material schaufeln oder Wurzeln durchtrennen k\u00f6nnen.<\/p>\n","protected":false},"featured_media":25883,"comment_status":"closed","ping_status":"closed","template":"","meta":{"inline_featured_image":false,"product_video_url":"","product_360_url":""},"product_brand":[],"product_cat":[105,185],"product_tag":[494,500,332],"weeds":[],"soil_types":[],"class_list":{"0":"post-52346","1":"product","2":"type-product","3":"status-publish","4":"has-post-thumbnail","6":"product_cat-handgeraete-2","7":"product_cat-kelle-2","8":"product_tag-bepflanzung-de-ch","9":"product_tag-eintopfen-de-ch","10":"product_tag-graben-de-ch","11":"post","13":"first","14":"instock","15":"taxable","16":"shipping-taxable","17":"purchasable","18":"product-type-simple"},"exclude_global_add_ons":false,"addons":[{"name":"Gravur","type":"custom_text","position":0,"required":false,"title_format":"heading","default":"","description_enable":true,"description":"Geben Sie bis zu 50 Zeichen ein.","placeholder_enable":false,"placeholder":"","display":"select","restrictions_type":"any_text","adjust_price":true,"price":"4.92","price_type":"quantity_based","restrictions":true,"min":"1","max":"50","options":[],"id":1684165753}],"_links":{"self":[{"href":"https:\/\/sneeboer.com\/de-ch\/wp-json\/wp\/v2\/product\/52346","targetHints":{"allow":["GET"]}}],"collection":[{"href":"https:\/\/sneeboer.com\/de-ch\/wp-json\/wp\/v2\/product"}],"about":[{"href":"https:\/\/sneeboer.com\/de-ch\/wp-json\/wp\/v2\/types\/product"}],"replies":[{"embeddable":true,"href":"https:\/\/sneeboer.com\/de-ch\/wp-json\/wp\/v2\/comments?post=52346"}],"wp:featuredmedia":[{"embeddable":true,"href":"https:\/\/sneeboer.com\/de-ch\/wp-json\/wp\/v2\/media\/25883"}],"wp:attachment":[{"href":"https:\/\/sneeboer.com\/de-ch\/wp-json\/wp\/v2\/media?parent=52346"}],"wp:term":[{"taxonomy":"product_brand","embeddable":true,"href":"https:\/\/sneeboer.com\/de-ch\/wp-json\/wp\/v2\/product_brand?post=52346"},{"taxonomy":"product_cat","embeddable":true,"href":"https:\/\/sneeboer.com\/de-ch\/wp-json\/wp\/v2\/product_cat?post=52346"},{"taxonomy":"product_tag","embeddable":true,"href":"https:\/\/sneeboer.com\/de-ch\/wp-json\/wp\/v2\/product_tag?post=52346"},{"taxonomy":"weeds","embeddable":true,"href":"https:\/\/sneeboer.com\/de-ch\/wp-json\/wp\/v2\/weeds?post=52346"},{"taxonomy":"soil_types","embeddable":true,"href":"https:\/\/sneeboer.com\/de-ch\/wp-json\/wp\/v2\/soil_types?post=52346"}],"curies":[{"name":"wp","href":"https:\/\/api.w.org\/{rel}","templated":true}]}}