{"id":52123,"date":"2023-05-09T20:14:46","date_gmt":"2023-05-09T18:14:46","guid":{"rendered":"https:\/\/sneeboer.com\/handgesmeed-tuingereedschap\/grabengabel-6z"},"modified":"2023-08-28T15:37:41","modified_gmt":"2023-08-28T13:37:41","slug":"grabengabel-6z","status":"publish","type":"product","link":"https:\/\/sneeboer.com\/de-ch\/handgeschmiedete-gartengeraete\/grabengabel-6z","title":{"rendered":"Grabengabel 6z"},"content":{"rendered":"<p>Um ein aufrechtes Arbeiten zu erm\u00f6glichen, verf\u00fcgt die Blumenzwiebelgabel \u00fcber einen 90 cm langen Eschenstiel. Mit der Blumenzwiebelgabel mit sechs Zinken lassen sich auch dicht beieinander wachsende Pflanzen wie R\u00fcben, Zwiebeln, Kartoffeln und M\u00f6hren bequem ernten.<\/p>\n","protected":false},"excerpt":{"rendered":"<p>Diese klassische Gabel mit sechs Zinken ist f\u00fcr den Anbau von Blumenzwiebeln gedacht und wird bereits seit Jahrzehnten hergestellt. Die R\u00fcckseiten der sechs Zinken sind V-f\u00f6rmig ausgearbeitet, w\u00e4hrend die Vorderseiten flach sind. Dies erm\u00f6glicht ein leichtes Eindringen in den Boden und das Ernten von Zwiebeln und anderen Feldfr\u00fcchten.<\/p>\n","protected":false},"featured_media":25917,"comment_status":"closed","ping_status":"closed","template":"","meta":{"inline_featured_image":false,"product_video_url":"","product_360_url":""},"product_brand":[],"product_cat":[194],"product_tag":[494,500,488,332],"weeds":[],"soil_types":[],"class_list":{"0":"post-52123","1":"product","2":"type-product","3":"status-publish","4":"has-post-thumbnail","6":"product_cat-gabel-2","7":"product_tag-bepflanzung-de-ch","8":"product_tag-eintopfen-de-ch","9":"product_tag-ernten-de-ch","10":"product_tag-graben-de-ch","11":"post","13":"first","14":"outofstock","15":"taxable","16":"shipping-taxable","17":"purchasable","18":"product-type-simple"},"exclude_global_add_ons":false,"addons":[{"name":"Gravur","type":"custom_text","position":0,"required":false,"title_format":"heading","default":"","description_enable":true,"description":"Geben Sie bis zu 50 Zeichen ein.","placeholder_enable":false,"placeholder":"","display":"select","restrictions_type":"any_text","adjust_price":true,"price":"4.92","price_type":"quantity_based","restrictions":true,"min":"1","max":"50","options":[],"id":1684165753}],"_links":{"self":[{"href":"https:\/\/sneeboer.com\/de-ch\/wp-json\/wp\/v2\/product\/52123","targetHints":{"allow":["GET"]}}],"collection":[{"href":"https:\/\/sneeboer.com\/de-ch\/wp-json\/wp\/v2\/product"}],"about":[{"href":"https:\/\/sneeboer.com\/de-ch\/wp-json\/wp\/v2\/types\/product"}],"replies":[{"embeddable":true,"href":"https:\/\/sneeboer.com\/de-ch\/wp-json\/wp\/v2\/comments?post=52123"}],"wp:featuredmedia":[{"embeddable":true,"href":"https:\/\/sneeboer.com\/de-ch\/wp-json\/wp\/v2\/media\/25917"}],"wp:attachment":[{"href":"https:\/\/sneeboer.com\/de-ch\/wp-json\/wp\/v2\/media?parent=52123"}],"wp:term":[{"taxonomy":"product_brand","embeddable":true,"href":"https:\/\/sneeboer.com\/de-ch\/wp-json\/wp\/v2\/product_brand?post=52123"},{"taxonomy":"product_cat","embeddable":true,"href":"https:\/\/sneeboer.com\/de-ch\/wp-json\/wp\/v2\/product_cat?post=52123"},{"taxonomy":"product_tag","embeddable":true,"href":"https:\/\/sneeboer.com\/de-ch\/wp-json\/wp\/v2\/product_tag?post=52123"},{"taxonomy":"weeds","embeddable":true,"href":"https:\/\/sneeboer.com\/de-ch\/wp-json\/wp\/v2\/weeds?post=52123"},{"taxonomy":"soil_types","embeddable":true,"href":"https:\/\/sneeboer.com\/de-ch\/wp-json\/wp\/v2\/soil_types?post=52123"}],"curies":[{"name":"wp","href":"https:\/\/api.w.org\/{rel}","templated":true}]}}