{"id":52024,"date":"2023-05-09T20:09:06","date_gmt":"2023-05-09T18:09:06","guid":{"rendered":"https:\/\/sneeboer.com\/handgesmeed-tuingereedschap\/gabel-und-feldhacke"},"modified":"2023-09-22T16:26:53","modified_gmt":"2023-09-22T14:26:53","slug":"gabel-und-feldhacke","status":"publish","type":"product","link":"https:\/\/sneeboer.com\/de-ch\/handgeschmiedete-gartengeraete\/gabel-und-feldhacke","title":{"rendered":"Gartenhacke"},"content":{"rendered":"<p>Aufgrund ihrer Gr\u00f6\u00dfe l\u00e4sst es sich mit der Gartenhacke auch in dicht bepflanzten Beeten pr\u00e4zise arbeiten, ohne dabei die umliegenden Pflanzen zu besch\u00e4digen. Die Gartenhacke wird mit einem Griff aus Eschen- oder Kirschholz geliefert.<\/p>\n","protected":false},"excerpt":{"rendered":"<p>Die Gartenhacke vereint ein scharfes Blatt mit einer robusten, zweizinkigen Gabel. Mit dieser Ger\u00e4tekombination kann der Boden bearbeitet und von Unkraut befreit werden, ohne dass das Werkzeug gewechselt werden muss. Diese kleinere Version der Kombihacke eignet sich besonders gut f\u00fcr sehr kompakte B\u00f6den.<\/p>\n","protected":false},"featured_media":25971,"comment_status":"closed","ping_status":"closed","template":"","meta":{"inline_featured_image":false,"product_video_url":"","product_360_url":""},"product_brand":[],"product_cat":[194,105],"product_tag":[332,532],"weeds":[],"soil_types":[],"class_list":{"0":"post-52024","1":"product","2":"type-product","3":"status-publish","4":"has-post-thumbnail","6":"product_cat-gabel-2","7":"product_cat-handgeraete-2","8":"product_tag-graben-de-ch","9":"product_tag-unkraut-entfernen-de-ch","10":"post","12":"first","13":"instock","14":"taxable","15":"shipping-taxable","16":"purchasable","17":"product-type-simple"},"exclude_global_add_ons":false,"addons":[{"name":"Gravur","type":"custom_text","position":0,"required":false,"title_format":"heading","default":"","description_enable":true,"description":"Geben Sie bis zu 50 Zeichen ein.","placeholder_enable":false,"placeholder":"","display":"select","restrictions_type":"any_text","adjust_price":true,"price":"4.92","price_type":"quantity_based","restrictions":true,"min":"1","max":"50","options":[],"id":1684165753}],"_links":{"self":[{"href":"https:\/\/sneeboer.com\/de-ch\/wp-json\/wp\/v2\/product\/52024","targetHints":{"allow":["GET"]}}],"collection":[{"href":"https:\/\/sneeboer.com\/de-ch\/wp-json\/wp\/v2\/product"}],"about":[{"href":"https:\/\/sneeboer.com\/de-ch\/wp-json\/wp\/v2\/types\/product"}],"replies":[{"embeddable":true,"href":"https:\/\/sneeboer.com\/de-ch\/wp-json\/wp\/v2\/comments?post=52024"}],"wp:featuredmedia":[{"embeddable":true,"href":"https:\/\/sneeboer.com\/de-ch\/wp-json\/wp\/v2\/media\/25971"}],"wp:attachment":[{"href":"https:\/\/sneeboer.com\/de-ch\/wp-json\/wp\/v2\/media?parent=52024"}],"wp:term":[{"taxonomy":"product_brand","embeddable":true,"href":"https:\/\/sneeboer.com\/de-ch\/wp-json\/wp\/v2\/product_brand?post=52024"},{"taxonomy":"product_cat","embeddable":true,"href":"https:\/\/sneeboer.com\/de-ch\/wp-json\/wp\/v2\/product_cat?post=52024"},{"taxonomy":"product_tag","embeddable":true,"href":"https:\/\/sneeboer.com\/de-ch\/wp-json\/wp\/v2\/product_tag?post=52024"},{"taxonomy":"weeds","embeddable":true,"href":"https:\/\/sneeboer.com\/de-ch\/wp-json\/wp\/v2\/weeds?post=52024"},{"taxonomy":"soil_types","embeddable":true,"href":"https:\/\/sneeboer.com\/de-ch\/wp-json\/wp\/v2\/soil_types?post=52024"}],"curies":[{"name":"wp","href":"https:\/\/api.w.org\/{rel}","templated":true}]}}