{"id":51961,"date":"2023-05-09T20:05:08","date_gmt":"2023-05-09T18:05:08","guid":{"rendered":"https:\/\/sneeboer.com\/handgesmeed-tuingereedschap\/handgabel-3"},"modified":"2023-08-28T15:38:21","modified_gmt":"2023-08-28T13:38:21","slug":"handgabel-3","status":"publish","type":"product","link":"https:\/\/sneeboer.com\/de-ch\/handgeschmiedete-gartengeraete\/handgabel-3","title":{"rendered":"Handgabel"},"content":{"rendered":"<p>Die Hochbeet-Handgabel ist besonders n\u00fctzlich, wenn es darum geht, Pflanzen in h\u00e4rteren B\u00f6den umzupflanzen, ohne dabei die Wurzeln zu besch\u00e4digen. Sie ist mit einem 22 cm langen Griff aus Kirschholz erh\u00e4ltlich. Statt aus geschwei\u00dftem und geschmiedetem Edelstahl ist dieses Werkzeug vollst\u00e4ndig aus 8 mm starkem Edelstahlblech gefertigt. Die kleineren Handgabeln sind mit verschiedenen Griffen aus Eschen- oder Kirschholz erh\u00e4ltlich.<\/p>\n","protected":false},"excerpt":{"rendered":"<p>Die Hochbeet-Handgabel ist ideal, um unter Unkraut zu gelangen und es mitsamt dem Wurzelwerk aus dem Boden zu l\u00f6sen, sowie um Pflanzen aus T\u00f6pfen oder Beeten zu entfernen, ohne dabei die Wurzeln zu besch\u00e4digen. Die Zinken aus rostfreiem Stahl sind stark genug, um B\u00f6den jeder Art und Beschaffenheit umzugraben und zu bearbeiten. Das clevere Design dieser Handgabel sorgt daf\u00fcr, dass sie stabil, gut ausbalanciert und ergonomisch zu handhaben ist. Bei der Hochbeet-Handgabel handelt es sich um eine gr\u00f6\u00dfere, robustere Version der Handgabel, die sich besser f\u00fcr die Arbeit in h\u00e4rteren und kompakteren Bodenarten eignet.<\/p>\n","protected":false},"featured_media":25957,"comment_status":"closed","ping_status":"closed","template":"","meta":{"inline_featured_image":false,"product_video_url":"","product_360_url":""},"product_brand":[],"product_cat":[194,105],"product_tag":[332,532],"weeds":[],"soil_types":[],"class_list":{"0":"post-51961","1":"product","2":"type-product","3":"status-publish","4":"has-post-thumbnail","6":"product_cat-gabel-2","7":"product_cat-handgeraete-2","8":"product_tag-graben-de-ch","9":"product_tag-unkraut-entfernen-de-ch","10":"post","12":"first","13":"instock","14":"taxable","15":"shipping-taxable","16":"purchasable","17":"product-type-simple"},"exclude_global_add_ons":false,"addons":[{"name":"Gravur","type":"custom_text","position":0,"required":false,"title_format":"heading","default":"","description_enable":true,"description":"Geben Sie bis zu 50 Zeichen ein.","placeholder_enable":false,"placeholder":"","display":"select","restrictions_type":"any_text","adjust_price":true,"price":"4.92","price_type":"quantity_based","restrictions":true,"min":"1","max":"50","options":[],"id":1684165753}],"_links":{"self":[{"href":"https:\/\/sneeboer.com\/de-ch\/wp-json\/wp\/v2\/product\/51961","targetHints":{"allow":["GET"]}}],"collection":[{"href":"https:\/\/sneeboer.com\/de-ch\/wp-json\/wp\/v2\/product"}],"about":[{"href":"https:\/\/sneeboer.com\/de-ch\/wp-json\/wp\/v2\/types\/product"}],"replies":[{"embeddable":true,"href":"https:\/\/sneeboer.com\/de-ch\/wp-json\/wp\/v2\/comments?post=51961"}],"wp:featuredmedia":[{"embeddable":true,"href":"https:\/\/sneeboer.com\/de-ch\/wp-json\/wp\/v2\/media\/25957"}],"wp:attachment":[{"href":"https:\/\/sneeboer.com\/de-ch\/wp-json\/wp\/v2\/media?parent=51961"}],"wp:term":[{"taxonomy":"product_brand","embeddable":true,"href":"https:\/\/sneeboer.com\/de-ch\/wp-json\/wp\/v2\/product_brand?post=51961"},{"taxonomy":"product_cat","embeddable":true,"href":"https:\/\/sneeboer.com\/de-ch\/wp-json\/wp\/v2\/product_cat?post=51961"},{"taxonomy":"product_tag","embeddable":true,"href":"https:\/\/sneeboer.com\/de-ch\/wp-json\/wp\/v2\/product_tag?post=51961"},{"taxonomy":"weeds","embeddable":true,"href":"https:\/\/sneeboer.com\/de-ch\/wp-json\/wp\/v2\/weeds?post=51961"},{"taxonomy":"soil_types","embeddable":true,"href":"https:\/\/sneeboer.com\/de-ch\/wp-json\/wp\/v2\/soil_types?post=51961"}],"curies":[{"name":"wp","href":"https:\/\/api.w.org\/{rel}","templated":true}]}}