{"id":51934,"date":"2023-05-09T20:03:28","date_gmt":"2023-05-09T18:03:28","guid":{"rendered":"https:\/\/sneeboer.com\/handgesmeed-tuingereedschap\/von-lindern-kultivator-2"},"modified":"2023-08-28T15:38:27","modified_gmt":"2023-08-28T13:38:27","slug":"von-lindern-kultivator-2","status":"publish","type":"product","link":"https:\/\/sneeboer.com\/de-ch\/handgeschmiedete-gartengeraete\/von-lindern-kultivator-2","title":{"rendered":"Von Lindern Kultivator"},"content":{"rendered":"<p>Die Eichenblattform des Von-Lindern-Kultivators ist so einfach wie verbl\u00fcffend und macht ihn zu einem ganz besonderen Werkzeug. An jeder der f\u00fcnf Spitzen des Eichenblatts befindet sich ein gerader, scharfer Zinken. Dank dieses Designs eignet er sich hervorragend zum Entfernen von Unkraut in dicht bepflanzten Beeten, zum Wenden und Bearbeiten des Bodens und zum Lockern und L\u00fcften der obersten Bodenschicht. Der Von-Lindern-Kultivator ist mit einem Griff aus Eschen- oder Kirschbaumholz erh\u00e4ltlich.<\/p>\n","protected":false},"excerpt":{"rendered":"<p>Die Eichenblattform dieses Kultivators mit f\u00fcnf Zinken geht auf ein altes englisches Design aus den 1890er Jahren zur\u00fcck. Der Von-Lindern-Kultivator ist ideal, um den Boden umzugraben und die oberste Schicht harter B\u00f6den zu l\u00fcften, ohne dabei andere Pflanzen zu besch\u00e4digen. Dar\u00fcber hinaus ist er auch sehr effektiv, wenn es darum geht, unerw\u00fcnschte Pflanzen an der Oberfl\u00e4che zu j\u00e4ten.<\/p>\n","protected":false},"featured_media":25951,"comment_status":"closed","ping_status":"closed","template":"","meta":{"inline_featured_image":false,"product_video_url":"","product_360_url":""},"product_brand":[],"product_cat":[105,86],"product_tag":[494,500,305,532],"weeds":[],"soil_types":[],"class_list":{"0":"post-51934","1":"product","2":"type-product","3":"status-publish","4":"has-post-thumbnail","6":"product_cat-handgeraete-2","7":"product_cat-kultivator-2","8":"product_tag-bepflanzung-de-ch","9":"product_tag-eintopfen-de-ch","10":"product_tag-geraetepflege-de-ch","11":"product_tag-unkraut-entfernen-de-ch","12":"post","14":"first","15":"instock","16":"taxable","17":"shipping-taxable","18":"purchasable","19":"product-type-simple"},"exclude_global_add_ons":false,"addons":[{"name":"Gravur","type":"custom_text","position":0,"required":false,"title_format":"heading","default":"","description_enable":true,"description":"Geben Sie bis zu 50 Zeichen ein.","placeholder_enable":false,"placeholder":"","display":"select","restrictions_type":"any_text","adjust_price":true,"price":"4.92","price_type":"quantity_based","restrictions":true,"min":"1","max":"50","options":[],"id":1684165753}],"_links":{"self":[{"href":"https:\/\/sneeboer.com\/de-ch\/wp-json\/wp\/v2\/product\/51934","targetHints":{"allow":["GET"]}}],"collection":[{"href":"https:\/\/sneeboer.com\/de-ch\/wp-json\/wp\/v2\/product"}],"about":[{"href":"https:\/\/sneeboer.com\/de-ch\/wp-json\/wp\/v2\/types\/product"}],"replies":[{"embeddable":true,"href":"https:\/\/sneeboer.com\/de-ch\/wp-json\/wp\/v2\/comments?post=51934"}],"wp:featuredmedia":[{"embeddable":true,"href":"https:\/\/sneeboer.com\/de-ch\/wp-json\/wp\/v2\/media\/25951"}],"wp:attachment":[{"href":"https:\/\/sneeboer.com\/de-ch\/wp-json\/wp\/v2\/media?parent=51934"}],"wp:term":[{"taxonomy":"product_brand","embeddable":true,"href":"https:\/\/sneeboer.com\/de-ch\/wp-json\/wp\/v2\/product_brand?post=51934"},{"taxonomy":"product_cat","embeddable":true,"href":"https:\/\/sneeboer.com\/de-ch\/wp-json\/wp\/v2\/product_cat?post=51934"},{"taxonomy":"product_tag","embeddable":true,"href":"https:\/\/sneeboer.com\/de-ch\/wp-json\/wp\/v2\/product_tag?post=51934"},{"taxonomy":"weeds","embeddable":true,"href":"https:\/\/sneeboer.com\/de-ch\/wp-json\/wp\/v2\/weeds?post=51934"},{"taxonomy":"soil_types","embeddable":true,"href":"https:\/\/sneeboer.com\/de-ch\/wp-json\/wp\/v2\/soil_types?post=51934"}],"curies":[{"name":"wp","href":"https:\/\/api.w.org\/{rel}","templated":true}]}}