{"id":51746,"date":"2023-05-09T15:40:31","date_gmt":"2023-05-09T13:40:31","guid":{"rendered":"https:\/\/sneeboer.com\/handgesmeed-tuingereedschap\/gierschgabel"},"modified":"2025-02-07T23:54:21","modified_gmt":"2025-02-07T22:54:21","slug":"gierschgabel","status":"publish","type":"product","link":"https:\/\/sneeboer.com\/de-ch\/handgeschmiedete-gartengeraete\/gierschgabel","title":{"rendered":"Gierschgabel"},"content":{"rendered":"<p>Die Gierschgabel wurde auf Anfrage des Hortus Botanicus in der niederl\u00e4ndischen Stadt Leiden entwickelt, dessen G\u00e4rtner nach einem Hilfsmittel suchten, um den hartn\u00e4ckigen Giersch zu entfernen. Dieses geniale Ger\u00e4t ist das Ergebnis dieser Anfrage. Neben dieser speziellen Funktion kann die Gierschgabel auch zum Umpflanzen kleiner Pflanzen und zum Ernten von Gem\u00fcsesorten wie Kartoffeln, Zwiebeln und Knoblauch verwendet werden.<\/p>\n","protected":false},"excerpt":{"rendered":"<p>Die Gierschgabel wurde speziell f\u00fcr die Entfernung von Giersch entwickelt, dessen Wurzelsystem flach unter der Bodenoberfl\u00e4che w\u00e4chst. Die scharfen und gebogenen Zinken sind V-f\u00f6rmig und k\u00f6nnen den Boden m\u00fchelos bewegen, um die Wurzeln der Pflanze zu l\u00f6sen. Diese kleine Gabel ist \u00fcberall im Garten einsetzbar und sorgt mit ihrem kurzen, 37 cm langen Stiel daf\u00fcr, dass die Arbeit gut von der Hand geht.<\/p>\n","protected":false},"featured_media":63209,"comment_status":"closed","ping_status":"closed","template":"","meta":{"inline_featured_image":false,"product_video_url":"","product_360_url":""},"product_brand":[],"product_cat":[194],"product_tag":[532],"weeds":[],"soil_types":[],"class_list":{"0":"post-51746","1":"product","2":"type-product","3":"status-publish","4":"has-post-thumbnail","6":"product_cat-gabel-2","7":"product_tag-unkraut-entfernen-de-ch","8":"post","10":"first","11":"instock","12":"taxable","13":"shipping-taxable","14":"purchasable","15":"product-type-simple"},"exclude_global_add_ons":false,"addons":[{"name":"Gravur","type":"custom_text","position":0,"required":false,"title_format":"heading","default":"","description_enable":true,"description":"Geben Sie bis zu 50 Zeichen ein.","placeholder_enable":false,"placeholder":"","display":"select","restrictions_type":"any_text","adjust_price":true,"price":"4.92","price_type":"quantity_based","restrictions":true,"min":"1","max":"50","options":[],"id":1684165753}],"_links":{"self":[{"href":"https:\/\/sneeboer.com\/de-ch\/wp-json\/wp\/v2\/product\/51746","targetHints":{"allow":["GET"]}}],"collection":[{"href":"https:\/\/sneeboer.com\/de-ch\/wp-json\/wp\/v2\/product"}],"about":[{"href":"https:\/\/sneeboer.com\/de-ch\/wp-json\/wp\/v2\/types\/product"}],"replies":[{"embeddable":true,"href":"https:\/\/sneeboer.com\/de-ch\/wp-json\/wp\/v2\/comments?post=51746"}],"wp:featuredmedia":[{"embeddable":true,"href":"https:\/\/sneeboer.com\/de-ch\/wp-json\/wp\/v2\/media\/63209"}],"wp:attachment":[{"href":"https:\/\/sneeboer.com\/de-ch\/wp-json\/wp\/v2\/media?parent=51746"}],"wp:term":[{"taxonomy":"product_brand","embeddable":true,"href":"https:\/\/sneeboer.com\/de-ch\/wp-json\/wp\/v2\/product_brand?post=51746"},{"taxonomy":"product_cat","embeddable":true,"href":"https:\/\/sneeboer.com\/de-ch\/wp-json\/wp\/v2\/product_cat?post=51746"},{"taxonomy":"product_tag","embeddable":true,"href":"https:\/\/sneeboer.com\/de-ch\/wp-json\/wp\/v2\/product_tag?post=51746"},{"taxonomy":"weeds","embeddable":true,"href":"https:\/\/sneeboer.com\/de-ch\/wp-json\/wp\/v2\/weeds?post=51746"},{"taxonomy":"soil_types","embeddable":true,"href":"https:\/\/sneeboer.com\/de-ch\/wp-json\/wp\/v2\/soil_types?post=51746"}],"curies":[{"name":"wp","href":"https:\/\/api.w.org\/{rel}","templated":true}]}}