{"id":51728,"date":"2023-05-09T15:38:52","date_gmt":"2023-05-09T13:38:52","guid":{"rendered":"https:\/\/sneeboer.com\/handgesmeed-tuingereedschap\/great-dixter-gabel"},"modified":"2023-08-28T15:39:14","modified_gmt":"2023-08-28T13:39:14","slug":"great-dixter-gabel","status":"publish","type":"product","link":"https:\/\/sneeboer.com\/de-ch\/handgeschmiedete-gartengeraete\/great-dixter-gabel","title":{"rendered":"Great Dixter Gabel"},"content":{"rendered":"<p>Es handelt sich hierbei um ein unverzichtbares Werkzeug f\u00fcr dicht bepflanzte Beete. Jemand aus Nordwales schenkte Fergus Garrett die urspr\u00fcngliche Version dieses Werkzeugs \u2013 und nachdem er es benutzt hatte, war er sofort davon begeistert. Im Zuge von Anpassungen wurde der Griff l\u00e4nger gestaltet, so dass das Ger\u00e4t ohne R\u00fcckenschmerzen verwendet werden kann. Gleichzeitig wurde der mittlere Zinken verl\u00e4ngert, um eine gr\u00f6\u00dfere Pr\u00e4zision bei der Bek\u00e4mpfung einzelner Unkrautpflanzen zu erreichen. Der Kopf ist perfekt angewinkelt, so dass sich das Ger\u00e4t wie eine Verl\u00e4ngerung des Armes anf\u00fchlt. Ein schmaler, leichter Griff erleichtert die Handhabung, und die flachen Zinken erm\u00f6glichen einen besseren Kontakt mit dem Boden.<\/p>\n<p>Diese Gabel ist Teil einer besonderen Kollektion von Werkzeugen \u2013 und wir haben das Privileg, diese unter dem Namen \u201eGreat Dixter\u201c verkaufen zu d\u00fcrfen. Sneeboer ist weltweit der einzige Hersteller von Gartenger\u00e4ten, der diesen Namen in seiner Produktpalette verwenden darf. Mit jedem Verkauf eines Great Dixter-Ger\u00e4ts spendet Sneeboer einen Teil des Erl\u00f6ses an den Great Dixter Charitable Trust. Wir bei Sneeboer sind gl\u00fccklich und stolz darauf, dass wir einen Beitrag zu diesem herausragenden Beispiel englischen Kulturerbes leisten k\u00f6nnen.<\/p>\n","protected":false},"excerpt":{"rendered":"<p>Die Great Dixter-Gabel von Sneeboer wurde von Christopher Lloyd entworfen, dem ber\u00fchmten britischen Gartenbuchautor, dessen Anwesen in East Sussex unter dem Namen Great Dixter bekannt ist. In einem Cottage-Garten, in dem die Beete voll mit Blumen und wichtigen, selbst aussamenden Pflanzen sind, ist es oft schwierig, in die engen Zwischenr\u00e4ume zu gelangen, um dort Unkraut zu j\u00e4ten und den Boden zu bearbeiten. Mit dieser langstieligen Gabel l\u00e4sst sich dies ohne B\u00fccken oder Beugen bewerkstelligen. So k\u00f6nnen Sie auf Zehenspitzen \u00fcber den Beetrand gehen und in schwierige Bereiche vordringen. Der schmale Kopf und die flachen Zinken erm\u00f6glichen die Einbringung von Kompost zwischen die Pflanzen, wodurch Sch\u00e4den minimiert und die Selbstaussaat gef\u00f6rdert werden (Mulchen w\u00fcrde dies verhindern). Eine Hacke verteilt nur den Boden und geht einfach nicht tief genug. Diese Gabel ist mit einem 155 cm langen Eschenholzstiel mit Knauf erh\u00e4ltlich.<\/p>\n","protected":false},"featured_media":25981,"comment_status":"closed","ping_status":"closed","template":"","meta":{"inline_featured_image":false,"product_video_url":"","product_360_url":""},"product_brand":[],"product_cat":[194,417],"product_tag":[305,332,532],"weeds":[],"soil_types":[],"class_list":{"0":"post-51728","1":"product","2":"type-product","3":"status-publish","4":"has-post-thumbnail","6":"product_cat-gabel-2","7":"product_cat-great-dixter-de-ch","8":"product_tag-geraetepflege-de-ch","9":"product_tag-graben-de-ch","10":"product_tag-unkraut-entfernen-de-ch","11":"post","13":"first","14":"instock","15":"taxable","16":"shipping-taxable","17":"purchasable","18":"product-type-simple"},"exclude_global_add_ons":false,"addons":[{"name":"Gravur","type":"custom_text","position":0,"required":false,"title_format":"heading","default":"","description_enable":true,"description":"Geben Sie bis zu 50 Zeichen ein.","placeholder_enable":false,"placeholder":"","display":"select","restrictions_type":"any_text","adjust_price":true,"price":"4.92","price_type":"quantity_based","restrictions":true,"min":"1","max":"50","options":[],"id":1684165753}],"_links":{"self":[{"href":"https:\/\/sneeboer.com\/de-ch\/wp-json\/wp\/v2\/product\/51728","targetHints":{"allow":["GET"]}}],"collection":[{"href":"https:\/\/sneeboer.com\/de-ch\/wp-json\/wp\/v2\/product"}],"about":[{"href":"https:\/\/sneeboer.com\/de-ch\/wp-json\/wp\/v2\/types\/product"}],"replies":[{"embeddable":true,"href":"https:\/\/sneeboer.com\/de-ch\/wp-json\/wp\/v2\/comments?post=51728"}],"wp:featuredmedia":[{"embeddable":true,"href":"https:\/\/sneeboer.com\/de-ch\/wp-json\/wp\/v2\/media\/25981"}],"wp:attachment":[{"href":"https:\/\/sneeboer.com\/de-ch\/wp-json\/wp\/v2\/media?parent=51728"}],"wp:term":[{"taxonomy":"product_brand","embeddable":true,"href":"https:\/\/sneeboer.com\/de-ch\/wp-json\/wp\/v2\/product_brand?post=51728"},{"taxonomy":"product_cat","embeddable":true,"href":"https:\/\/sneeboer.com\/de-ch\/wp-json\/wp\/v2\/product_cat?post=51728"},{"taxonomy":"product_tag","embeddable":true,"href":"https:\/\/sneeboer.com\/de-ch\/wp-json\/wp\/v2\/product_tag?post=51728"},{"taxonomy":"weeds","embeddable":true,"href":"https:\/\/sneeboer.com\/de-ch\/wp-json\/wp\/v2\/weeds?post=51728"},{"taxonomy":"soil_types","embeddable":true,"href":"https:\/\/sneeboer.com\/de-ch\/wp-json\/wp\/v2\/soil_types?post=51728"}],"curies":[{"name":"wp","href":"https:\/\/api.w.org\/{rel}","templated":true}]}}