{"id":51647,"date":"2023-05-09T15:32:05","date_gmt":"2023-05-09T13:32:05","guid":{"rendered":"https:\/\/sneeboer.com\/handgesmeed-tuingereedschap\/kiesrechen-14z"},"modified":"2023-08-28T15:39:33","modified_gmt":"2023-08-28T13:39:33","slug":"kiesrechen-14z","status":"publish","type":"product","link":"https:\/\/sneeboer.com\/de-ch\/handgeschmiedete-gartengeraete\/kiesrechen-14z","title":{"rendered":"Kiesrechen 14Z"},"content":{"rendered":"<p>Sneeboer hat eine gro\u00dfe Auswahl an Rechen und Gartenharken im Angebot, die sich in der Breite, der Anzahl und L\u00e4nge der Zinken sowie dem Abstand zwischen ihnen unterscheiden. Sneeboer bietet f\u00fcr jede Anwendung im Garten den passenden Rechen, jeweils mit einem Stiel aus massivem Eschenholz von 155 cm L\u00e4nge. Bei normalem Gebrauch und ordnungsgem\u00e4\u00dfer Wartung halten die Rechen von Sneeboer ein Leben lang.<\/p>\n","protected":false},"excerpt":{"rendered":"<p>Der Kiesrechen wurde speziell f\u00fcr das Anlegen von sch\u00f6nen, sauberen und ebenen Schotterwegen entwickelt. Die 14 kurzen, konischen Zinken sind gesch\u00e4rft und in einem optimalen Winkel angebracht, so dass der Kiesrechen das Wurzelwerk unter der Kiesschicht nicht besch\u00e4digt.<\/p>\n","protected":false},"featured_media":26049,"comment_status":"closed","ping_status":"closed","template":"","meta":{"inline_featured_image":false,"product_video_url":"","product_360_url":""},"product_brand":[],"product_cat":[424],"product_tag":[332,478,532],"weeds":[],"soil_types":[],"class_list":{"0":"post-51647","1":"product","2":"type-product","3":"status-publish","4":"has-post-thumbnail","6":"product_cat-rechen-de-ch","7":"product_tag-graben-de-ch","8":"product_tag-harken-de-ch","9":"product_tag-unkraut-entfernen-de-ch","10":"post","12":"first","13":"instock","14":"taxable","15":"shipping-taxable","16":"purchasable","17":"product-type-simple"},"exclude_global_add_ons":false,"addons":[{"name":"Gravur","type":"custom_text","position":0,"required":false,"title_format":"heading","default":"","description_enable":true,"description":"Geben Sie bis zu 50 Zeichen ein.","placeholder_enable":false,"placeholder":"","display":"select","restrictions_type":"any_text","adjust_price":true,"price":"4.92","price_type":"quantity_based","restrictions":true,"min":"1","max":"50","options":[],"id":1684165753}],"_links":{"self":[{"href":"https:\/\/sneeboer.com\/de-ch\/wp-json\/wp\/v2\/product\/51647","targetHints":{"allow":["GET"]}}],"collection":[{"href":"https:\/\/sneeboer.com\/de-ch\/wp-json\/wp\/v2\/product"}],"about":[{"href":"https:\/\/sneeboer.com\/de-ch\/wp-json\/wp\/v2\/types\/product"}],"replies":[{"embeddable":true,"href":"https:\/\/sneeboer.com\/de-ch\/wp-json\/wp\/v2\/comments?post=51647"}],"wp:featuredmedia":[{"embeddable":true,"href":"https:\/\/sneeboer.com\/de-ch\/wp-json\/wp\/v2\/media\/26049"}],"wp:attachment":[{"href":"https:\/\/sneeboer.com\/de-ch\/wp-json\/wp\/v2\/media?parent=51647"}],"wp:term":[{"taxonomy":"product_brand","embeddable":true,"href":"https:\/\/sneeboer.com\/de-ch\/wp-json\/wp\/v2\/product_brand?post=51647"},{"taxonomy":"product_cat","embeddable":true,"href":"https:\/\/sneeboer.com\/de-ch\/wp-json\/wp\/v2\/product_cat?post=51647"},{"taxonomy":"product_tag","embeddable":true,"href":"https:\/\/sneeboer.com\/de-ch\/wp-json\/wp\/v2\/product_tag?post=51647"},{"taxonomy":"weeds","embeddable":true,"href":"https:\/\/sneeboer.com\/de-ch\/wp-json\/wp\/v2\/weeds?post=51647"},{"taxonomy":"soil_types","embeddable":true,"href":"https:\/\/sneeboer.com\/de-ch\/wp-json\/wp\/v2\/soil_types?post=51647"}],"curies":[{"name":"wp","href":"https:\/\/api.w.org\/{rel}","templated":true}]}}