{"id":51638,"date":"2023-05-09T15:31:36","date_gmt":"2023-05-09T13:31:36","guid":{"rendered":"https:\/\/sneeboer.com\/handgesmeed-tuingereedschap\/handharke-2"},"modified":"2023-08-28T15:39:35","modified_gmt":"2023-08-28T13:39:35","slug":"handharke-2","status":"publish","type":"product","link":"https:\/\/sneeboer.com\/de-ch\/handgeschmiedete-gartengeraete\/handharke-2","title":{"rendered":"Handharke"},"content":{"rendered":"<p>Sneeboer hat eine gro\u00dfe Auswahl an Rechen und Gartenharken im Angebot, die sich in der Breite, der Anzahl und L\u00e4nge der Zinken sowie dem Abstand zwischen ihnen unterscheiden. Sneeboer hat den passenden Rechen f\u00fcr jede Anwendung im Garten. Die Handharke ist mit einem Griff aus Eschen- oder Kirschholz erh\u00e4ltlich. Bei normalem Gebrauch und ordnungsgem\u00e4\u00dfer Wartung halten die Rechen von Sneeboer ein Leben lang.<\/p>\n","protected":false},"excerpt":{"rendered":"<p>Die Handharke eignet sich perfekt zum S\u00e4ubern und Vorbereiten kleiner Fl\u00e4chen f\u00fcr die Aussaat, zum Aufsammeln von Material und zum Kr\u00fcmeln des Bodens. Dies erm\u00f6glicht eine optimale Durchl\u00fcftung und eine bessere Durchmischung von Kompost oder anderen Bodenverbesserungsmitteln. Die geschmiedeten Zinken sind gesch\u00e4rft und nach innen gebogen, um die Druck- und Zugbewegung zu verbessern. Die Handharke ist das perfekte Werkzeug, um bei Arbeit in Bodenn\u00e4he Ordnung in den Garten zu bringen.<\/p>\n","protected":false},"featured_media":61661,"comment_status":"closed","ping_status":"closed","template":"","meta":{"inline_featured_image":false,"product_video_url":"","product_360_url":""},"product_brand":[],"product_cat":[105,424],"product_tag":[478,504],"weeds":[],"soil_types":[],"class_list":{"0":"post-51638","1":"product","2":"type-product","3":"status-publish","4":"has-post-thumbnail","6":"product_cat-handgeraete-2","7":"product_cat-rechen-de-ch","8":"product_tag-harken-de-ch","9":"product_tag-schaufeln-de-ch","10":"post","12":"first","13":"instock","14":"taxable","15":"shipping-taxable","16":"purchasable","17":"product-type-simple"},"exclude_global_add_ons":false,"addons":[{"name":"Gravur","type":"custom_text","position":0,"required":false,"title_format":"heading","default":"","description_enable":true,"description":"Geben Sie bis zu 50 Zeichen ein.","placeholder_enable":false,"placeholder":"","display":"select","restrictions_type":"any_text","adjust_price":true,"price":"4.92","price_type":"quantity_based","restrictions":true,"min":"1","max":"50","options":[],"id":1684165753}],"_links":{"self":[{"href":"https:\/\/sneeboer.com\/de-ch\/wp-json\/wp\/v2\/product\/51638","targetHints":{"allow":["GET"]}}],"collection":[{"href":"https:\/\/sneeboer.com\/de-ch\/wp-json\/wp\/v2\/product"}],"about":[{"href":"https:\/\/sneeboer.com\/de-ch\/wp-json\/wp\/v2\/types\/product"}],"replies":[{"embeddable":true,"href":"https:\/\/sneeboer.com\/de-ch\/wp-json\/wp\/v2\/comments?post=51638"}],"wp:featuredmedia":[{"embeddable":true,"href":"https:\/\/sneeboer.com\/de-ch\/wp-json\/wp\/v2\/media\/61661"}],"wp:attachment":[{"href":"https:\/\/sneeboer.com\/de-ch\/wp-json\/wp\/v2\/media?parent=51638"}],"wp:term":[{"taxonomy":"product_brand","embeddable":true,"href":"https:\/\/sneeboer.com\/de-ch\/wp-json\/wp\/v2\/product_brand?post=51638"},{"taxonomy":"product_cat","embeddable":true,"href":"https:\/\/sneeboer.com\/de-ch\/wp-json\/wp\/v2\/product_cat?post=51638"},{"taxonomy":"product_tag","embeddable":true,"href":"https:\/\/sneeboer.com\/de-ch\/wp-json\/wp\/v2\/product_tag?post=51638"},{"taxonomy":"weeds","embeddable":true,"href":"https:\/\/sneeboer.com\/de-ch\/wp-json\/wp\/v2\/weeds?post=51638"},{"taxonomy":"soil_types","embeddable":true,"href":"https:\/\/sneeboer.com\/de-ch\/wp-json\/wp\/v2\/soil_types?post=51638"}],"curies":[{"name":"wp","href":"https:\/\/api.w.org\/{rel}","templated":true}]}}