{"id":51584,"date":"2023-05-09T15:28:36","date_gmt":"2023-05-09T13:28:36","guid":{"rendered":"https:\/\/sneeboer.com\/handgesmeed-tuingereedschap\/rechen-8z"},"modified":"2023-08-28T15:39:48","modified_gmt":"2023-08-28T13:39:48","slug":"rechen-8z","status":"publish","type":"product","link":"https:\/\/sneeboer.com\/de-ch\/handgeschmiedete-gartengeraete\/rechen-8z","title":{"rendered":"Rechen 8Z"},"content":{"rendered":"<p>Der Rechen ist mit sechs oder acht Zinken erh\u00e4ltlich. Sneeboer hat eine gro\u00dfe Auswahl an Rechen und Gartenharken im Angebot, die sich in der Breite, der Anzahl und L\u00e4nge der Zinken sowie dem Abstand zwischen ihnen unterscheiden. Sneeboer bietet f\u00fcr jede Anwendung im Garten den passenden Rechen, jeweils mit einem Stiel aus massivem Eschenholz von 155 cm L\u00e4nge. Bei normalem Gebrauch und ordnungsgem\u00e4\u00dfer Wartung halten die Rechen von Sneeboer ein Leben lang.<\/p>\n","protected":false},"excerpt":{"rendered":"<p>Bei diesem Rechen (auf Niederl\u00e4ndisch \u201eklauw\u201c, was so viel wie \u201eKlaue\u201c bedeutet) handelt es sich um eine Gartenharke mit l\u00e4ngeren Zinken, die zum Aufnehmen von Material im Garten oder zum Zerkleinern des Bodens dient. Dies erm\u00f6glicht eine optimale Durchl\u00fcftung und eine bessere Durchmischung von Kompost oder anderen Bodenverbesserungsmitteln. Wenn der Rechen umgedreht wird, so dass die Zinken nach oben zeigen, kann die horizontale Strebe auch zum Einebnen des Saatbetts verwendet werden. Die geschmiedeten Zinken sind gesch\u00e4rft und nach innen gebogen (genau wie die Krallen eines Tieres), um die Druck- und Zugbewegung zu verbessern.<\/p>\n","protected":false},"featured_media":26031,"comment_status":"closed","ping_status":"closed","template":"","meta":{"inline_featured_image":false,"product_video_url":"","product_360_url":""},"product_brand":[],"product_cat":[424],"product_tag":[478],"weeds":[],"soil_types":[],"class_list":{"0":"post-51584","1":"product","2":"type-product","3":"status-publish","4":"has-post-thumbnail","6":"product_cat-rechen-de-ch","7":"product_tag-harken-de-ch","8":"post","10":"first","11":"instock","12":"taxable","13":"shipping-taxable","14":"purchasable","15":"product-type-simple"},"exclude_global_add_ons":false,"addons":[{"name":"Gravur","type":"custom_text","position":0,"required":false,"title_format":"heading","default":"","description_enable":true,"description":"Geben Sie bis zu 50 Zeichen ein.","placeholder_enable":false,"placeholder":"","display":"select","restrictions_type":"any_text","adjust_price":true,"price":"4.92","price_type":"quantity_based","restrictions":true,"min":"1","max":"50","options":[],"id":1684165753}],"_links":{"self":[{"href":"https:\/\/sneeboer.com\/de-ch\/wp-json\/wp\/v2\/product\/51584","targetHints":{"allow":["GET"]}}],"collection":[{"href":"https:\/\/sneeboer.com\/de-ch\/wp-json\/wp\/v2\/product"}],"about":[{"href":"https:\/\/sneeboer.com\/de-ch\/wp-json\/wp\/v2\/types\/product"}],"replies":[{"embeddable":true,"href":"https:\/\/sneeboer.com\/de-ch\/wp-json\/wp\/v2\/comments?post=51584"}],"wp:featuredmedia":[{"embeddable":true,"href":"https:\/\/sneeboer.com\/de-ch\/wp-json\/wp\/v2\/media\/26031"}],"wp:attachment":[{"href":"https:\/\/sneeboer.com\/de-ch\/wp-json\/wp\/v2\/media?parent=51584"}],"wp:term":[{"taxonomy":"product_brand","embeddable":true,"href":"https:\/\/sneeboer.com\/de-ch\/wp-json\/wp\/v2\/product_brand?post=51584"},{"taxonomy":"product_cat","embeddable":true,"href":"https:\/\/sneeboer.com\/de-ch\/wp-json\/wp\/v2\/product_cat?post=51584"},{"taxonomy":"product_tag","embeddable":true,"href":"https:\/\/sneeboer.com\/de-ch\/wp-json\/wp\/v2\/product_tag?post=51584"},{"taxonomy":"weeds","embeddable":true,"href":"https:\/\/sneeboer.com\/de-ch\/wp-json\/wp\/v2\/weeds?post=51584"},{"taxonomy":"soil_types","embeddable":true,"href":"https:\/\/sneeboer.com\/de-ch\/wp-json\/wp\/v2\/soil_types?post=51584"}],"curies":[{"name":"wp","href":"https:\/\/api.w.org\/{rel}","templated":true}]}}