{"id":51566,"date":"2023-05-09T15:16:45","date_gmt":"2023-05-09T13:16:45","guid":{"rendered":"https:\/\/sneeboer.com\/handgesmeed-tuingereedschap\/handgabel-6"},"modified":"2023-08-28T15:39:52","modified_gmt":"2023-08-28T13:39:52","slug":"handgabel-6","status":"publish","type":"product","link":"https:\/\/sneeboer.com\/de-ch\/handgeschmiedete-gartengeraete\/handgabel-6","title":{"rendered":"Handgabel"},"content":{"rendered":"<p>Weitere Varianten der Handgabel mit kurzen und langen Stielen aus Eschen- oder Kirschholz sind ebenfalls erh\u00e4ltlich.<\/p>\n","protected":false},"excerpt":{"rendered":"<p>Diese Handgabel ist ideal, um unter Unkraut zu gelangen und es mitsamt dem Wurzelwerk aus dem Boden zu l\u00f6sen, sowie um Pflanzen aus der Erde zu entfernen, ohne dabei die Wurzeln zu besch\u00e4digen. Die Zinken aus rostfreiem Stahl sind stark genug, um B\u00f6den jeder Art und Beschaffenheit umzugraben und zu bearbeiten. Das clevere Design der Handgabel sorgt daf\u00fcr, dass sie stabil, gut ausbalanciert und ergonomisch zu handhaben ist. Dank des langen Stiels l\u00e4sst es sich bequem im Stehen arbeiten, und wie bei einem Pflug sind die Zinken unten breiter als oben. Diese Handgabel wird von vielen f\u00fchrenden Sportvereinen wie dem AFC Ajax verwendet, um ihre Fu\u00dfballpl\u00e4tze in einem optimalen Zustand zu halten.<\/p>\n","protected":false},"featured_media":26027,"comment_status":"closed","ping_status":"closed","template":"","meta":{"inline_featured_image":false,"product_video_url":"","product_360_url":""},"product_brand":[],"product_cat":[194],"product_tag":[532],"weeds":[],"soil_types":[],"class_list":{"0":"post-51566","1":"product","2":"type-product","3":"status-publish","4":"has-post-thumbnail","6":"product_cat-gabel-2","7":"product_tag-unkraut-entfernen-de-ch","8":"post","10":"first","11":"instock","12":"taxable","13":"shipping-taxable","14":"purchasable","15":"product-type-simple"},"exclude_global_add_ons":false,"addons":[{"name":"Gravur","type":"custom_text","position":0,"required":false,"title_format":"heading","default":"","description_enable":true,"description":"Geben Sie bis zu 50 Zeichen ein.","placeholder_enable":false,"placeholder":"","display":"select","restrictions_type":"any_text","adjust_price":true,"price":"4.92","price_type":"quantity_based","restrictions":true,"min":"1","max":"50","options":[],"id":1684165753}],"_links":{"self":[{"href":"https:\/\/sneeboer.com\/de-ch\/wp-json\/wp\/v2\/product\/51566","targetHints":{"allow":["GET"]}}],"collection":[{"href":"https:\/\/sneeboer.com\/de-ch\/wp-json\/wp\/v2\/product"}],"about":[{"href":"https:\/\/sneeboer.com\/de-ch\/wp-json\/wp\/v2\/types\/product"}],"replies":[{"embeddable":true,"href":"https:\/\/sneeboer.com\/de-ch\/wp-json\/wp\/v2\/comments?post=51566"}],"wp:featuredmedia":[{"embeddable":true,"href":"https:\/\/sneeboer.com\/de-ch\/wp-json\/wp\/v2\/media\/26027"}],"wp:attachment":[{"href":"https:\/\/sneeboer.com\/de-ch\/wp-json\/wp\/v2\/media?parent=51566"}],"wp:term":[{"taxonomy":"product_brand","embeddable":true,"href":"https:\/\/sneeboer.com\/de-ch\/wp-json\/wp\/v2\/product_brand?post=51566"},{"taxonomy":"product_cat","embeddable":true,"href":"https:\/\/sneeboer.com\/de-ch\/wp-json\/wp\/v2\/product_cat?post=51566"},{"taxonomy":"product_tag","embeddable":true,"href":"https:\/\/sneeboer.com\/de-ch\/wp-json\/wp\/v2\/product_tag?post=51566"},{"taxonomy":"weeds","embeddable":true,"href":"https:\/\/sneeboer.com\/de-ch\/wp-json\/wp\/v2\/weeds?post=51566"},{"taxonomy":"soil_types","embeddable":true,"href":"https:\/\/sneeboer.com\/de-ch\/wp-json\/wp\/v2\/soil_types?post=51566"}],"curies":[{"name":"wp","href":"https:\/\/api.w.org\/{rel}","templated":true}]}}