{"id":51503,"date":"2023-05-09T15:13:17","date_gmt":"2023-05-09T13:13:17","guid":{"rendered":"https:\/\/sneeboer.com\/handgesmeed-tuingereedschap\/blumengabel"},"modified":"2023-08-28T15:40:07","modified_gmt":"2023-08-28T13:40:07","slug":"blumengabel","status":"publish","type":"product","link":"https:\/\/sneeboer.com\/de-ch\/handgeschmiedete-gartengeraete\/blumengabel","title":{"rendered":"Blumengabel"},"content":{"rendered":"<p>Gertrude Jekyll, die ber\u00fchmte englische Gartengestalterin des 19. Jahrhunderts, bezeichnete die Blumengabel als ihr Lieblingsgartenger\u00e4t.  Die Blumengabel ist das richtige Werkzeug, wenn es darum geht, tief verwurzeltes Unkraut aus dicht bewachsenen Beeten zu entfernen. Sie kann aber auch zum L\u00fcften des Bodens oder zum Mischen von Kompost und anderen D\u00fcngemitteln mit dem Boden verwendet werden. Die Form der Blumengabel sorgt f\u00fcr eine bequeme Handhabung, ohne dabei die Handgelenke zu belasten. Die Blumengabel ist in erster Linie f\u00fcr pr\u00e4zises Arbeiten in Bodenn\u00e4he gedacht, um die Arbeit genau im Blick zu haben. Die Blumengabel ist mit einem Stiel aus Eschen- oder Kirschholz oder mit einem l\u00e4ngeren Eschenholzstiel f\u00fcr Hochbeete erh\u00e4ltlich.<\/p>\n","protected":false},"excerpt":{"rendered":"<p>Diese zweizinkige Blumengabel lockert die Erde um die Wurzeln herum auf, so dass das Unkraut mitsamt dem Wurzelwerk m\u00fchelos entfernt werden kann. W\u00e4hrend die Enden der Zinken zu einer scharfen Spitze ausgeformt sind, weisen sie im \u00dcbrigen eine runde Form auf, so dass die Wurzeln der umliegenden Pflanzen bei der Verwendung des Ger\u00e4ts nicht besch\u00e4digt werden.<\/p>\n","protected":false},"featured_media":26099,"comment_status":"closed","ping_status":"closed","template":"","meta":{"inline_featured_image":false,"product_video_url":"","product_360_url":""},"product_brand":[],"product_cat":[194,105,203],"product_tag":[],"weeds":[],"soil_types":[],"class_list":{"0":"post-51503","1":"product","2":"type-product","3":"status-publish","4":"has-post-thumbnail","6":"product_cat-gabel-2","7":"product_cat-handgeraete-2","8":"product_cat-unkrautentfernung-2","9":"post","11":"first","12":"instock","13":"taxable","14":"shipping-taxable","15":"purchasable","16":"product-type-simple"},"exclude_global_add_ons":false,"addons":[{"name":"Gravur","type":"custom_text","position":0,"required":false,"title_format":"heading","default":"","description_enable":true,"description":"Geben Sie bis zu 50 Zeichen ein.","placeholder_enable":false,"placeholder":"","display":"select","restrictions_type":"any_text","adjust_price":true,"price":"4.92","price_type":"quantity_based","restrictions":true,"min":"1","max":"50","options":[],"id":1684165753}],"_links":{"self":[{"href":"https:\/\/sneeboer.com\/de-ch\/wp-json\/wp\/v2\/product\/51503","targetHints":{"allow":["GET"]}}],"collection":[{"href":"https:\/\/sneeboer.com\/de-ch\/wp-json\/wp\/v2\/product"}],"about":[{"href":"https:\/\/sneeboer.com\/de-ch\/wp-json\/wp\/v2\/types\/product"}],"replies":[{"embeddable":true,"href":"https:\/\/sneeboer.com\/de-ch\/wp-json\/wp\/v2\/comments?post=51503"}],"wp:featuredmedia":[{"embeddable":true,"href":"https:\/\/sneeboer.com\/de-ch\/wp-json\/wp\/v2\/media\/26099"}],"wp:attachment":[{"href":"https:\/\/sneeboer.com\/de-ch\/wp-json\/wp\/v2\/media?parent=51503"}],"wp:term":[{"taxonomy":"product_brand","embeddable":true,"href":"https:\/\/sneeboer.com\/de-ch\/wp-json\/wp\/v2\/product_brand?post=51503"},{"taxonomy":"product_cat","embeddable":true,"href":"https:\/\/sneeboer.com\/de-ch\/wp-json\/wp\/v2\/product_cat?post=51503"},{"taxonomy":"product_tag","embeddable":true,"href":"https:\/\/sneeboer.com\/de-ch\/wp-json\/wp\/v2\/product_tag?post=51503"},{"taxonomy":"weeds","embeddable":true,"href":"https:\/\/sneeboer.com\/de-ch\/wp-json\/wp\/v2\/weeds?post=51503"},{"taxonomy":"soil_types","embeddable":true,"href":"https:\/\/sneeboer.com\/de-ch\/wp-json\/wp\/v2\/soil_types?post=51503"}],"curies":[{"name":"wp","href":"https:\/\/api.w.org\/{rel}","templated":true}]}}