{"id":51334,"date":"2023-05-09T15:02:32","date_gmt":"2023-05-09T13:02:32","guid":{"rendered":"https:\/\/sneeboer.com\/handgesmeed-tuingereedschap\/handspaten-schmal-v-form"},"modified":"2023-09-22T16:27:27","modified_gmt":"2023-09-22T14:27:27","slug":"handspaten-schmal-v-form","status":"publish","type":"product","link":"https:\/\/sneeboer.com\/de-ch\/handgeschmiedete-gartengeraete\/handspaten-schmal-v-form","title":{"rendered":"L\u00f6wenzahnstecher V-form"},"content":{"rendered":"<p>Der L\u00f6wenzahnstecher ist sowohl in dieser V-f\u00f6rmigen Variante erh\u00e4ltlich, die ein m\u00fcheloses Durchtrennen der Wurzeln erm\u00f6glicht, als auch mit einer runden Klinge und einem langen oder k\u00fcrzeren Blatt. F\u00fcr den Einsatz dieser Ger\u00e4te sollte der Boden leicht feucht sein. Wenn der Boden zu trocken ist, neigen die Wurzeln beim Entfernen dazu, abzubrechen, wodurch das Unkraut wieder nachwachsen kann. Die schmale Klinge des L\u00f6wenzahnstechers sorgt f\u00fcr eine schnelle Entfernung des Unkrauts, ohne dabei die umliegenden Pflanzen zu besch\u00e4digen. Der L\u00f6wenzahnstecher ist mit einem Griff aus Eschen- oder Kirschholz erh\u00e4ltlich.<\/p>\n","protected":false},"excerpt":{"rendered":"<p>Diese Variante des L\u00f6wenzahnstechers verf\u00fcgt \u00fcber eine lange, gebogene Klinge mit einem gesch\u00e4rften, V-f\u00f6rmigen Ende. Durch diese Klingenform kann das Werkzeug leicht in den Boden getrieben werden und eignet sich perfekt zum schnellen Entfernen von Unkraut mit langen Pfahlwurzeln.<\/p>\n","protected":false},"featured_media":26133,"comment_status":"closed","ping_status":"closed","template":"","meta":{"inline_featured_image":false,"product_video_url":"","product_360_url":""},"product_brand":[],"product_cat":[105,203],"product_tag":[332,478,324,532],"weeds":[],"soil_types":[],"class_list":{"0":"post-51334","1":"product","2":"type-product","3":"status-publish","4":"has-post-thumbnail","6":"product_cat-handgeraete-2","7":"product_cat-unkrautentfernung-2","8":"product_tag-graben-de-ch","9":"product_tag-harken-de-ch","10":"product_tag-rasenpflege-de-ch","11":"product_tag-unkraut-entfernen-de-ch","12":"post","14":"first","15":"instock","16":"taxable","17":"shipping-taxable","18":"purchasable","19":"product-type-simple"},"exclude_global_add_ons":false,"addons":[{"name":"Gravur","type":"custom_text","position":0,"required":false,"title_format":"heading","default":"","description_enable":true,"description":"Geben Sie bis zu 50 Zeichen ein.","placeholder_enable":false,"placeholder":"","display":"select","restrictions_type":"any_text","adjust_price":true,"price":"4.92","price_type":"quantity_based","restrictions":true,"min":"1","max":"50","options":[],"id":1684165753}],"_links":{"self":[{"href":"https:\/\/sneeboer.com\/de-ch\/wp-json\/wp\/v2\/product\/51334","targetHints":{"allow":["GET"]}}],"collection":[{"href":"https:\/\/sneeboer.com\/de-ch\/wp-json\/wp\/v2\/product"}],"about":[{"href":"https:\/\/sneeboer.com\/de-ch\/wp-json\/wp\/v2\/types\/product"}],"replies":[{"embeddable":true,"href":"https:\/\/sneeboer.com\/de-ch\/wp-json\/wp\/v2\/comments?post=51334"}],"wp:featuredmedia":[{"embeddable":true,"href":"https:\/\/sneeboer.com\/de-ch\/wp-json\/wp\/v2\/media\/26133"}],"wp:attachment":[{"href":"https:\/\/sneeboer.com\/de-ch\/wp-json\/wp\/v2\/media?parent=51334"}],"wp:term":[{"taxonomy":"product_brand","embeddable":true,"href":"https:\/\/sneeboer.com\/de-ch\/wp-json\/wp\/v2\/product_brand?post=51334"},{"taxonomy":"product_cat","embeddable":true,"href":"https:\/\/sneeboer.com\/de-ch\/wp-json\/wp\/v2\/product_cat?post=51334"},{"taxonomy":"product_tag","embeddable":true,"href":"https:\/\/sneeboer.com\/de-ch\/wp-json\/wp\/v2\/product_tag?post=51334"},{"taxonomy":"weeds","embeddable":true,"href":"https:\/\/sneeboer.com\/de-ch\/wp-json\/wp\/v2\/weeds?post=51334"},{"taxonomy":"soil_types","embeddable":true,"href":"https:\/\/sneeboer.com\/de-ch\/wp-json\/wp\/v2\/soil_types?post=51334"}],"curies":[{"name":"wp","href":"https:\/\/api.w.org\/{rel}","templated":true}]}}