{"id":51325,"date":"2023-05-09T15:01:52","date_gmt":"2023-05-09T13:01:52","guid":{"rendered":"https:\/\/sneeboer.com\/handgesmeed-tuingereedschap\/loewenzahnstecher-3"},"modified":"2023-09-22T16:27:30","modified_gmt":"2023-09-22T14:27:30","slug":"loewenzahnstecher-3","status":"publish","type":"product","link":"https:\/\/sneeboer.com\/de-ch\/handgeschmiedete-gartengeraete\/loewenzahnstecher-3","title":{"rendered":"L\u00f6wenzahnstecher gross"},"content":{"rendered":"<p>Um Unkraut mit langen Wurzeln zu entfernen, wird der L\u00f6wenzahnstecher einfach um die Pflanze herum mit dem Fu\u00df in den Boden getrieben. Anschlie\u00dfend wird der Pflanzer um 45 Grad zur Seite gedreht und aus dem Boden gezogen, um den Erdklumpen mitsamt dem Unkraut und der Wurzel zu entfernen. Daraufhin kann das Unkraut dann aus dem Pflanzer entfernt werden. Der L\u00f6wenzahnstecher ist mit einem komfortablen Eschenholzgriff erh\u00e4ltlich und verf\u00fcgt \u00fcber einen Auftritt an der Seite des Pflanzers, um mit dem Fu\u00df Kraft aus\u00fcben zu k\u00f6nnen.<\/p>\n","protected":false},"excerpt":{"rendered":"<p>Mit dem L\u00f6wenzahnstecher kann unerw\u00fcnschter L\u00f6wenzahn mitsamt der Pfahlwurzel m\u00fchelos aus Rasenfl\u00e4chen und Rabatten entfernt werden, um dann unmittelbar kleinere Blumenzwiebeln (bis zu einem Durchmesser von 4 cm) in das so geschaffene Loch zu pflanzen. W\u00e4hrend der Griff aus Eschenholz besteht, ist der Pflanzer selbst aus rostfreiem Stahl gefertigt, so dass er leicht in den Boden getrieben werden kann.<\/p>\n","protected":false},"featured_media":26131,"comment_status":"closed","ping_status":"closed","template":"","meta":{"inline_featured_image":false,"product_video_url":"","product_360_url":""},"product_brand":[],"product_cat":[203],"product_tag":[494,478,324,532],"weeds":[],"soil_types":[],"class_list":{"0":"post-51325","1":"product","2":"type-product","3":"status-publish","4":"has-post-thumbnail","6":"product_cat-unkrautentfernung-2","7":"product_tag-bepflanzung-de-ch","8":"product_tag-harken-de-ch","9":"product_tag-rasenpflege-de-ch","10":"product_tag-unkraut-entfernen-de-ch","11":"post","13":"first","14":"instock","15":"taxable","16":"shipping-taxable","17":"purchasable","18":"product-type-simple"},"exclude_global_add_ons":false,"addons":[{"name":"Gravur","type":"custom_text","position":0,"required":false,"title_format":"heading","default":"","description_enable":true,"description":"Geben Sie bis zu 50 Zeichen ein.","placeholder_enable":false,"placeholder":"","display":"select","restrictions_type":"any_text","adjust_price":true,"price":"4.92","price_type":"quantity_based","restrictions":true,"min":"1","max":"50","options":[],"id":1684165753}],"_links":{"self":[{"href":"https:\/\/sneeboer.com\/de-ch\/wp-json\/wp\/v2\/product\/51325","targetHints":{"allow":["GET"]}}],"collection":[{"href":"https:\/\/sneeboer.com\/de-ch\/wp-json\/wp\/v2\/product"}],"about":[{"href":"https:\/\/sneeboer.com\/de-ch\/wp-json\/wp\/v2\/types\/product"}],"replies":[{"embeddable":true,"href":"https:\/\/sneeboer.com\/de-ch\/wp-json\/wp\/v2\/comments?post=51325"}],"wp:featuredmedia":[{"embeddable":true,"href":"https:\/\/sneeboer.com\/de-ch\/wp-json\/wp\/v2\/media\/26131"}],"wp:attachment":[{"href":"https:\/\/sneeboer.com\/de-ch\/wp-json\/wp\/v2\/media?parent=51325"}],"wp:term":[{"taxonomy":"product_brand","embeddable":true,"href":"https:\/\/sneeboer.com\/de-ch\/wp-json\/wp\/v2\/product_brand?post=51325"},{"taxonomy":"product_cat","embeddable":true,"href":"https:\/\/sneeboer.com\/de-ch\/wp-json\/wp\/v2\/product_cat?post=51325"},{"taxonomy":"product_tag","embeddable":true,"href":"https:\/\/sneeboer.com\/de-ch\/wp-json\/wp\/v2\/product_tag?post=51325"},{"taxonomy":"weeds","embeddable":true,"href":"https:\/\/sneeboer.com\/de-ch\/wp-json\/wp\/v2\/weeds?post=51325"},{"taxonomy":"soil_types","embeddable":true,"href":"https:\/\/sneeboer.com\/de-ch\/wp-json\/wp\/v2\/soil_types?post=51325"}],"curies":[{"name":"wp","href":"https:\/\/api.w.org\/{rel}","templated":true}]}}