{"id":51181,"date":"2023-05-09T14:52:38","date_gmt":"2023-05-09T12:52:38","guid":{"rendered":"https:\/\/sneeboer.com\/handgesmeed-tuingereedschap\/unkrautstecher-3"},"modified":"2023-08-28T15:41:22","modified_gmt":"2023-08-28T13:41:22","slug":"unkrautstecher-3","status":"publish","type":"product","link":"https:\/\/sneeboer.com\/de-ch\/handgeschmiedete-gartengeraete\/unkrautstecher-3","title":{"rendered":"Unkrautstecher"},"content":{"rendered":"<p>Dieser Unkrautstecher mit langem Stiel eignet sich weniger f\u00fcr die Arbeit in dicht bepflanzten Beeten, aber daf\u00fcr perfekt zum Entfernen von Unkraut aus dem Rasen. Dieser Unkrautstecher verf\u00fcgt \u00fcber einen 155 cm langen Eschenholzstiel mit Knauf. Er ist auch als kleineres Handger\u00e4t mit einem Griff aus Eschen- oder Kirschholz erh\u00e4ltlich.<\/p>\n","protected":false},"excerpt":{"rendered":"<p>Dieses Ger\u00e4t ist perfekt geeignet, um Unkraut mit langen Pfahlwurzeln wie L\u00f6wenzahn aus dem Rasen oder anderen Teilen des Gartens zu entfernen. Die solide Klinge aus rostfreiem Stahl ist gesch\u00e4rft und l\u00e4sst sich daher leicht in den Boden eintreiben.<\/p>\n","protected":false},"featured_media":26159,"comment_status":"closed","ping_status":"closed","template":"","meta":{"inline_featured_image":false,"product_video_url":"","product_360_url":""},"product_brand":[],"product_cat":[203],"product_tag":[532],"weeds":[],"soil_types":[],"class_list":{"0":"post-51181","1":"product","2":"type-product","3":"status-publish","4":"has-post-thumbnail","6":"product_cat-unkrautentfernung-2","7":"product_tag-unkraut-entfernen-de-ch","8":"post","10":"first","11":"instock","12":"taxable","13":"shipping-taxable","14":"purchasable","15":"product-type-simple"},"exclude_global_add_ons":false,"addons":[{"name":"Gravur","type":"custom_text","position":0,"required":false,"title_format":"heading","default":"","description_enable":true,"description":"Geben Sie bis zu 50 Zeichen ein.","placeholder_enable":false,"placeholder":"","display":"select","restrictions_type":"any_text","adjust_price":true,"price":"4.92","price_type":"quantity_based","restrictions":true,"min":"1","max":"50","options":[],"id":1684165753}],"_links":{"self":[{"href":"https:\/\/sneeboer.com\/de-ch\/wp-json\/wp\/v2\/product\/51181","targetHints":{"allow":["GET"]}}],"collection":[{"href":"https:\/\/sneeboer.com\/de-ch\/wp-json\/wp\/v2\/product"}],"about":[{"href":"https:\/\/sneeboer.com\/de-ch\/wp-json\/wp\/v2\/types\/product"}],"replies":[{"embeddable":true,"href":"https:\/\/sneeboer.com\/de-ch\/wp-json\/wp\/v2\/comments?post=51181"}],"wp:featuredmedia":[{"embeddable":true,"href":"https:\/\/sneeboer.com\/de-ch\/wp-json\/wp\/v2\/media\/26159"}],"wp:attachment":[{"href":"https:\/\/sneeboer.com\/de-ch\/wp-json\/wp\/v2\/media?parent=51181"}],"wp:term":[{"taxonomy":"product_brand","embeddable":true,"href":"https:\/\/sneeboer.com\/de-ch\/wp-json\/wp\/v2\/product_brand?post=51181"},{"taxonomy":"product_cat","embeddable":true,"href":"https:\/\/sneeboer.com\/de-ch\/wp-json\/wp\/v2\/product_cat?post=51181"},{"taxonomy":"product_tag","embeddable":true,"href":"https:\/\/sneeboer.com\/de-ch\/wp-json\/wp\/v2\/product_tag?post=51181"},{"taxonomy":"weeds","embeddable":true,"href":"https:\/\/sneeboer.com\/de-ch\/wp-json\/wp\/v2\/weeds?post=51181"},{"taxonomy":"soil_types","embeddable":true,"href":"https:\/\/sneeboer.com\/de-ch\/wp-json\/wp\/v2\/soil_types?post=51181"}],"curies":[{"name":"wp","href":"https:\/\/api.w.org\/{rel}","templated":true}]}}