{"id":51136,"date":"2023-05-09T14:49:56","date_gmt":"2023-05-09T12:49:56","guid":{"rendered":"https:\/\/sneeboer.com\/handgesmeed-tuingereedschap\/schnurgeraet-2"},"modified":"2023-08-28T15:41:32","modified_gmt":"2023-08-28T13:41:32","slug":"schnurgeraet-2","status":"publish","type":"product","link":"https:\/\/sneeboer.com\/de-ch\/handgeschmiedete-gartengeraete\/schnurgeraet-2","title":{"rendered":"Schnurger\u00e4t"},"content":{"rendered":"","protected":false},"excerpt":{"rendered":"<p>Bei diesem Set handelt es sich um eine Kombination aus zwei Pflanzst\u00f6cken, die auch f\u00fcr das Ausheben von L\u00f6chern zum Einpflanzen von Samen oder kleinen Blumenzwiebeln verwendet werden kann. Die scharfe Spitze aus rostfreiem Stahl dringt m\u00fchelos in den Boden ein, w\u00e4hrend der formsch\u00f6ne Griff aus Kirschholz gut in der Hand liegt. In Verbindung mit einem St\u00fcck Schnur in der Mitte k\u00f6nnen die beiden Pflanzst\u00f6cke als Schnurger\u00e4t verwendet werden. Dieses kann dann beim Ausheben von Furchen oder Gr\u00e4ben oder beim Rasenm\u00e4hen zum Ziehen von Grenzlinien verwendet werden.<\/p>\n","protected":false},"featured_media":26147,"comment_status":"closed","ping_status":"closed","template":"","meta":{"inline_featured_image":false,"product_video_url":"","product_360_url":""},"product_brand":[],"product_cat":[105,130],"product_tag":[494,332,532],"weeds":[],"soil_types":[],"class_list":{"0":"post-51136","1":"product","2":"type-product","3":"status-publish","4":"has-post-thumbnail","6":"product_cat-handgeraete-2","7":"product_cat-pflanzer-2","8":"product_tag-bepflanzung-de-ch","9":"product_tag-graben-de-ch","10":"product_tag-unkraut-entfernen-de-ch","11":"post","13":"first","14":"instock","15":"taxable","16":"shipping-taxable","17":"purchasable","18":"product-type-simple"},"exclude_global_add_ons":false,"addons":[{"name":"Gravur","type":"custom_text","position":0,"required":false,"title_format":"heading","default":"","description_enable":true,"description":"Geben Sie bis zu 50 Zeichen ein.","placeholder_enable":false,"placeholder":"","display":"select","restrictions_type":"any_text","adjust_price":true,"price":"4.92","price_type":"quantity_based","restrictions":true,"min":"1","max":"50","options":[],"id":1684165753}],"_links":{"self":[{"href":"https:\/\/sneeboer.com\/de-ch\/wp-json\/wp\/v2\/product\/51136","targetHints":{"allow":["GET"]}}],"collection":[{"href":"https:\/\/sneeboer.com\/de-ch\/wp-json\/wp\/v2\/product"}],"about":[{"href":"https:\/\/sneeboer.com\/de-ch\/wp-json\/wp\/v2\/types\/product"}],"replies":[{"embeddable":true,"href":"https:\/\/sneeboer.com\/de-ch\/wp-json\/wp\/v2\/comments?post=51136"}],"wp:featuredmedia":[{"embeddable":true,"href":"https:\/\/sneeboer.com\/de-ch\/wp-json\/wp\/v2\/media\/26147"}],"wp:attachment":[{"href":"https:\/\/sneeboer.com\/de-ch\/wp-json\/wp\/v2\/media?parent=51136"}],"wp:term":[{"taxonomy":"product_brand","embeddable":true,"href":"https:\/\/sneeboer.com\/de-ch\/wp-json\/wp\/v2\/product_brand?post=51136"},{"taxonomy":"product_cat","embeddable":true,"href":"https:\/\/sneeboer.com\/de-ch\/wp-json\/wp\/v2\/product_cat?post=51136"},{"taxonomy":"product_tag","embeddable":true,"href":"https:\/\/sneeboer.com\/de-ch\/wp-json\/wp\/v2\/product_tag?post=51136"},{"taxonomy":"weeds","embeddable":true,"href":"https:\/\/sneeboer.com\/de-ch\/wp-json\/wp\/v2\/weeds?post=51136"},{"taxonomy":"soil_types","embeddable":true,"href":"https:\/\/sneeboer.com\/de-ch\/wp-json\/wp\/v2\/soil_types?post=51136"}],"curies":[{"name":"wp","href":"https:\/\/api.w.org\/{rel}","templated":true}]}}