{"id":51055,"date":"2023-05-09T13:52:30","date_gmt":"2023-05-09T11:52:30","guid":{"rendered":"https:\/\/sneeboer.com\/handgesmeed-tuingereedschap\/steinspaten-mit-tritt-und-aussparungen"},"modified":"2023-08-28T15:41:50","modified_gmt":"2023-08-28T13:41:50","slug":"steinspaten-mit-tritt-und-aussparungen","status":"publish","type":"product","link":"https:\/\/sneeboer.com\/de-ch\/handgeschmiedete-gartengeraete\/steinspaten-mit-tritt-und-aussparungen","title":{"rendered":"Steinspaten mit Tritt und Aussparungen"},"content":{"rendered":"<p>Das Design des Steinspatens geht auf eine Idee des ber\u00fchmten englischen Rosenz\u00fcchters John Scarman zur\u00fcck. Wir stellen zwei Varianten dieses praktischen Werkzeugs her: diese Ausf\u00fchrung sowie eine Version ohne Aussparungen im Blatt. Beide Varianten sind mit einem 90 cm oder 100 cm langen T-Stiel oder einem 85 cm langen D-Stiel aus Eschenholz erh\u00e4ltlich.<\/p>\n","protected":false},"excerpt":{"rendered":"<p>Der Steinspaten mit Tritt und Aussparungen ist ideal f\u00fcr das Verpflanzen von Rosen, Str\u00e4uchern und anderen Stauden in steinigen B\u00f6den. Die Schneidkante besteht aus mehreren gesch\u00e4rften Zacken. Diese Form vergr\u00f6\u00dfert die Schneidkante, um die Wurzeln von Rosen und anderen Pflanzen m\u00fchelos zu erfassen und zu durchtrennen. Im Vergleich zu unserem herk\u00f6mmlichen Spaten ist die Schneidkante dieses Modells um ca. 30 % gr\u00f6\u00dfer. Das Blatt dieser Variante ist mit Aussparungen versehen, die daf\u00fcr sorgen, dass Erde und Lehm nicht an ihm haften bleiben, was die Arbeit mit diesem Spaten wesentlich weniger anstrengend macht.<\/p>\n","protected":false},"featured_media":26211,"comment_status":"closed","ping_status":"closed","template":"","meta":{"inline_featured_image":false,"product_video_url":"","product_360_url":""},"product_brand":[],"product_cat":[158,176],"product_tag":[494,472,332,532],"weeds":[],"soil_types":[],"class_list":{"0":"post-51055","1":"product","2":"type-product","3":"status-publish","4":"has-post-thumbnail","6":"product_cat-spaten-2","7":"product_cat-spezial-geraete-2","8":"product_tag-bepflanzung-de-ch","9":"product_tag-furchung-de-ch","10":"product_tag-graben-de-ch","11":"product_tag-unkraut-entfernen-de-ch","12":"post","14":"first","15":"instock","16":"taxable","17":"shipping-taxable","18":"purchasable","19":"product-type-simple"},"exclude_global_add_ons":false,"addons":[{"name":"Gravur","type":"custom_text","position":0,"required":false,"title_format":"heading","default":"","description_enable":true,"description":"Geben Sie bis zu 50 Zeichen ein.","placeholder_enable":false,"placeholder":"","display":"select","restrictions_type":"any_text","adjust_price":true,"price":"4.92","price_type":"quantity_based","restrictions":true,"min":"1","max":"50","options":[],"id":1684165753}],"_links":{"self":[{"href":"https:\/\/sneeboer.com\/de-ch\/wp-json\/wp\/v2\/product\/51055","targetHints":{"allow":["GET"]}}],"collection":[{"href":"https:\/\/sneeboer.com\/de-ch\/wp-json\/wp\/v2\/product"}],"about":[{"href":"https:\/\/sneeboer.com\/de-ch\/wp-json\/wp\/v2\/types\/product"}],"replies":[{"embeddable":true,"href":"https:\/\/sneeboer.com\/de-ch\/wp-json\/wp\/v2\/comments?post=51055"}],"wp:featuredmedia":[{"embeddable":true,"href":"https:\/\/sneeboer.com\/de-ch\/wp-json\/wp\/v2\/media\/26211"}],"wp:attachment":[{"href":"https:\/\/sneeboer.com\/de-ch\/wp-json\/wp\/v2\/media?parent=51055"}],"wp:term":[{"taxonomy":"product_brand","embeddable":true,"href":"https:\/\/sneeboer.com\/de-ch\/wp-json\/wp\/v2\/product_brand?post=51055"},{"taxonomy":"product_cat","embeddable":true,"href":"https:\/\/sneeboer.com\/de-ch\/wp-json\/wp\/v2\/product_cat?post=51055"},{"taxonomy":"product_tag","embeddable":true,"href":"https:\/\/sneeboer.com\/de-ch\/wp-json\/wp\/v2\/product_tag?post=51055"},{"taxonomy":"weeds","embeddable":true,"href":"https:\/\/sneeboer.com\/de-ch\/wp-json\/wp\/v2\/weeds?post=51055"},{"taxonomy":"soil_types","embeddable":true,"href":"https:\/\/sneeboer.com\/de-ch\/wp-json\/wp\/v2\/soil_types?post=51055"}],"curies":[{"name":"wp","href":"https:\/\/api.w.org\/{rel}","templated":true}]}}