{"id":50946,"date":"2023-05-09T13:46:50","date_gmt":"2023-05-09T11:46:50","guid":{"rendered":"https:\/\/sneeboer.com\/handgesmeed-tuingereedschap\/steinspaten-mit-tritt-3"},"modified":"2026-04-20T12:20:43","modified_gmt":"2026-04-20T10:20:43","slug":"steinspaten-mit-stufen","status":"publish","type":"product","link":"https:\/\/sneeboer.com\/de-ch\/handgeschmiedete-gartengeraete\/steinspaten-mit-stufen","title":{"rendered":"Steinspaten mit Stufen"},"content":{"rendered":"<p>Der Steinspaten mit Stufen wurde nach einer Idee des englischen Rosenz\u00fcchters John Scarman entworfen und ist in mehreren Varianten erh\u00e4ltlich. Der Steinspaten mit einem T-Stiel aus Eschenholz von 90 oder 100 cm, der Steinspaten mit einem D-Stiel aus Eschenholz oder der Steinspaten mit Schlitzen im Blatt, die das Festkleben von Erde verhindern, ebenfalls mit einem T-Stiel aus Eschenholz von 90 cm.<\/p>\n","protected":false},"excerpt":{"rendered":"<p>Der Steinspaten mit Stufen ist ideal zum Verpflanzen von Rosen, Str\u00e4uchern und anderen Stauden in steinigen B\u00f6den. Die scharf geschliffenen Z\u00e4hne im Blatt bieten eine sehr gro\u00dfe Schnittlinie, so dass Rosen und bewurzelte Beete leicht bearbeitet werden k\u00f6nnen. Durch die spezielle Zahnung ist die Schnittlinie 30% gr\u00f6\u00dfer als bei einem normalen Spaten.<\/p>\n","protected":false},"featured_media":5332,"comment_status":"closed","ping_status":"closed","template":"","meta":{"inline_featured_image":false,"product_video_url":"","product_360_url":""},"product_brand":[],"product_cat":[154,158],"product_tag":[494,332,291,296],"weeds":[],"soil_types":[],"class_list":{"0":"post-50946","1":"product","2":"type-product","3":"status-publish","4":"has-post-thumbnail","6":"product_cat-spade","7":"product_cat-spaten-2","8":"product_tag-bepflanzung-de-ch","9":"product_tag-graben-de-ch","10":"product_tag-graven","11":"product_tag-planten","12":"post","14":"first","15":"onbackorder","16":"taxable","17":"shipping-taxable","18":"purchasable","19":"product-type-simple"},"exclude_global_add_ons":false,"addons":[{"name":"Gravur","type":"custom_text","position":0,"required":false,"title_format":"heading","default":"","description_enable":true,"description":"Geben Sie bis zu 50 Zeichen ein.","placeholder_enable":false,"placeholder":"","display":"select","restrictions_type":"any_text","adjust_price":true,"price":"4.92","price_type":"quantity_based","restrictions":true,"min":"1","max":"50","options":[],"id":1684165753}],"_links":{"self":[{"href":"https:\/\/sneeboer.com\/de-ch\/wp-json\/wp\/v2\/product\/50946","targetHints":{"allow":["GET"]}}],"collection":[{"href":"https:\/\/sneeboer.com\/de-ch\/wp-json\/wp\/v2\/product"}],"about":[{"href":"https:\/\/sneeboer.com\/de-ch\/wp-json\/wp\/v2\/types\/product"}],"replies":[{"embeddable":true,"href":"https:\/\/sneeboer.com\/de-ch\/wp-json\/wp\/v2\/comments?post=50946"}],"wp:featuredmedia":[{"embeddable":true,"href":"https:\/\/sneeboer.com\/de-ch\/wp-json\/wp\/v2\/media\/5332"}],"wp:attachment":[{"href":"https:\/\/sneeboer.com\/de-ch\/wp-json\/wp\/v2\/media?parent=50946"}],"wp:term":[{"taxonomy":"product_brand","embeddable":true,"href":"https:\/\/sneeboer.com\/de-ch\/wp-json\/wp\/v2\/product_brand?post=50946"},{"taxonomy":"product_cat","embeddable":true,"href":"https:\/\/sneeboer.com\/de-ch\/wp-json\/wp\/v2\/product_cat?post=50946"},{"taxonomy":"product_tag","embeddable":true,"href":"https:\/\/sneeboer.com\/de-ch\/wp-json\/wp\/v2\/product_tag?post=50946"},{"taxonomy":"weeds","embeddable":true,"href":"https:\/\/sneeboer.com\/de-ch\/wp-json\/wp\/v2\/weeds?post=50946"},{"taxonomy":"soil_types","embeddable":true,"href":"https:\/\/sneeboer.com\/de-ch\/wp-json\/wp\/v2\/soil_types?post=50946"}],"curies":[{"name":"wp","href":"https:\/\/api.w.org\/{rel}","templated":true}]}}