{"id":50840,"date":"2023-05-09T13:39:01","date_gmt":"2023-05-09T11:39:01","guid":{"rendered":"https:\/\/sneeboer.com\/handgesmeed-tuingereedschap\/great-dixter-blumenzwiebelpflanzer"},"modified":"2025-05-13T08:04:51","modified_gmt":"2025-05-13T06:04:51","slug":"great-dixter-blumenzwiebelpflanzer","status":"publish","type":"product","link":"https:\/\/sneeboer.com\/de-ch\/handgeschmiedete-gartengeraete\/great-dixter-blumenzwiebelpflanzer","title":{"rendered":"Great Dixter Blumenzwiebelpflanzer"},"content":{"rendered":"<p>Der Great Dixter-Blumenzwiebelpfanzer wurde nach den genauen Vorgaben von Christopher Lloyd entworfen. Dieser Blumenzwiebelpflanzer ist Teil einer besonderen Kollektion von Werkzeugen \u2013 und wir haben das Privileg, diese unter dem Namen \u201eGreat Dixter\u201c verkaufen zu d\u00fcrfen. Sneeboer ist weltweit der einzige Hersteller von Gartenger\u00e4ten, der diesen Namen in seiner Produktpalette verwenden darf. Mit jedem Verkauf eines Great Dixter-Ger\u00e4ts spendet Sneeboer einen Teil des Erl\u00f6ses an den Great Dixter Charitable Trust. Wir bei Sneeboer sind gl\u00fccklich und stolz darauf, dass wir einen Beitrag zu diesem herausragenden Beispiel englischen Kulturerbes leisten k\u00f6nnen.<\/p>\n","protected":false},"excerpt":{"rendered":"<p>Inspiriert von Nathaniel Lloyds historischem Blumenzwiebelpflanzer, \u00fcbertrifft dieses Ger\u00e4t durch seine Ausgewogenheit, sein Gewicht und seine Winkel alle anderen f\u00fcr diese Aufgabe auf dem Markt erh\u00e4ltlichen Ger\u00e4te. So lassen sich nach dem Zufallsprinzip Pflanzl\u00f6cher erstellen, was eine nat\u00fcrlichere Bepflanzung erm\u00f6glicht. Der breite Kreuzgriff erm\u00f6glicht es, den Kopf mit Leichtigkeit in den Boden zu treiben, w\u00e4hrend der spitz zulaufende Kopf daf\u00fcr sorgt, dass die Erde stets effektiv herausgedr\u00fcckt wird. Mit diesem robusten, qualitativ hochwertigen Ger\u00e4t wird das Pflanzen von Blumenzwiebeln im Rasen zu einer angenehmen Aufgabe. Es besitzt die ganze Sch\u00f6nheit, Raffinesse und Ergonomie eines klassischen Werkzeugs. Der Blumenzwiebelpflanzer verf\u00fcgt \u00fcber einen kreuzf\u00f6rmigen Auftritt, der sowohl von Rechts- als auch von Linksh\u00e4ndern genutzt werden kann.<\/p>\n","protected":false},"featured_media":26231,"comment_status":"closed","ping_status":"closed","template":"","meta":{"inline_featured_image":false,"product_video_url":"","product_360_url":""},"product_brand":[],"product_cat":[417,130],"product_tag":[494,504],"weeds":[],"soil_types":[],"class_list":{"0":"post-50840","1":"product","2":"type-product","3":"status-publish","4":"has-post-thumbnail","6":"product_cat-great-dixter-de-ch","7":"product_cat-pflanzer-2","8":"product_tag-bepflanzung-de-ch","9":"product_tag-schaufeln-de-ch","10":"post","12":"first","13":"instock","14":"taxable","15":"shipping-taxable","16":"purchasable","17":"product-type-simple"},"exclude_global_add_ons":false,"addons":[{"name":"Gravur","type":"custom_text","position":0,"required":false,"title_format":"heading","default":"","description_enable":true,"description":"Geben Sie bis zu 50 Zeichen ein.","placeholder_enable":false,"placeholder":"","display":"select","restrictions_type":"any_text","adjust_price":true,"price":"4.92","price_type":"quantity_based","restrictions":true,"min":"1","max":"50","options":[],"id":1684165753}],"_links":{"self":[{"href":"https:\/\/sneeboer.com\/de-ch\/wp-json\/wp\/v2\/product\/50840","targetHints":{"allow":["GET"]}}],"collection":[{"href":"https:\/\/sneeboer.com\/de-ch\/wp-json\/wp\/v2\/product"}],"about":[{"href":"https:\/\/sneeboer.com\/de-ch\/wp-json\/wp\/v2\/types\/product"}],"replies":[{"embeddable":true,"href":"https:\/\/sneeboer.com\/de-ch\/wp-json\/wp\/v2\/comments?post=50840"}],"wp:featuredmedia":[{"embeddable":true,"href":"https:\/\/sneeboer.com\/de-ch\/wp-json\/wp\/v2\/media\/26231"}],"wp:attachment":[{"href":"https:\/\/sneeboer.com\/de-ch\/wp-json\/wp\/v2\/media?parent=50840"}],"wp:term":[{"taxonomy":"product_brand","embeddable":true,"href":"https:\/\/sneeboer.com\/de-ch\/wp-json\/wp\/v2\/product_brand?post=50840"},{"taxonomy":"product_cat","embeddable":true,"href":"https:\/\/sneeboer.com\/de-ch\/wp-json\/wp\/v2\/product_cat?post=50840"},{"taxonomy":"product_tag","embeddable":true,"href":"https:\/\/sneeboer.com\/de-ch\/wp-json\/wp\/v2\/product_tag?post=50840"},{"taxonomy":"weeds","embeddable":true,"href":"https:\/\/sneeboer.com\/de-ch\/wp-json\/wp\/v2\/weeds?post=50840"},{"taxonomy":"soil_types","embeddable":true,"href":"https:\/\/sneeboer.com\/de-ch\/wp-json\/wp\/v2\/soil_types?post=50840"}],"curies":[{"name":"wp","href":"https:\/\/api.w.org\/{rel}","templated":true}]}}