{"id":50817,"date":"2023-05-09T13:37:32","date_gmt":"2023-05-09T11:37:32","guid":{"rendered":"https:\/\/sneeboer.com\/handgesmeed-tuingereedschap\/schneeschieber-schmal"},"modified":"2023-08-28T15:42:49","modified_gmt":"2023-08-28T13:42:49","slug":"schneeschieber-schmal","status":"publish","type":"product","link":"https:\/\/sneeboer.com\/de-ch\/handgeschmiedete-gartengeraete\/schneeschieber-schmal","title":{"rendered":"Schneeschieber schmal"},"content":{"rendered":"","protected":false},"excerpt":{"rendered":"<p>Dieser sch\u00f6ne halbrunde Schneeschieber aus Edelstahl ist mit einem 140 cm langen Eschenholzstiel ausgestattet. Die T\u00fclle, die den Stiel h\u00e4lt, ist an der R\u00fcckseite des Blattes angeschwei\u00dft. Das 40 cm breite und 20 cm hohe Schaufelblatt aus rostfreiem Stahl bleibt selbst beim Bewegen dicker Schneebretter stabil und zerbricht nicht.<\/p>\n","protected":false},"featured_media":26223,"comment_status":"closed","ping_status":"closed","template":"","meta":{"inline_featured_image":false,"product_video_url":"","product_360_url":""},"product_brand":[],"product_cat":[637],"product_tag":[504,532],"weeds":[],"soil_types":[],"class_list":{"0":"post-50817","1":"product","2":"type-product","3":"status-publish","4":"has-post-thumbnail","6":"product_cat-winter-de-ch","7":"product_tag-schaufeln-de-ch","8":"product_tag-unkraut-entfernen-de-ch","9":"post","11":"first","12":"instock","13":"taxable","14":"shipping-taxable","15":"purchasable","16":"product-type-simple"},"exclude_global_add_ons":false,"addons":[{"name":"Gravur","type":"custom_text","position":0,"required":false,"title_format":"heading","default":"","description_enable":true,"description":"Geben Sie bis zu 50 Zeichen ein.","placeholder_enable":false,"placeholder":"","display":"select","restrictions_type":"any_text","adjust_price":true,"price":"4.92","price_type":"quantity_based","restrictions":true,"min":"1","max":"50","options":[],"id":1684165753}],"_links":{"self":[{"href":"https:\/\/sneeboer.com\/de-ch\/wp-json\/wp\/v2\/product\/50817","targetHints":{"allow":["GET"]}}],"collection":[{"href":"https:\/\/sneeboer.com\/de-ch\/wp-json\/wp\/v2\/product"}],"about":[{"href":"https:\/\/sneeboer.com\/de-ch\/wp-json\/wp\/v2\/types\/product"}],"replies":[{"embeddable":true,"href":"https:\/\/sneeboer.com\/de-ch\/wp-json\/wp\/v2\/comments?post=50817"}],"wp:featuredmedia":[{"embeddable":true,"href":"https:\/\/sneeboer.com\/de-ch\/wp-json\/wp\/v2\/media\/26223"}],"wp:attachment":[{"href":"https:\/\/sneeboer.com\/de-ch\/wp-json\/wp\/v2\/media?parent=50817"}],"wp:term":[{"taxonomy":"product_brand","embeddable":true,"href":"https:\/\/sneeboer.com\/de-ch\/wp-json\/wp\/v2\/product_brand?post=50817"},{"taxonomy":"product_cat","embeddable":true,"href":"https:\/\/sneeboer.com\/de-ch\/wp-json\/wp\/v2\/product_cat?post=50817"},{"taxonomy":"product_tag","embeddable":true,"href":"https:\/\/sneeboer.com\/de-ch\/wp-json\/wp\/v2\/product_tag?post=50817"},{"taxonomy":"weeds","embeddable":true,"href":"https:\/\/sneeboer.com\/de-ch\/wp-json\/wp\/v2\/weeds?post=50817"},{"taxonomy":"soil_types","embeddable":true,"href":"https:\/\/sneeboer.com\/de-ch\/wp-json\/wp\/v2\/soil_types?post=50817"}],"curies":[{"name":"wp","href":"https:\/\/api.w.org\/{rel}","templated":true}]}}