{"id":50714,"date":"2023-05-09T13:30:16","date_gmt":"2023-05-09T11:30:16","guid":{"rendered":"https:\/\/sneeboer.com\/handgesmeed-tuingereedschap\/hollaendische-sandschaufel-20-cm"},"modified":"2023-08-28T15:43:14","modified_gmt":"2023-08-28T13:43:14","slug":"hollaendische-sandschaufel-20-cm","status":"publish","type":"product","link":"https:\/\/sneeboer.com\/de-ch\/handgeschmiedete-gartengeraete\/hollaendische-sandschaufel-20-cm","title":{"rendered":"Holl\u00e4ndische Sandschaufel 20 cm"},"content":{"rendered":"<p>Kennzeichnend f\u00fcr eine Schaufel sind die Abmessungen des Blattes und dessen Winkel im Verh\u00e4ltnis zum Holzstiel. Aufgrund dieser Merkmale ist eine Schaufel besser zum Bewegen von Material geeignet als ein Spaten. Unser Sortiment umfasst diese Schaufel sowie ein Modell mit einem breiteren Schaufelblatt, mit dem sich noch mehr Material aufnehmen l\u00e4sst. Wir bieten eine gro\u00dfe Auswahl an Eschenholzstielen in verschiedenen L\u00e4ngen an und haben sogar eine Variante im Programm, bei der sowohl das Schaufelblatt als auch der Stiel aus rostfreiem Stahl gefertigt sind.<\/p>\n","protected":false},"excerpt":{"rendered":"<p>Die klassische holl\u00e4ndische Sandschaufel, im Niederl\u00e4ndischen auch als \u201eBats\u201c bezeichnet, eignet sich perfekt zum Bewegen von losem Material wie Sand, Kies, Erde, Holzsp\u00e4nen und vielen anderen Materialien mit gr\u00f6\u00dferem Volumen. Die Schaufel ist auch mit einem breiteren Blatt erh\u00e4ltlich. Stiel und Blatt dieser haupts\u00e4chlich in der Lebensmittelindustrie verwendeten Schaufel bestehen aus rostfreiem Stahl. Bitte beachten Sie, dass diese Schaufel deutlich schwerer ist als eine herk\u00f6mmliche Schaufel mit Eschenholzstiel.<\/p>\n","protected":false},"featured_media":25497,"comment_status":"closed","ping_status":"closed","template":"","meta":{"inline_featured_image":false,"product_video_url":"","product_360_url":""},"product_brand":[],"product_cat":[153],"product_tag":[332,504,532],"weeds":[],"soil_types":[],"class_list":{"0":"post-50714","1":"product","2":"type-product","3":"status-publish","4":"has-post-thumbnail","6":"product_cat-schaufel-2","7":"product_tag-graben-de-ch","8":"product_tag-schaufeln-de-ch","9":"product_tag-unkraut-entfernen-de-ch","10":"post","12":"first","13":"instock","14":"taxable","15":"shipping-taxable","16":"purchasable","17":"product-type-simple"},"exclude_global_add_ons":[],"addons":[],"_links":{"self":[{"href":"https:\/\/sneeboer.com\/de-ch\/wp-json\/wp\/v2\/product\/50714","targetHints":{"allow":["GET"]}}],"collection":[{"href":"https:\/\/sneeboer.com\/de-ch\/wp-json\/wp\/v2\/product"}],"about":[{"href":"https:\/\/sneeboer.com\/de-ch\/wp-json\/wp\/v2\/types\/product"}],"replies":[{"embeddable":true,"href":"https:\/\/sneeboer.com\/de-ch\/wp-json\/wp\/v2\/comments?post=50714"}],"wp:featuredmedia":[{"embeddable":true,"href":"https:\/\/sneeboer.com\/de-ch\/wp-json\/wp\/v2\/media\/25497"}],"wp:attachment":[{"href":"https:\/\/sneeboer.com\/de-ch\/wp-json\/wp\/v2\/media?parent=50714"}],"wp:term":[{"taxonomy":"product_brand","embeddable":true,"href":"https:\/\/sneeboer.com\/de-ch\/wp-json\/wp\/v2\/product_brand?post=50714"},{"taxonomy":"product_cat","embeddable":true,"href":"https:\/\/sneeboer.com\/de-ch\/wp-json\/wp\/v2\/product_cat?post=50714"},{"taxonomy":"product_tag","embeddable":true,"href":"https:\/\/sneeboer.com\/de-ch\/wp-json\/wp\/v2\/product_tag?post=50714"},{"taxonomy":"weeds","embeddable":true,"href":"https:\/\/sneeboer.com\/de-ch\/wp-json\/wp\/v2\/weeds?post=50714"},{"taxonomy":"soil_types","embeddable":true,"href":"https:\/\/sneeboer.com\/de-ch\/wp-json\/wp\/v2\/soil_types?post=50714"}],"curies":[{"name":"wp","href":"https:\/\/api.w.org\/{rel}","templated":true}]}}