{"id":50700,"date":"2023-05-09T13:29:17","date_gmt":"2023-05-09T11:29:17","guid":{"rendered":"https:\/\/sneeboer.com\/handgesmeed-tuingereedschap\/terrarium-spade"},"modified":"2024-04-30T09:07:29","modified_gmt":"2024-04-30T07:07:29","slug":"terrarium-spade","status":"publish","type":"product","link":"https:\/\/sneeboer.com\/de-ch\/handgeschmiedete-gartengeraete\/terrarium-spade","title":{"rendered":"Terrarium Spaten mit Stampfer"},"content":{"rendered":"<p>Wir haben eine kleine Gabel und einen kleinen Spaten entwickelt, mit Stampfer am Ende des Werkzeugs. Der Stampfer kann zum Verdichten der Erde im Terrarium verwendet werden. Die Gabel dient zum L\u00fcften und Kultivieren, w\u00e4hrend der Spaten zum Ausheben von Pflanzl\u00f6chern verwendet werden kann.<\/p>\n","protected":false},"excerpt":{"rendered":"<p>Sneeboer hat in Zusammenarbeit mit \u201eHet Groenlab\u201c aus den Niederlanden eine Reihe von Gartenger\u00e4ten entwickelt, die speziell f\u00fcr die Verwendung im kleinsten Ma\u00dfstab geschaffen wurden: n\u00e4mlich in einer Flasche! Diese Reihe von Terrarium-Werkzeugen kann zur Vorbereitung, Bepflanzung, Bel\u00fcftung und Kultivierung von Pflanzen verwendet werden und ist ein Muss f\u00fcr Indoor-G\u00e4rten. Mit einer L\u00e4nge von 44 cm erleichtern die Werkzeuge die Vorbereitung und Bepflanzung von Flaschen auf einfache und elegante Weise.<\/p>\n","protected":false},"featured_media":37709,"comment_status":"closed","ping_status":"closed","template":"","meta":{"inline_featured_image":false,"product_video_url":"","product_360_url":""},"product_brand":[],"product_cat":[176],"product_tag":[500,472,532],"weeds":[],"soil_types":[],"class_list":{"0":"post-50700","1":"product","2":"type-product","3":"status-publish","4":"has-post-thumbnail","6":"product_cat-spezial-geraete-2","7":"product_tag-eintopfen-de-ch","8":"product_tag-furchung-de-ch","9":"product_tag-unkraut-entfernen-de-ch","10":"post","12":"first","13":"instock","14":"taxable","15":"shipping-taxable","16":"purchasable","17":"product-type-simple"},"exclude_global_add_ons":false,"addons":[{"name":"Gravur","type":"custom_text","position":0,"required":false,"title_format":"heading","default":"","description_enable":true,"description":"Geben Sie bis zu 50 Zeichen ein.","placeholder_enable":false,"placeholder":"","display":"select","restrictions_type":"any_text","adjust_price":true,"price":"4.92","price_type":"quantity_based","restrictions":true,"min":"1","max":"50","options":[],"id":1684165753}],"_links":{"self":[{"href":"https:\/\/sneeboer.com\/de-ch\/wp-json\/wp\/v2\/product\/50700","targetHints":{"allow":["GET"]}}],"collection":[{"href":"https:\/\/sneeboer.com\/de-ch\/wp-json\/wp\/v2\/product"}],"about":[{"href":"https:\/\/sneeboer.com\/de-ch\/wp-json\/wp\/v2\/types\/product"}],"replies":[{"embeddable":true,"href":"https:\/\/sneeboer.com\/de-ch\/wp-json\/wp\/v2\/comments?post=50700"}],"wp:featuredmedia":[{"embeddable":true,"href":"https:\/\/sneeboer.com\/de-ch\/wp-json\/wp\/v2\/media\/37709"}],"wp:attachment":[{"href":"https:\/\/sneeboer.com\/de-ch\/wp-json\/wp\/v2\/media?parent=50700"}],"wp:term":[{"taxonomy":"product_brand","embeddable":true,"href":"https:\/\/sneeboer.com\/de-ch\/wp-json\/wp\/v2\/product_brand?post=50700"},{"taxonomy":"product_cat","embeddable":true,"href":"https:\/\/sneeboer.com\/de-ch\/wp-json\/wp\/v2\/product_cat?post=50700"},{"taxonomy":"product_tag","embeddable":true,"href":"https:\/\/sneeboer.com\/de-ch\/wp-json\/wp\/v2\/product_tag?post=50700"},{"taxonomy":"weeds","embeddable":true,"href":"https:\/\/sneeboer.com\/de-ch\/wp-json\/wp\/v2\/weeds?post=50700"},{"taxonomy":"soil_types","embeddable":true,"href":"https:\/\/sneeboer.com\/de-ch\/wp-json\/wp\/v2\/soil_types?post=50700"}],"curies":[{"name":"wp","href":"https:\/\/api.w.org\/{rel}","templated":true}]}}