{"id":50672,"date":"2023-05-09T13:27:14","date_gmt":"2023-05-09T11:27:14","guid":{"rendered":"https:\/\/sneeboer.com\/handgesmeed-tuingereedschap\/kinder-kultivator-2"},"modified":"2023-08-28T15:43:25","modified_gmt":"2023-08-28T13:43:25","slug":"kinder-kultivator-2","status":"publish","type":"product","link":"https:\/\/sneeboer.com\/de-ch\/handgeschmiedete-gartengeraete\/kinder-kultivator-2","title":{"rendered":"Kinder Kultivator"},"content":{"rendered":"<p>Im Vergleich zu unserer anderen Produktlinie f\u00fcr Kinder ist die Konstruktion dieser Kinderger\u00e4te ein wenig robuster und stabiler. So halten diese mehr aus, w\u00e4hrend Ihr Kind heranw\u00e4chst. Dar\u00fcber hinaus werden diese Werkzeuge auch von \u00e4lteren Kunden mit k\u00f6rperlichen Einschr\u00e4nkungen gern verwendet, da sie aufgrund der geringeren Gr\u00f6\u00dfe und des geringeren Gewichts im Vergleich zu herk\u00f6mmlichen Werkzeugen sehr leicht und bequem zu handhaben sind.<\/p>\n<p>Die Ger\u00e4te sind so leicht gehalten, dass sie f\u00fcr kleine G\u00e4rtner bequem und einfach zu handhaben sind. Dennoch sind sie aus rostfreiem Stahl gefertigt, der ihnen Stabilit\u00e4t und die gewohnte Sneeboer-Qualit\u00e4t verleiht. Man kann nicht fr\u00fch genug mit dem Lernen anfangen \u2013 und diese Werkzeuge sorgen f\u00fcr bleibende Erinnerungen. <\/p>\n","protected":false},"excerpt":{"rendered":"<p>Wie der Vater, so der Sohn \u2013 und wie die Mutter, so die Tochter. Kinder lieben es, ihre Eltern nachzuahmen, wenn sie sehen, dass diese Spa\u00df bei der Sache haben. Das Gleiche gilt f\u00fcr die Gartenarbeit. Deshalb hat Sneeboer eine spezielle Reihe von Gartenger\u00e4ten entwickelt \u2013 denn genau wie Sie wollen auch Ihre Kinder nicht mit minderwertiger Ausr\u00fcstung arbeiten. Die Gartenger\u00e4te f\u00fcr Kinder werden mit denselben Methoden und Qualit\u00e4tsstandards hergestellt wie die Sneeboer-Produkte, die Sie kennen und sch\u00e4tzen. Die Ger\u00e4te sind f\u00fcr Kinder ab sechs Jahren geeignet, die damit ihren Eltern unter Aufsicht bei der Gartenarbeit helfen k\u00f6nnen.<\/p>\n","protected":false},"featured_media":26262,"comment_status":"closed","ping_status":"closed","template":"","meta":{"inline_featured_image":false,"product_video_url":"","product_360_url":""},"product_brand":[],"product_cat":[645,86,176],"product_tag":[305,1341],"weeds":[],"soil_types":[],"class_list":{"0":"post-50672","1":"product","2":"type-product","3":"status-publish","4":"has-post-thumbnail","6":"product_cat-kinderwerkzeuge-de-ch","7":"product_cat-kultivator-2","8":"product_cat-spezial-geraete-2","9":"product_tag-geraetepflege-de-ch","10":"product_tag-onderhoud-de-ch","11":"post","13":"first","14":"instock","15":"taxable","16":"shipping-taxable","17":"purchasable","18":"product-type-simple"},"exclude_global_add_ons":false,"addons":[{"name":"Gravur","type":"custom_text","position":0,"required":false,"title_format":"heading","default":"","description_enable":true,"description":"Geben Sie bis zu 50 Zeichen ein.","placeholder_enable":false,"placeholder":"","display":"select","restrictions_type":"any_text","adjust_price":true,"price":"4.92","price_type":"quantity_based","restrictions":true,"min":"1","max":"50","options":[],"id":1684165753}],"_links":{"self":[{"href":"https:\/\/sneeboer.com\/de-ch\/wp-json\/wp\/v2\/product\/50672","targetHints":{"allow":["GET"]}}],"collection":[{"href":"https:\/\/sneeboer.com\/de-ch\/wp-json\/wp\/v2\/product"}],"about":[{"href":"https:\/\/sneeboer.com\/de-ch\/wp-json\/wp\/v2\/types\/product"}],"replies":[{"embeddable":true,"href":"https:\/\/sneeboer.com\/de-ch\/wp-json\/wp\/v2\/comments?post=50672"}],"wp:featuredmedia":[{"embeddable":true,"href":"https:\/\/sneeboer.com\/de-ch\/wp-json\/wp\/v2\/media\/26262"}],"wp:attachment":[{"href":"https:\/\/sneeboer.com\/de-ch\/wp-json\/wp\/v2\/media?parent=50672"}],"wp:term":[{"taxonomy":"product_brand","embeddable":true,"href":"https:\/\/sneeboer.com\/de-ch\/wp-json\/wp\/v2\/product_brand?post=50672"},{"taxonomy":"product_cat","embeddable":true,"href":"https:\/\/sneeboer.com\/de-ch\/wp-json\/wp\/v2\/product_cat?post=50672"},{"taxonomy":"product_tag","embeddable":true,"href":"https:\/\/sneeboer.com\/de-ch\/wp-json\/wp\/v2\/product_tag?post=50672"},{"taxonomy":"weeds","embeddable":true,"href":"https:\/\/sneeboer.com\/de-ch\/wp-json\/wp\/v2\/weeds?post=50672"},{"taxonomy":"soil_types","embeddable":true,"href":"https:\/\/sneeboer.com\/de-ch\/wp-json\/wp\/v2\/soil_types?post=50672"}],"curies":[{"name":"wp","href":"https:\/\/api.w.org\/{rel}","templated":true}]}}