{"id":50665,"date":"2023-05-09T13:26:44","date_gmt":"2023-05-09T11:26:44","guid":{"rendered":"https:\/\/sneeboer.com\/handgesmeed-tuingereedschap\/jaetfinger-3"},"modified":"2023-08-28T15:43:27","modified_gmt":"2023-08-28T13:43:27","slug":"jaetfinger-3","status":"publish","type":"product","link":"https:\/\/sneeboer.com\/de-ch\/handgeschmiedete-gartengeraete\/jaetfinger-3","title":{"rendered":"J\u00e4tfinger"},"content":{"rendered":"<p>Dieser J\u00e4tfinger ist mit einem 155 cm langen Eschenholzstiel mit Knauf oder als handlichere Variante mit einem Stiel aus Eschen- oder Kirschholz erh\u00e4ltlich.<\/p>\n","protected":false},"excerpt":{"rendered":"<p>Bei diesem J\u00e4tfinger handelt es sich um ein kleines, aber au\u00dferordentlich handliches Ger\u00e4t zum Pflanzen kleiner Blumenzwiebeln und zum Entfernen von l\u00e4stigem Unkraut auf engstem Raum. Der 2 cm breite und 8 cm lange \u201eFinger\u201c des Ger\u00e4ts eignet sich perfekt zum Unkrautj\u00e4ten in gepflegten Beeten oder Bord\u00fcren sowie zum Ziehen von Furchen in Saatbeeten.<\/p>\n","protected":false},"featured_media":26260,"comment_status":"closed","ping_status":"closed","template":"","meta":{"inline_featured_image":false,"product_video_url":"","product_360_url":""},"product_brand":[],"product_cat":[203],"product_tag":[472,532],"weeds":[],"soil_types":[],"class_list":{"0":"post-50665","1":"product","2":"type-product","3":"status-publish","4":"has-post-thumbnail","6":"product_cat-unkrautentfernung-2","7":"product_tag-furchung-de-ch","8":"product_tag-unkraut-entfernen-de-ch","9":"post","11":"first","12":"instock","13":"taxable","14":"shipping-taxable","15":"purchasable","16":"product-type-simple"},"exclude_global_add_ons":false,"addons":[{"name":"Gravur","type":"custom_text","position":0,"required":false,"title_format":"heading","default":"","description_enable":true,"description":"Geben Sie bis zu 50 Zeichen ein.","placeholder_enable":false,"placeholder":"","display":"select","restrictions_type":"any_text","adjust_price":true,"price":"4.92","price_type":"quantity_based","restrictions":true,"min":"1","max":"50","options":[],"id":1684165753}],"_links":{"self":[{"href":"https:\/\/sneeboer.com\/de-ch\/wp-json\/wp\/v2\/product\/50665","targetHints":{"allow":["GET"]}}],"collection":[{"href":"https:\/\/sneeboer.com\/de-ch\/wp-json\/wp\/v2\/product"}],"about":[{"href":"https:\/\/sneeboer.com\/de-ch\/wp-json\/wp\/v2\/types\/product"}],"replies":[{"embeddable":true,"href":"https:\/\/sneeboer.com\/de-ch\/wp-json\/wp\/v2\/comments?post=50665"}],"wp:featuredmedia":[{"embeddable":true,"href":"https:\/\/sneeboer.com\/de-ch\/wp-json\/wp\/v2\/media\/26260"}],"wp:attachment":[{"href":"https:\/\/sneeboer.com\/de-ch\/wp-json\/wp\/v2\/media?parent=50665"}],"wp:term":[{"taxonomy":"product_brand","embeddable":true,"href":"https:\/\/sneeboer.com\/de-ch\/wp-json\/wp\/v2\/product_brand?post=50665"},{"taxonomy":"product_cat","embeddable":true,"href":"https:\/\/sneeboer.com\/de-ch\/wp-json\/wp\/v2\/product_cat?post=50665"},{"taxonomy":"product_tag","embeddable":true,"href":"https:\/\/sneeboer.com\/de-ch\/wp-json\/wp\/v2\/product_tag?post=50665"},{"taxonomy":"weeds","embeddable":true,"href":"https:\/\/sneeboer.com\/de-ch\/wp-json\/wp\/v2\/weeds?post=50665"},{"taxonomy":"soil_types","embeddable":true,"href":"https:\/\/sneeboer.com\/de-ch\/wp-json\/wp\/v2\/soil_types?post=50665"}],"curies":[{"name":"wp","href":"https:\/\/api.w.org\/{rel}","templated":true}]}}