{"id":50534,"date":"2023-05-09T13:12:20","date_gmt":"2023-05-09T11:12:20","guid":{"rendered":"https:\/\/sneeboer.com\/handgesmeed-tuingereedschap\/vintage-spitzspaten-limited-edition"},"modified":"2023-10-27T09:33:00","modified_gmt":"2023-10-27T07:33:00","slug":"vintage-spitzspaten-limited-edition","status":"publish","type":"product","link":"https:\/\/sneeboer.com\/de-ch\/handgeschmiedete-gartengeraete\/vintage-spitzspaten-limited-edition","title":{"rendered":"Vintage Spitzspaten"},"content":{"rendered":"<p>Um das Arbeiten komfortabler zu gestalten, ist das Blatt des Spitzspatens in einem bestimmten Winkel zum Stiel angebracht. Dank Form und Winkel des Blattes eignet sich der Spitzspaten hervorragend zum Graben im Boden, jedoch weniger zum Aufnehmen oder Schaufeln von losem Material. Der Spitzspaten ist mit einem Stiel aus Eschenholz in verschiedenen L\u00e4ngen und Formen erh\u00e4ltlich. Zudem ist er optional mit einem Auftritt erh\u00e4ltlich, der die Schuhe beim Graben sch\u00fctzt.<\/p>\n","protected":false},"excerpt":{"rendered":"<p>Der Spitzspaten ist ein \u00e4u\u00dferst effektives Werkzeug, wenn es darum geht, in kompakte B\u00f6den einzudringen. Dadurch eignet er sich ideal zum Teilen von Pflanzen im Herbst und zum Anlegen von Pflanzl\u00f6chern. Dank des geschmiedeten, spitz zulaufenden und beidseitig geschliffenen Blattes kann der Spitzspaten problemlos als Pr\u00e4zisionsger\u00e4t in dicht bepflanzten Beeten eingesetzt werden. Diese Eigenschaften machen den Spitzspaten auch zu einem sehr effektiven Ger\u00e4t beim Graben in harten und kompakten B\u00f6den wie Lehm.<\/p>\n","protected":false},"featured_media":25767,"comment_status":"closed","ping_status":"closed","template":"","meta":{"inline_featured_image":false,"product_video_url":"","product_360_url":""},"product_brand":[],"product_cat":[158,448],"product_tag":[],"weeds":[],"soil_types":[],"class_list":{"0":"post-50534","1":"product","2":"type-product","3":"status-publish","4":"has-post-thumbnail","6":"product_cat-spaten-2","7":"product_cat-vintage-tools-limited-edition-de-ch","8":"post","10":"first","11":"outofstock","12":"taxable","13":"shipping-taxable","14":"purchasable","15":"product-type-simple"},"exclude_global_add_ons":[],"addons":[],"_links":{"self":[{"href":"https:\/\/sneeboer.com\/de-ch\/wp-json\/wp\/v2\/product\/50534","targetHints":{"allow":["GET"]}}],"collection":[{"href":"https:\/\/sneeboer.com\/de-ch\/wp-json\/wp\/v2\/product"}],"about":[{"href":"https:\/\/sneeboer.com\/de-ch\/wp-json\/wp\/v2\/types\/product"}],"replies":[{"embeddable":true,"href":"https:\/\/sneeboer.com\/de-ch\/wp-json\/wp\/v2\/comments?post=50534"}],"wp:featuredmedia":[{"embeddable":true,"href":"https:\/\/sneeboer.com\/de-ch\/wp-json\/wp\/v2\/media\/25767"}],"wp:attachment":[{"href":"https:\/\/sneeboer.com\/de-ch\/wp-json\/wp\/v2\/media?parent=50534"}],"wp:term":[{"taxonomy":"product_brand","embeddable":true,"href":"https:\/\/sneeboer.com\/de-ch\/wp-json\/wp\/v2\/product_brand?post=50534"},{"taxonomy":"product_cat","embeddable":true,"href":"https:\/\/sneeboer.com\/de-ch\/wp-json\/wp\/v2\/product_cat?post=50534"},{"taxonomy":"product_tag","embeddable":true,"href":"https:\/\/sneeboer.com\/de-ch\/wp-json\/wp\/v2\/product_tag?post=50534"},{"taxonomy":"weeds","embeddable":true,"href":"https:\/\/sneeboer.com\/de-ch\/wp-json\/wp\/v2\/weeds?post=50534"},{"taxonomy":"soil_types","embeddable":true,"href":"https:\/\/sneeboer.com\/de-ch\/wp-json\/wp\/v2\/soil_types?post=50534"}],"curies":[{"name":"wp","href":"https:\/\/api.w.org\/{rel}","templated":true}]}}