{"id":50488,"date":"2023-05-09T13:08:45","date_gmt":"2023-05-09T11:08:45","guid":{"rendered":"https:\/\/sneeboer.com\/handgesmeed-tuingereedschap\/piet-oudolf-collection"},"modified":"2023-09-22T16:28:46","modified_gmt":"2023-09-22T14:28:46","slug":"piet-oudolf-collection","status":"publish","type":"product","link":"https:\/\/sneeboer.com\/de-ch\/handgeschmiedete-gartengeraete\/piet-oudolf-collection","title":{"rendered":"Piet-Oudolf-Kollection"},"content":{"rendered":"<p>Das Set enth\u00e4lt eine robuste Pflanzkelle aus rostfreiem Stahl sowie eine rechtsh\u00e4ndige Handhacke mit einer 10 cm breiten Klinge, die in einem nachhaltigen Baumwollbeutel geliefert werden. Der Eschenholzstiel beider Werkzeuge ist mit der Gravur \u201ePiet Oudolf Collection\u201c versehen. Weitere Informationen und Anregungen finden Sie auf unserer spezielle Piet-Oudolf-Webseite. Auf dieser Seite findet sich sogar ein Original-Gartenentwurf von Piet Oudolf zu Ihrer Inspiration.<\/p>\n","protected":false},"excerpt":{"rendered":"<p>Die Ger\u00e4te in diesem Set hat der ber\u00fchmte niederl\u00e4ndische Gartendesigner Piet Oudolf h\u00f6chstpers\u00f6nlich ausgew\u00e4hlt. Sie bilden die Grundlage f\u00fcr die Erstellung und Pflege einer ikonischen Piet Oudolf-Palette und wurden von ihm selbst zusammengestellt. Jaap Sneeboer und Piet Oudolf haben die gemeinsame Mission, \u201edie Kraft und Sch\u00f6nheit der Natur, der Nachhaltigkeit, des \u00d6kosystems und der Umwelt erlebbar zu machen\u201c, der sie mit dieser Zusammenarbeit eine neue Dimension verliehen haben.<\/p>\n","protected":false},"featured_media":26437,"comment_status":"closed","ping_status":"closed","template":"","meta":{"inline_featured_image":false,"product_video_url":"","product_360_url":""},"product_brand":[],"product_cat":[105,239],"product_tag":[472,524,532],"weeds":[],"soil_types":[],"class_list":{"0":"post-50488","1":"product","2":"type-product","3":"status-publish","4":"has-post-thumbnail","6":"product_cat-handgeraete-2","7":"product_cat-piet-oudolf-de-2","8":"product_tag-furchung-de-ch","9":"product_tag-umpflanzen-de-ch","10":"product_tag-unkraut-entfernen-de-ch","11":"post","13":"first","14":"instock","15":"taxable","16":"shipping-taxable","17":"purchasable","18":"product-type-simple"},"exclude_global_add_ons":false,"addons":[{"name":"Gravur","type":"custom_text","position":0,"required":false,"title_format":"heading","default":"","description_enable":true,"description":"Geben Sie bis zu 50 Zeichen ein.","placeholder_enable":false,"placeholder":"","display":"select","restrictions_type":"any_text","adjust_price":true,"price":"4.92","price_type":"quantity_based","restrictions":true,"min":"1","max":"50","options":[],"id":1684165753}],"_links":{"self":[{"href":"https:\/\/sneeboer.com\/de-ch\/wp-json\/wp\/v2\/product\/50488","targetHints":{"allow":["GET"]}}],"collection":[{"href":"https:\/\/sneeboer.com\/de-ch\/wp-json\/wp\/v2\/product"}],"about":[{"href":"https:\/\/sneeboer.com\/de-ch\/wp-json\/wp\/v2\/types\/product"}],"replies":[{"embeddable":true,"href":"https:\/\/sneeboer.com\/de-ch\/wp-json\/wp\/v2\/comments?post=50488"}],"wp:featuredmedia":[{"embeddable":true,"href":"https:\/\/sneeboer.com\/de-ch\/wp-json\/wp\/v2\/media\/26437"}],"wp:attachment":[{"href":"https:\/\/sneeboer.com\/de-ch\/wp-json\/wp\/v2\/media?parent=50488"}],"wp:term":[{"taxonomy":"product_brand","embeddable":true,"href":"https:\/\/sneeboer.com\/de-ch\/wp-json\/wp\/v2\/product_brand?post=50488"},{"taxonomy":"product_cat","embeddable":true,"href":"https:\/\/sneeboer.com\/de-ch\/wp-json\/wp\/v2\/product_cat?post=50488"},{"taxonomy":"product_tag","embeddable":true,"href":"https:\/\/sneeboer.com\/de-ch\/wp-json\/wp\/v2\/product_tag?post=50488"},{"taxonomy":"weeds","embeddable":true,"href":"https:\/\/sneeboer.com\/de-ch\/wp-json\/wp\/v2\/weeds?post=50488"},{"taxonomy":"soil_types","embeddable":true,"href":"https:\/\/sneeboer.com\/de-ch\/wp-json\/wp\/v2\/soil_types?post=50488"}],"curies":[{"name":"wp","href":"https:\/\/api.w.org\/{rel}","templated":true}]}}