{"id":50424,"date":"2023-05-09T13:02:45","date_gmt":"2023-05-09T11:02:45","guid":{"rendered":"https:\/\/sneeboer.com\/handgesmeed-tuingereedschap\/stiel-fuer-stauden-spaten"},"modified":"2026-04-22T12:15:14","modified_gmt":"2026-04-22T10:15:14","slug":"stiel-fur-pflanzschaufel-grose-dixter-gabel","status":"publish","type":"product","link":"https:\/\/sneeboer.com\/de-ch\/handgeschmiedete-gartengeraete\/stiel-fur-pflanzschaufel-grose-dixter-gabel","title":{"rendered":"Stiel f\u00fcr Pflanzschaufel &#8211; Gro\u00dfe Dixter-Gabel"},"content":{"rendered":"<p>Auf unserem YouTube-Kanal haben wir mehrere Videos mit Anleitungen ver\u00f6ffentlicht, wie man einen Griff oder ein Griffst\u00fcck am besten ersetzt.<\/p><p><\/p>","protected":false},"excerpt":{"rendered":"<p>Ein Stiel aus Eschenholz mit einer L\u00e4nge von 42 cm, der f\u00fcr die Sneeboer Pflanzschaufel oder die Great Dixter Pflanzschaufel und die Great Dixter Forke geeignet ist. F\u00fcr eine l\u00e4ngere Lebensdauer empfehlen wir, das Holz regelm\u00e4\u00dfig mit gekochtem Lein\u00f6l zu schmieren. Wir liefern die Niete gleich mit. <\/p>\n","protected":false},"featured_media":31264,"comment_status":"closed","ping_status":"closed","template":"","meta":{"inline_featured_image":false,"product_video_url":"","product_360_url":""},"product_brand":[],"product_cat":[285,159,277,167],"product_tag":[290,1341],"weeds":[],"soil_types":[],"class_list":{"0":"post-50424","1":"product","2":"type-product","3":"status-publish","4":"has-post-thumbnail","6":"product_cat-geraetepflege-2","7":"product_cat-losse-stelen","8":"product_cat-onderhoud","9":"product_cat-spare-handle-8","10":"product_tag-onderhoud","11":"product_tag-onderhoud-de-ch","12":"post","14":"first","15":"instock","16":"taxable","17":"shipping-taxable","18":"purchasable","19":"product-type-simple"},"exclude_global_add_ons":false,"addons":[{"name":"Gravur","type":"custom_text","position":0,"required":false,"title_format":"heading","default":"","description_enable":true,"description":"Geben Sie bis zu 50 Zeichen ein.","placeholder_enable":false,"placeholder":"","display":"select","restrictions_type":"any_text","adjust_price":true,"price":"4.92","price_type":"quantity_based","restrictions":true,"min":"1","max":"50","options":[],"id":1684165753}],"_links":{"self":[{"href":"https:\/\/sneeboer.com\/de-ch\/wp-json\/wp\/v2\/product\/50424","targetHints":{"allow":["GET"]}}],"collection":[{"href":"https:\/\/sneeboer.com\/de-ch\/wp-json\/wp\/v2\/product"}],"about":[{"href":"https:\/\/sneeboer.com\/de-ch\/wp-json\/wp\/v2\/types\/product"}],"replies":[{"embeddable":true,"href":"https:\/\/sneeboer.com\/de-ch\/wp-json\/wp\/v2\/comments?post=50424"}],"wp:featuredmedia":[{"embeddable":true,"href":"https:\/\/sneeboer.com\/de-ch\/wp-json\/wp\/v2\/media\/31264"}],"wp:attachment":[{"href":"https:\/\/sneeboer.com\/de-ch\/wp-json\/wp\/v2\/media?parent=50424"}],"wp:term":[{"taxonomy":"product_brand","embeddable":true,"href":"https:\/\/sneeboer.com\/de-ch\/wp-json\/wp\/v2\/product_brand?post=50424"},{"taxonomy":"product_cat","embeddable":true,"href":"https:\/\/sneeboer.com\/de-ch\/wp-json\/wp\/v2\/product_cat?post=50424"},{"taxonomy":"product_tag","embeddable":true,"href":"https:\/\/sneeboer.com\/de-ch\/wp-json\/wp\/v2\/product_tag?post=50424"},{"taxonomy":"weeds","embeddable":true,"href":"https:\/\/sneeboer.com\/de-ch\/wp-json\/wp\/v2\/weeds?post=50424"},{"taxonomy":"soil_types","embeddable":true,"href":"https:\/\/sneeboer.com\/de-ch\/wp-json\/wp\/v2\/soil_types?post=50424"}],"curies":[{"name":"wp","href":"https:\/\/api.w.org\/{rel}","templated":true}]}}