{"id":50401,"date":"2023-05-09T13:00:10","date_gmt":"2023-05-09T11:00:10","guid":{"rendered":"https:\/\/sneeboer.com\/handgesmeed-tuingereedschap\/handbuerste-mit-feinem-griff"},"modified":"2023-08-28T15:44:38","modified_gmt":"2023-08-28T13:44:38","slug":"handbuerste-mit-feinem-griff","status":"publish","type":"product","link":"https:\/\/sneeboer.com\/de-ch\/handgeschmiedete-gartengeraete\/handbuerste-mit-feinem-griff","title":{"rendered":"Handb\u00fcrste mit feinem Griff"},"content":{"rendered":"","protected":false},"excerpt":{"rendered":"<p>Die Handb\u00fcrste mit schmalem Griff von Sneeboer ist das perfekte Werkzeug, um Sand und anderes Material vom Stiel oder Blatt Ihrer Gartenger\u00e4te zu entfernen, ohne sie dabei zu besch\u00e4digen. Die Form des Griffs wurde speziell gew\u00e4hlt, um die Verwendung der B\u00fcrste so komfortabel wie m\u00f6glich zu gestalten.<\/p>\n","protected":false},"featured_media":25501,"comment_status":"closed","ping_status":"closed","template":"","meta":{"inline_featured_image":false,"product_video_url":"","product_360_url":""},"product_brand":[],"product_cat":[285],"product_tag":[494,332,504,524],"weeds":[],"soil_types":[],"class_list":{"0":"post-50401","1":"product","2":"type-product","3":"status-publish","4":"has-post-thumbnail","6":"product_cat-geraetepflege-2","7":"product_tag-bepflanzung-de-ch","8":"product_tag-graben-de-ch","9":"product_tag-schaufeln-de-ch","10":"product_tag-umpflanzen-de-ch","11":"post","13":"first","14":"instock","15":"taxable","16":"shipping-taxable","17":"purchasable","18":"product-type-simple"},"exclude_global_add_ons":[],"addons":[],"_links":{"self":[{"href":"https:\/\/sneeboer.com\/de-ch\/wp-json\/wp\/v2\/product\/50401","targetHints":{"allow":["GET"]}}],"collection":[{"href":"https:\/\/sneeboer.com\/de-ch\/wp-json\/wp\/v2\/product"}],"about":[{"href":"https:\/\/sneeboer.com\/de-ch\/wp-json\/wp\/v2\/types\/product"}],"replies":[{"embeddable":true,"href":"https:\/\/sneeboer.com\/de-ch\/wp-json\/wp\/v2\/comments?post=50401"}],"wp:featuredmedia":[{"embeddable":true,"href":"https:\/\/sneeboer.com\/de-ch\/wp-json\/wp\/v2\/media\/25501"}],"wp:attachment":[{"href":"https:\/\/sneeboer.com\/de-ch\/wp-json\/wp\/v2\/media?parent=50401"}],"wp:term":[{"taxonomy":"product_brand","embeddable":true,"href":"https:\/\/sneeboer.com\/de-ch\/wp-json\/wp\/v2\/product_brand?post=50401"},{"taxonomy":"product_cat","embeddable":true,"href":"https:\/\/sneeboer.com\/de-ch\/wp-json\/wp\/v2\/product_cat?post=50401"},{"taxonomy":"product_tag","embeddable":true,"href":"https:\/\/sneeboer.com\/de-ch\/wp-json\/wp\/v2\/product_tag?post=50401"},{"taxonomy":"weeds","embeddable":true,"href":"https:\/\/sneeboer.com\/de-ch\/wp-json\/wp\/v2\/weeds?post=50401"},{"taxonomy":"soil_types","embeddable":true,"href":"https:\/\/sneeboer.com\/de-ch\/wp-json\/wp\/v2\/soil_types?post=50401"}],"curies":[{"name":"wp","href":"https:\/\/api.w.org\/{rel}","templated":true}]}}