{"id":50379,"date":"2023-05-09T12:56:00","date_gmt":"2023-05-09T10:56:00","guid":{"rendered":"https:\/\/sneeboer.com\/handgesmeed-tuingereedschap\/wetzstein"},"modified":"2023-08-28T15:44:55","modified_gmt":"2023-08-28T13:44:55","slug":"wetzstein","status":"publish","type":"product","link":"https:\/\/sneeboer.com\/de-ch\/handgeschmiedete-gartengeraete\/wetzstein","title":{"rendered":"Wetzstein"},"content":{"rendered":"","protected":false},"excerpt":{"rendered":"<p>Herbst und Winter sind der beste Zeitpunkt f\u00fcr die Wartung und Pflege Ihrer Ger\u00e4te. Mit diesem Schleifstein lassen sich die Ger\u00e4te von Sneeboer nachsch\u00e4rfen oder etwaige Grate entfernen. Der Schleifstein ist ein unverzichtbares Hilfsmittel f\u00fcr die richtige Pflege Ihrer Gartenger\u00e4te. Er verf\u00fcgt \u00fcber eine raue (grau) sowie eine glatte Seite (braun). Um eine perfekte Schneide zu erhalten, wird das Gartenger\u00e4t zun\u00e4chst mit der rauen Seite gesch\u00e4rft und anschlie\u00dfend mit der glatteren Seite nachgearbeitet.<\/p>\n","protected":false},"featured_media":25523,"comment_status":"closed","ping_status":"closed","template":"","meta":{"inline_featured_image":false,"product_video_url":"","product_360_url":""},"product_brand":[],"product_cat":[285],"product_tag":[494,332],"weeds":[],"soil_types":[],"class_list":{"0":"post-50379","1":"product","2":"type-product","3":"status-publish","4":"has-post-thumbnail","6":"product_cat-geraetepflege-2","7":"product_tag-bepflanzung-de-ch","8":"product_tag-graben-de-ch","9":"post","11":"first","12":"instock","13":"taxable","14":"shipping-taxable","15":"purchasable","16":"product-type-simple"},"exclude_global_add_ons":[],"addons":[],"_links":{"self":[{"href":"https:\/\/sneeboer.com\/de-ch\/wp-json\/wp\/v2\/product\/50379","targetHints":{"allow":["GET"]}}],"collection":[{"href":"https:\/\/sneeboer.com\/de-ch\/wp-json\/wp\/v2\/product"}],"about":[{"href":"https:\/\/sneeboer.com\/de-ch\/wp-json\/wp\/v2\/types\/product"}],"replies":[{"embeddable":true,"href":"https:\/\/sneeboer.com\/de-ch\/wp-json\/wp\/v2\/comments?post=50379"}],"wp:featuredmedia":[{"embeddable":true,"href":"https:\/\/sneeboer.com\/de-ch\/wp-json\/wp\/v2\/media\/25523"}],"wp:attachment":[{"href":"https:\/\/sneeboer.com\/de-ch\/wp-json\/wp\/v2\/media?parent=50379"}],"wp:term":[{"taxonomy":"product_brand","embeddable":true,"href":"https:\/\/sneeboer.com\/de-ch\/wp-json\/wp\/v2\/product_brand?post=50379"},{"taxonomy":"product_cat","embeddable":true,"href":"https:\/\/sneeboer.com\/de-ch\/wp-json\/wp\/v2\/product_cat?post=50379"},{"taxonomy":"product_tag","embeddable":true,"href":"https:\/\/sneeboer.com\/de-ch\/wp-json\/wp\/v2\/product_tag?post=50379"},{"taxonomy":"weeds","embeddable":true,"href":"https:\/\/sneeboer.com\/de-ch\/wp-json\/wp\/v2\/weeds?post=50379"},{"taxonomy":"soil_types","embeddable":true,"href":"https:\/\/sneeboer.com\/de-ch\/wp-json\/wp\/v2\/soil_types?post=50379"}],"curies":[{"name":"wp","href":"https:\/\/api.w.org\/{rel}","templated":true}]}}