{"id":50355,"date":"2023-05-09T12:53:13","date_gmt":"2023-05-09T10:53:13","guid":{"rendered":"https:\/\/sneeboer.com\/?post_type=product&#038;p=46141"},"modified":"2024-12-11T16:32:39","modified_gmt":"2024-12-11T15:32:39","slug":"46141","status":"publish","type":"product","link":"https:\/\/sneeboer.com\/de-ch\/handgeschmiedete-gartengeraete\/46141","title":{"rendered":"Titan Set"},"content":{"rendered":"<p style=\"text-align: left;\">Die drei Werkzeuge der Titanserie sind auch als Set erh\u00e4ltlich. Dieses Werkzeugset wird in einer ma\u00dfgefertigten Geschenkbox aus Holz geliefert und enth\u00e4lt eine Titan-Pflanzkelle, eine Unkrautgabel und eine Handhacke. Das Set wird mit einem Lederetui zur Aufbewahrung der Werkzeuge und einem Echtheitszertifikat geliefert.<\/p>\n","protected":false},"excerpt":{"rendered":"<p>Anl\u00e4sslich des 100-j\u00e4hrigen Jubil\u00e4ums des Unternehmens Sneeboer im Jahr 2013 wurde die Titan-Werkzeuglinie entwickelt. Die Titan- Pflanzkelle Titanium \u00a0ist in ihrer Art wirklich einzigartig. Sie hat einen Griff aus Walnussholz und einen Messingring mit eingraviertem Sneeboer-Logo am Ende des Griffs. Die Titanlegierung wurde mit Sorgfalt veredelt und ist ein Geheimnis des Schmieds. Die handgeschmiedete Klinge ist geh\u00e4rtet und leicht poliert, so dass sie die Farbe, die sie durch das Kohlefeuer erh\u00e4lt, beibeh\u00e4lt. Die Titan-Gartenger\u00e4te von Sneeboer sind die luxuri\u00f6sesten und exklusivsten Gartenger\u00e4te, die Sie finden k\u00f6nnen!<\/p>\n","protected":false},"featured_media":1573,"comment_status":"closed","ping_status":"closed","template":"","meta":{"inline_featured_image":false,"product_video_url":"","product_360_url":""},"product_brand":[],"product_cat":[121,248],"product_tag":[494,332,1341,524],"weeds":[],"soil_types":[],"class_list":{"0":"post-50355","1":"product","2":"type-product","3":"status-publish","4":"has-post-thumbnail","6":"product_cat-luxus-kollektion-2","7":"product_cat-ensemble-de-titane-4","8":"product_tag-bepflanzung-de-ch","9":"product_tag-graben-de-ch","10":"product_tag-onderhoud-de-ch","11":"product_tag-umpflanzen-de-ch","12":"post","14":"first","15":"instock","16":"taxable","17":"shipping-taxable","18":"purchasable","19":"product-type-variable"},"exclude_global_add_ons":[],"addons":[],"_links":{"self":[{"href":"https:\/\/sneeboer.com\/de-ch\/wp-json\/wp\/v2\/product\/50355","targetHints":{"allow":["GET"]}}],"collection":[{"href":"https:\/\/sneeboer.com\/de-ch\/wp-json\/wp\/v2\/product"}],"about":[{"href":"https:\/\/sneeboer.com\/de-ch\/wp-json\/wp\/v2\/types\/product"}],"replies":[{"embeddable":true,"href":"https:\/\/sneeboer.com\/de-ch\/wp-json\/wp\/v2\/comments?post=50355"}],"wp:featuredmedia":[{"embeddable":true,"href":"https:\/\/sneeboer.com\/de-ch\/wp-json\/wp\/v2\/media\/1573"}],"wp:attachment":[{"href":"https:\/\/sneeboer.com\/de-ch\/wp-json\/wp\/v2\/media?parent=50355"}],"wp:term":[{"taxonomy":"product_brand","embeddable":true,"href":"https:\/\/sneeboer.com\/de-ch\/wp-json\/wp\/v2\/product_brand?post=50355"},{"taxonomy":"product_cat","embeddable":true,"href":"https:\/\/sneeboer.com\/de-ch\/wp-json\/wp\/v2\/product_cat?post=50355"},{"taxonomy":"product_tag","embeddable":true,"href":"https:\/\/sneeboer.com\/de-ch\/wp-json\/wp\/v2\/product_tag?post=50355"},{"taxonomy":"weeds","embeddable":true,"href":"https:\/\/sneeboer.com\/de-ch\/wp-json\/wp\/v2\/weeds?post=50355"},{"taxonomy":"soil_types","embeddable":true,"href":"https:\/\/sneeboer.com\/de-ch\/wp-json\/wp\/v2\/soil_types?post=50355"}],"curies":[{"name":"wp","href":"https:\/\/api.w.org\/{rel}","templated":true}]}}