{"id":57932,"date":"2025-08-20T16:03:22","date_gmt":"2025-08-20T14:03:22","guid":{"rendered":"https:\/\/sneeboer.com\/gravieren"},"modified":"2025-08-20T16:28:18","modified_gmt":"2025-08-20T14:28:18","slug":"gravieren","status":"publish","type":"page","link":"https:\/\/sneeboer.com\/de-ch\/gravieren","title":{"rendered":"Gravieren"},"content":{"rendered":"\n<section class=\"wp-block-group alignfull base-grid layer layer-text-img layer-text-img-right is-layout-grid wp-container-core-group-is-layout-205bcd65 wp-block-group-is-layout-grid\">\n<div class=\"wp-block-group layer-text has-global-padding is-layout-constrained wp-block-group-is-layout-constrained\">\n<h2 class=\"wp-block-heading\">Personalisieren und gravieren Sie Ihr Gartenger\u00e4t<\/h2>\n\n\n\n<p>Gute Werkzeuge sind eine pers\u00f6nliche Sache. Bei Sneeboer k\u00f6nnen Sie sich daf\u00fcr entscheiden, der Griff Ihre Spaten, Ihre Hacke oder Ihr Handwerkzeug mit einem pers\u00f6nlichen Text gravieren zu lassen (max. 50 Zeichen). Das macht Ihr unentbehrliches Werkzeug nicht nur einzigartig, sondern auch zu einem besonderen und originellen Geschenk.<\/p>\n<\/div>\n\n\n\n<div class=\"wp-block-group layer-img has-global-padding is-layout-constrained wp-block-group-is-layout-constrained\">\n<figure class=\"wp-block-image alignfull size-full\"><img loading=\"lazy\" decoding=\"async\" width=\"600\" height=\"618\" src=\"https:\/\/sneeboer.com\/wp-content\/uploads\/2023\/05\/Graveren-voorbeeld.jpeg\" alt=\"\" class=\"wp-image-559\" srcset=\"https:\/\/sneeboer.com\/wp-content\/uploads\/2023\/05\/Graveren-voorbeeld.jpeg 600w, https:\/\/sneeboer.com\/wp-content\/uploads\/2023\/05\/Graveren-voorbeeld-291x300.jpeg 291w\" sizes=\"auto, (max-width: 600px) 100vw, 600px\" \/><\/figure>\n<\/div>\n<\/section>\n","protected":false},"excerpt":{"rendered":"<p>Personalisieren und gravieren Sie Ihr Gartenger\u00e4t Gute Werkzeuge sind eine pers\u00f6nliche Sache. Bei Sneeboer k\u00f6nnen Sie sich daf\u00fcr entscheiden, der Griff Ihre Spaten, Ihre Hacke oder Ihr Handwerkzeug mit einem pers\u00f6nlichen Text gravieren zu lassen (max. 50 Zeichen). Das macht Ihr unentbehrliches Werkzeug nicht nur einzigartig, sondern auch zu einem besonderen und originellen Geschenk.<\/p>\n","protected":false},"author":8062,"featured_media":29409,"parent":0,"menu_order":137,"comment_status":"closed","ping_status":"closed","template":"page-engrave","meta":{"inline_featured_image":false,"home_video_url":"","home_alt_img_url":"","footnotes":""},"class_list":["post-57932","page","type-page","status-publish","has-post-thumbnail","hentry","post"],"_links":{"self":[{"href":"https:\/\/sneeboer.com\/de-ch\/wp-json\/wp\/v2\/pages\/57932","targetHints":{"allow":["GET"]}}],"collection":[{"href":"https:\/\/sneeboer.com\/de-ch\/wp-json\/wp\/v2\/pages"}],"about":[{"href":"https:\/\/sneeboer.com\/de-ch\/wp-json\/wp\/v2\/types\/page"}],"author":[{"embeddable":true,"href":"https:\/\/sneeboer.com\/de-ch\/wp-json\/wp\/v2\/users\/8062"}],"replies":[{"embeddable":true,"href":"https:\/\/sneeboer.com\/de-ch\/wp-json\/wp\/v2\/comments?post=57932"}],"version-history":[{"count":0,"href":"https:\/\/sneeboer.com\/de-ch\/wp-json\/wp\/v2\/pages\/57932\/revisions"}],"wp:featuredmedia":[{"embeddable":true,"href":"https:\/\/sneeboer.com\/de-ch\/wp-json\/wp\/v2\/media\/29409"}],"wp:attachment":[{"href":"https:\/\/sneeboer.com\/de-ch\/wp-json\/wp\/v2\/media?parent=57932"}],"curies":[{"name":"wp","href":"https:\/\/api.w.org\/{rel}","templated":true}]}}