{"id":55059,"date":"2025-01-13T11:14:16","date_gmt":"2025-01-13T10:14:16","guid":{"rendered":"https:\/\/sneeboer.com\/ueber-sneeboer"},"modified":"2025-01-13T11:14:16","modified_gmt":"2025-01-13T10:14:16","slug":"ueber-sneeboer","status":"publish","type":"page","link":"https:\/\/sneeboer.com\/de-ch\/ueber-sneeboer","title":{"rendered":"\u00dcber Sneeboer"},"content":{"rendered":"\n<section class=\"wp-block-group alignfull base-grid layer layer-about-intro is-layout-grid wp-container-core-group-is-layout-205bcd65 wp-block-group-is-layout-grid\">\n<div class=\"wp-block-group layer-about-intro-text has-global-padding is-layout-constrained wp-block-group-is-layout-constrained\">\n<h1 class=\"wp-block-heading\">Wir sind Sneeboer<\/h1>\n\n\n\n<p class=\"is-style-heading\">Handwerkskunst \u00fcber Generationen hinweg: Die Geschichte von Sneeboer<\/p>\n<\/div>\n\n\n\n<div class=\"wp-block-group layer-about-intro-img has-global-padding is-layout-constrained wp-block-group-is-layout-constrained\">\n<figure class=\"wp-block-image alignfull size-full\"><img loading=\"lazy\" decoding=\"async\" width=\"2048\" height=\"1160\" src=\"http:\/\/localhost\/wp-content\/uploads\/2025\/02\/sneeboer-team.jpg\" alt=\"\" class=\"wp-image-47342\" srcset=\"https:\/\/sneeboer.com\/wp-content\/uploads\/2025\/02\/sneeboer-team.jpg 2048w, https:\/\/sneeboer.com\/wp-content\/uploads\/2025\/02\/sneeboer-team-250x142.jpg 250w, https:\/\/sneeboer.com\/wp-content\/uploads\/2025\/02\/sneeboer-team-500x283.jpg 500w, https:\/\/sneeboer.com\/wp-content\/uploads\/2025\/02\/sneeboer-team-768x435.jpg 768w, https:\/\/sneeboer.com\/wp-content\/uploads\/2025\/02\/sneeboer-team-1536x870.jpg 1536w, https:\/\/sneeboer.com\/wp-content\/uploads\/2025\/02\/sneeboer-team-600x340.jpg 600w\" sizes=\"auto, (max-width: 2048px) 100vw, 2048px\" \/><\/figure>\n<\/div>\n<\/section>\n\n\n\n<section class=\"wp-block-group alignfull base-grid layer layer-about has-salmon-light-background-color has-background is-layout-grid wp-container-core-group-is-layout-205bcd65 wp-block-group-is-layout-grid\">\n<div class=\"wp-block-group layer-about-img has-global-padding is-content-justification-right is-layout-constrained wp-container-core-group-is-layout-f1f2ed93 wp-block-group-is-layout-constrained\">\n<figure class=\"wp-block-image alignfull size-full\"><img loading=\"lazy\" decoding=\"async\" width=\"696\" height=\"456\" src=\"http:\/\/localhost\/wp-content\/uploads\/2025\/02\/sneeboer-machine.jpg\" alt=\"\" class=\"wp-image-47363\" srcset=\"https:\/\/sneeboer.com\/wp-content\/uploads\/2025\/02\/sneeboer-machine.jpg 696w, https:\/\/sneeboer.com\/wp-content\/uploads\/2025\/02\/sneeboer-machine-250x164.jpg 250w, https:\/\/sneeboer.com\/wp-content\/uploads\/2025\/02\/sneeboer-machine-500x328.jpg 500w, https:\/\/sneeboer.com\/wp-content\/uploads\/2025\/02\/sneeboer-machine-600x393.jpg 600w\" sizes=\"auto, (max-width: 696px) 100vw, 696px\" \/><\/figure>\n<\/div>\n\n\n\n<div class=\"wp-block-group layer-about-img has-global-padding is-content-justification-right is-layout-constrained wp-container-core-group-is-layout-f1f2ed93 wp-block-group-is-layout-constrained\">\n<figure class=\"wp-block-image alignfull size-full\"><img loading=\"lazy\" decoding=\"async\" width=\"762\" height=\"486\" src=\"http:\/\/localhost\/wp-content\/uploads\/2025\/02\/sneeboer-family.jpg\" alt=\"\" class=\"wp-image-47367\" srcset=\"https:\/\/sneeboer.com\/wp-content\/uploads\/2025\/02\/sneeboer-family.jpg 762w, https:\/\/sneeboer.com\/wp-content\/uploads\/2025\/02\/sneeboer-family-250x159.jpg 250w, https:\/\/sneeboer.com\/wp-content\/uploads\/2025\/02\/sneeboer-family-500x319.jpg 500w, https:\/\/sneeboer.com\/wp-content\/uploads\/2025\/02\/sneeboer-family-600x383.jpg 600w\" sizes=\"auto, (max-width: 762px) 100vw, 762px\" \/><\/figure>\n<\/div>\n\n\n\n<div class=\"wp-block-group layer-about-text has-global-padding is-layout-constrained wp-block-group-is-layout-constrained\">\n<p>Seit mehr als 110 Jahren ist der Name Sneeboer ein Synonym f\u00fcr au\u00dfergew\u00f6hnliche handgefertigte Gartenger\u00e4te. Unser Familienunternehmen mit Sitz in Bovenkarspel, Noord-Holland, feierte im Januar 2023 sein 110-j\u00e4hriges Bestehen. Ein Meilenstein, auf den wir mit Stolz zur\u00fcckblicken.<\/p>\n\n\n\n<p>Was Sneeboer auszeichnet, ist unsere einzigartige Balance zwischen Tradition und Innovation. Unsere Handwerker, von denen viele Familienmitglieder sind, stellen jedes Werkzeug mit gro\u00dfer Sorgfalt aus hochwertigem rostfreiem Stahl her. Dieses Engagement f\u00fcr Qualit\u00e4t hat uns internationale Anerkennung bei den anspruchsvollsten G\u00e4rtnern weltweit eingebracht.<\/p>\n\n\n\n<p>Die Sneeboer-Philosophie lebt in jeder Kreation: Wir entwickeln st\u00e4ndig innovative Werkzeuge, verbessern bew\u00e4hrte Klassiker und lassen vergessene Gartenger\u00e4te wieder aufleben. Dabei kombinieren wir traditionelle Schmiedetechniken mit modernen Erkenntnissen, immer auf der Suche nach neuen M\u00e4rkten und verbesserten, nachhaltigen Produktionsmethoden.<\/p>\n\n\n\n<p>Heute ist die vierte Generation von Sneeboer bereit, dieses Erbe fortzuf\u00fchren, getreu dem Motto des Gr\u00fcnders Arie Sneeboer: \u201eIch wei\u00df, wie man es besser macht.\u201c Dieser Antrieb erkl\u00e4rt, warum G\u00e4rtner auf der ganzen Welt sich einig sind: \u201eWer einmal einen Sneeboer in den H\u00e4nden gehalten hat, will nie wieder etwas anderes.\u201c<\/p>\n<\/div>\n<\/section>\n\n\n\n<section class=\"wp-block-group alignfull base-grid layer layer-history is-layout-grid wp-container-core-group-is-layout-2ee6572b wp-block-group-is-layout-grid\">\n<div class=\"wp-block-group layer-history-text has-white-color has-text-color has-link-color wp-elements-60da252475abb92f339862587160689b is-vertical is-layout-flex wp-container-core-group-is-layout-d6b9ab57 wp-block-group-is-layout-flex\">\n<div class=\"wp-block-group has-global-padding is-layout-constrained wp-block-group-is-layout-constrained\">\n<h2 class=\"wp-block-heading is-style-alt\">Zeitleiste \u2013 Reiche Geschichte<\/h2>\n\n\n\n<p class=\"is-style-heading\">Sneeboer im Laufe der Jahre<\/p>\n\n\n\n<p>Sehen und lesen Sie, wie wir angefangen haben und wo wir jetzt stehen.<\/p>\n\n\n\n<div class=\"wp-block-buttons is-style-default is-layout-flex wp-block-buttons-is-layout-flex\">\n<div class=\"wp-block-button is-style-outline is-style-outline--1\"><a class=\"wp-block-button__link wp-element-button\" href=\"\/de\/geschichte\">Zeitleiste anzeigen<\/a><\/div>\n<\/div>\n<\/div>\n<\/div>\n\n\n\n<div class=\"wp-block-cover is-light layer-history-img\"><img loading=\"lazy\" decoding=\"async\" width=\"670\" height=\"507\" class=\"wp-block-cover__image-background wp-image-47381\" alt=\"\" src=\"http:\/\/localhost\/wp-content\/uploads\/2025\/02\/dreamteam-2007.jpg\" data-object-fit=\"cover\" srcset=\"https:\/\/sneeboer.com\/wp-content\/uploads\/2025\/02\/dreamteam-2007.jpg 670w, https:\/\/sneeboer.com\/wp-content\/uploads\/2025\/02\/dreamteam-2007-250x189.jpg 250w, https:\/\/sneeboer.com\/wp-content\/uploads\/2025\/02\/dreamteam-2007-500x378.jpg 500w, https:\/\/sneeboer.com\/wp-content\/uploads\/2025\/02\/dreamteam-2007-600x454.jpg 600w\" sizes=\"auto, (max-width: 670px) 100vw, 670px\" \/><span aria-hidden=\"true\" class=\"wp-block-cover__background has-background-dim-0 has-background-dim\" style=\"background-color:#9b8f71\"><\/span><div class=\"wp-block-cover__inner-container has-global-padding is-layout-constrained wp-block-cover-is-layout-constrained\">\n<p class=\"has-text-align-center has-large-font-size\"><\/p>\n<\/div><\/div>\n\n\n\n<div class=\"wp-block-cover layer-history-img\"><img loading=\"lazy\" decoding=\"async\" width=\"764\" height=\"511\" class=\"wp-block-cover__image-background wp-image-47377\" alt=\"\" src=\"http:\/\/localhost\/wp-content\/uploads\/2025\/02\/predicate-purveyor-to-the-royal-household.jpg\" data-object-fit=\"cover\" srcset=\"https:\/\/sneeboer.com\/wp-content\/uploads\/2025\/02\/predicate-purveyor-to-the-royal-household.jpg 764w, https:\/\/sneeboer.com\/wp-content\/uploads\/2025\/02\/predicate-purveyor-to-the-royal-household-250x167.jpg 250w, https:\/\/sneeboer.com\/wp-content\/uploads\/2025\/02\/predicate-purveyor-to-the-royal-household-500x334.jpg 500w, https:\/\/sneeboer.com\/wp-content\/uploads\/2025\/02\/predicate-purveyor-to-the-royal-household-600x401.jpg 600w\" sizes=\"auto, (max-width: 764px) 100vw, 764px\" \/><span aria-hidden=\"true\" class=\"wp-block-cover__background has-background-dim-0 has-background-dim\" style=\"background-color:#585250\"><\/span><div class=\"wp-block-cover__inner-container has-global-padding is-layout-constrained wp-block-cover-is-layout-constrained\">\n<p class=\"has-text-align-center has-large-font-size\"><\/p>\n<\/div><\/div>\n<\/section>\n","protected":false},"excerpt":{"rendered":"<p>Wir sind Sneeboer Handwerkskunst \u00fcber Generationen hinweg: Die Geschichte von Sneeboer Seit mehr als 110 Jahren ist der Name Sneeboer ein Synonym f\u00fcr au\u00dfergew\u00f6hnliche handgefertigte Gartenger\u00e4te. Unser Familienunternehmen mit Sitz in Bovenkarspel, Noord-Holland, feierte im Januar 2023 sein 110-j\u00e4hriges Bestehen. Ein Meilenstein, auf den wir mit Stolz zur\u00fcckblicken. Was Sneeboer auszeichnet, ist unsere einzigartige Balance [&hellip;]<\/p>\n","protected":false},"author":8062,"featured_media":0,"parent":0,"menu_order":86,"comment_status":"closed","ping_status":"closed","template":"page-about","meta":{"inline_featured_image":false,"home_video_url":"","home_alt_img_url":"","footnotes":""},"class_list":["post-55059","page","type-page","status-publish","hentry","post"],"_links":{"self":[{"href":"https:\/\/sneeboer.com\/de-ch\/wp-json\/wp\/v2\/pages\/55059","targetHints":{"allow":["GET"]}}],"collection":[{"href":"https:\/\/sneeboer.com\/de-ch\/wp-json\/wp\/v2\/pages"}],"about":[{"href":"https:\/\/sneeboer.com\/de-ch\/wp-json\/wp\/v2\/types\/page"}],"author":[{"embeddable":true,"href":"https:\/\/sneeboer.com\/de-ch\/wp-json\/wp\/v2\/users\/8062"}],"replies":[{"embeddable":true,"href":"https:\/\/sneeboer.com\/de-ch\/wp-json\/wp\/v2\/comments?post=55059"}],"version-history":[{"count":0,"href":"https:\/\/sneeboer.com\/de-ch\/wp-json\/wp\/v2\/pages\/55059\/revisions"}],"wp:attachment":[{"href":"https:\/\/sneeboer.com\/de-ch\/wp-json\/wp\/v2\/media?parent=55059"}],"curies":[{"name":"wp","href":"https:\/\/api.w.org\/{rel}","templated":true}]}}