{"id":55052,"date":"2025-02-19T14:50:46","date_gmt":"2025-02-19T13:50:46","guid":{"rendered":"https:\/\/sneeboer.com\/service"},"modified":"2025-02-19T14:50:46","modified_gmt":"2025-02-19T13:50:46","slug":"service","status":"publish","type":"page","link":"https:\/\/sneeboer.com\/de-ch\/service","title":{"rendered":"Service"},"content":{"rendered":"\n<section class=\"wp-block-group alignfull base-grid layer layer-about is-layout-grid wp-container-core-group-is-layout-205bcd65 wp-block-group-is-layout-grid\">\n<div class=\"wp-block-group layer-about-img has-global-padding is-content-justification-right is-layout-constrained wp-container-core-group-is-layout-f1f2ed93 wp-block-group-is-layout-constrained\">\n<figure class=\"wp-block-image alignfull size-full\"><img loading=\"lazy\" decoding=\"async\" width=\"696\" height=\"456\" src=\"\/wp-content\/uploads\/2025\/02\/sneeboer-machine.jpg\" alt=\"\" class=\"wp-image-47363\" srcset=\"https:\/\/sneeboer.com\/wp-content\/uploads\/2025\/02\/sneeboer-machine.jpg 696w, https:\/\/sneeboer.com\/wp-content\/uploads\/2025\/02\/sneeboer-machine-250x164.jpg 250w, https:\/\/sneeboer.com\/wp-content\/uploads\/2025\/02\/sneeboer-machine-500x328.jpg 500w, https:\/\/sneeboer.com\/wp-content\/uploads\/2025\/02\/sneeboer-machine-600x393.jpg 600w\" sizes=\"auto, (max-width: 696px) 100vw, 696px\" \/><\/figure>\n<\/div>\n\n\n\n<div class=\"wp-block-group layer-about-img has-global-padding is-content-justification-right is-layout-constrained wp-container-core-group-is-layout-f1f2ed93 wp-block-group-is-layout-constrained\">\n<figure class=\"wp-block-image alignfull size-full\"><img loading=\"lazy\" decoding=\"async\" width=\"762\" height=\"486\" src=\"\/wp-content\/uploads\/2025\/02\/sneeboer-family.jpg\" alt=\"\" class=\"wp-image-47367\" srcset=\"https:\/\/sneeboer.com\/wp-content\/uploads\/2025\/02\/sneeboer-family.jpg 762w, https:\/\/sneeboer.com\/wp-content\/uploads\/2025\/02\/sneeboer-family-250x159.jpg 250w, https:\/\/sneeboer.com\/wp-content\/uploads\/2025\/02\/sneeboer-family-500x319.jpg 500w, https:\/\/sneeboer.com\/wp-content\/uploads\/2025\/02\/sneeboer-family-600x383.jpg 600w\" sizes=\"auto, (max-width: 762px) 100vw, 762px\" \/><\/figure>\n<\/div>\n\n\n\n<div class=\"wp-block-group layer-about-text has-global-padding is-layout-constrained wp-block-group-is-layout-constrained\">\n<h2 class=\"wp-block-heading\">Ger\u00e4te Garantie<\/h2>\n\n\n\n<p>Jedes einzigartige Sneeboer-Werkzeug ist f\u00fcr das Leben gemacht, aber sollte es irgendwelche Probleme mit Ihrem Werkzeug geben, lassen Sie es uns bitte wissen. Die Garantie betr\u00e4gt 50 Jahre ab Kauf auf alle Teile aus Edelstahl, Stahl und Titan und 1 Jahr auf alle Teile aus Holz (Stiele, Griffe). Wenn Sie Fragen haben oder einen Garantieanspruch geltend machen m\u00f6chten, senden Sie bitte eine E-Mail mit einem Foto oder wenden Sie sich an den n\u00e4chstgelegenen Sneeboer-H\u00e4ndler.<\/p>\n\n\n\n<p>Wenn wir ein Ersatzwerkzeug anbieten, werden wir unser Bestes tun, um das gleiche Werkzeug anzubieten. Sollte dies nicht m\u00f6glich sein, werden wir ein alternatives, aber \u00e4hnliches Instrument anbieten.<\/p>\n\n\n\n<p>Die folgenden Schadensursachen sind nicht von unserer Garantie abgedeckt:<\/p>\n\n\n\n<ul class=\"wp-block-list\">\n<li>Normaler Verschlei\u00df der Teile, fehlende oder gebrochene Teile oder Teile, die von Ihnen modifiziert oder ver\u00e4ndert wurden.<\/li>\n\n\n\n<li>Sch\u00e4den durch unsachgem\u00e4\u00dfen Gebrauch des Produkts, d. h. wenn ein Werkzeug auf eine Weise verwendet wurde, f\u00fcr die es nicht ausgelegt ist. Ein Beispiel: Ein Spaten bricht, weil er als Brechstange benutzt wird.<\/li>\n\n\n\n<li>Wenn das Werkzeug besch\u00e4digt ist, weil es nicht richtig gewartet oder gelagert wurde. Ein Beispiel daf\u00fcr ist, wenn Werkzeuge das ganze Jahr \u00fcber im Freien stehen, obwohl sie an einem trockenen Ort gelagert werden m\u00fcssen.<\/li>\n\n\n\n<li>Diese Garantiebedingungen gelten auch nicht, wenn ein Werkzeug einen kosmetischen Schaden erlitten hat, der seine Funktion nicht beeintr\u00e4chtigt.<\/li>\n<\/ul>\n<\/div>\n<\/section>\n\n\n\n<section class=\"wp-block-group alignfull base-grid layer layer-faq layer-faq-left has-salmon-light-background-color has-background is-layout-grid wp-container-core-group-is-layout-205bcd65 wp-block-group-is-layout-grid\">\n<div class=\"wp-block-group layer-faq-text has-global-padding is-layout-constrained wp-block-group-is-layout-constrained\">\n<h2 class=\"wp-block-heading\">Reparatur<\/h2>\n\n\n\n<p>Es kann vorkommen, dass Ihre Werkzeuge reparaturbed\u00fcrftig sind. Wir empfehlen Ihnen, einen Sneeboer-H\u00e4ndler in Ihrer N\u00e4he aufzusuchen.<\/p>\n\n\n\n<p>Es ist auch m\u00f6glich, eine E-Mail mit einer kurzen Beschreibung und einem Foto des Werkzeugs direkt an uns zu senden.<\/p>\n\n\n\n<p>Sie erhalten dann von uns eine Antwort mit einem Reparaturvorschlag und einem Preisangebot.<\/p>\n\n\n\n<p>Dann schicken Sie uns das daf\u00fcr vorgesehene Tool mit Ihrem Namen, Ihrer Adresse, Telefonnummer und E-Mail-Adresse! Nach Zahlungseingang reparieren wir das Ger\u00e4t und senden es an Sie zur\u00fcck. Dies dauert in der Regel 1 bis 2 Wochen.<\/p>\n<\/div>\n\n\n\n<div class=\"wp-block-group layer-faq-cta has-global-padding is-layout-constrained wp-block-group-is-layout-constrained\">\n<div class=\"wp-block-group layer-faq-cta-wrap is-layout-flex wp-block-group-is-layout-flex\">\n<h2 class=\"wp-block-heading has-text-align-right is-style-alt layer-faq-cta-title has-xx-large-font-size\">Kommst <br>du nicht<br> weiter?<\/h2>\n\n\n\n<ul class=\"wp-block-social-links has-visible-labels has-icon-color is-style-buttons layer-faq-cta-buttons is-vertical is-nowrap is-layout-flex wp-container-core-social-links-is-layout-3655d5c7 wp-block-social-links-is-layout-flex\">\n<div class=\"wp-block-outermost-icon-block\"><a class=\"icon-container has-icon-color has-white-color\" href=\"tel:+31-228511365\" style=\"color:#ffffff;width:48px;transform:rotate(0deg) scaleX(1) scaleY(1)\" aria-label=\"Ruf an\"><svg xmlns=\"http:\/\/www.w3.org\/2000\/svg\" viewBox=\"0 0 512 512\" aria-label=\"Ruf an\"><path d=\"M493.4 24.6l-104-24c-11.3-2.6-22.9 3.3-27.5 13.9l-48 112c-4.2 9.8-1.4 21.3 6.9 28l60.6 49.6c-36 76.7-98.9 140.5-177.2 177.2l-49.6-60.6c-6.8-8.3-18.2-11.1-28-6.9l-112 48C3.9 366.5-2 378.1.6 389.4l24 104C27.1 504.2 36.7 512 48 512c256.1 0 464-207.5 464-464 0-11.2-7.7-20.9-18.6-23.4z\"><\/path><\/svg><\/a><\/div>\n\n\n<li style=\"color:#ffffff;\" class=\"wp-social-link wp-social-link-mail has-white-color wp-block-social-link\"><a rel=\"noopener nofollow\" target=\"_blank\" href=\"mailto:info@sneeboer.com\" class=\"wp-block-social-link-anchor\"><svg width=\"24\" height=\"24\" viewBox=\"0 0 24 24\" version=\"1.1\" xmlns=\"http:\/\/www.w3.org\/2000\/svg\" aria-hidden=\"true\" focusable=\"false\"><path d=\"M19,5H5c-1.1,0-2,.9-2,2v10c0,1.1.9,2,2,2h14c1.1,0,2-.9,2-2V7c0-1.1-.9-2-2-2zm.5,12c0,.3-.2.5-.5.5H5c-.3,0-.5-.2-.5-.5V9.8l7.5,5.6,7.5-5.6V17zm0-9.1L12,13.6,4.5,7.9V7c0-.3.2-.5.5-.5h14c.3,0,.5.2.5.5v.9z\"><\/path><\/svg><span class=\"wp-block-social-link-label\">Mail<\/span><\/a><\/li><\/ul>\n<\/div>\n<\/div>\n\n\n\n<div class=\"wp-block-group layer-faq-img is-content-justification-right is-nowrap is-layout-flex wp-container-core-group-is-layout-17124a9a wp-block-group-is-layout-flex\">\n<figure class=\"wp-block-image alignright size-large is-resized\"><img loading=\"lazy\" decoding=\"async\" width=\"500\" height=\"343\" src=\"\/wp-content\/uploads\/2025\/02\/faq-example-product-500x343.png\" alt=\"\" class=\"wp-image-47297\" style=\"width:350px\" srcset=\"https:\/\/sneeboer.com\/wp-content\/uploads\/2025\/02\/faq-example-product-500x343.png 500w, https:\/\/sneeboer.com\/wp-content\/uploads\/2025\/02\/faq-example-product-250x171.png 250w, https:\/\/sneeboer.com\/wp-content\/uploads\/2025\/02\/faq-example-product-768x527.png 768w, https:\/\/sneeboer.com\/wp-content\/uploads\/2025\/02\/faq-example-product-1536x1053.png 1536w, https:\/\/sneeboer.com\/wp-content\/uploads\/2025\/02\/faq-example-product-600x411.png 600w, https:\/\/sneeboer.com\/wp-content\/uploads\/2025\/02\/faq-example-product.png 1775w\" sizes=\"auto, (max-width: 500px) 100vw, 500px\" \/><\/figure>\n<\/div>\n<\/section>\n\n\n\n<section class=\"wp-block-group alignfull base-grid layer layer-faq layer-faq-right is-layout-grid wp-container-core-group-is-layout-205bcd65 wp-block-group-is-layout-grid\">\n<div class=\"wp-block-group layer-faq-img has-global-padding is-layout-constrained wp-block-group-is-layout-constrained\">\n<figure class=\"wp-block-image alignfull size-large\"><img loading=\"lazy\" decoding=\"async\" width=\"500\" height=\"336\" src=\"http:\/\/localhost\/wp-content\/uploads\/2025\/02\/sneeboer-loading-500x336.jpg\" alt=\"\" class=\"wp-image-47317\" srcset=\"https:\/\/sneeboer.com\/wp-content\/uploads\/2025\/02\/sneeboer-loading-500x336.jpg 500w, https:\/\/sneeboer.com\/wp-content\/uploads\/2025\/02\/sneeboer-loading-250x168.jpg 250w, https:\/\/sneeboer.com\/wp-content\/uploads\/2025\/02\/sneeboer-loading-768x516.jpg 768w, https:\/\/sneeboer.com\/wp-content\/uploads\/2025\/02\/sneeboer-loading-1536x1032.jpg 1536w, https:\/\/sneeboer.com\/wp-content\/uploads\/2025\/02\/sneeboer-loading-600x403.jpg 600w, https:\/\/sneeboer.com\/wp-content\/uploads\/2025\/02\/sneeboer-loading.jpg 2048w\" sizes=\"auto, (max-width: 500px) 100vw, 500px\" \/><\/figure>\n<\/div>\n\n\n\n<div class=\"wp-block-group layer-faq-text wp-container-content-0562d7ac has-global-padding is-layout-constrained wp-block-group-is-layout-constrained\">\n<h2 class=\"wp-block-heading\">Ger\u00e4tepflege<\/h2>\n\n\n\n<h3 class=\"wp-block-heading\">Vor dem ersten Garteneinsatz:<\/h3>\n\n\n\n<p>Behandeln Sie Ihre Ger\u00e4te vor dem ersten Einsatz mit Lein\u00f6l. Stiele und Griffe bleiben so l\u00e4nger sch\u00f6n, trocknen nicht aus und der Schmutz haftet weniger schnell an. Auch die Edelstahlteile k\u00f6nnen mit Lein\u00f6l eingerieben werden. Die Erde gleitet dann noch besser vom Spatenblatt, von der Harke oder dem Handger\u00e4t.<\/p>\n\n\n\n<h3 class=\"wp-block-heading\">In vier Schritten zu perfekt gepflegten Ger\u00e4ten:<\/h3>\n\n\n\n<details class=\"wp-block-details\"><summary><h4 class=\"wp-block-heading is-layout-flow wp-block-details-is-layout-flow\">Schritt 1: S\u00e4ubern<\/h4><\/summary>\n<p class=\"has-text-align-full wp-embed-aspect-16-9 wp-has-aspect-ratio\">Entfernen Sie zuerst Erdreste und andere Verunreinigungen mit einer harten B\u00fcrste. Unsere speziell entwickelte Sneeboer-Messingb\u00fcrste ist daf\u00fcr nat\u00fcrlich perfekt geeignet. So verhindern Sie auch die Verbreitung von Krankheiten zwischen den Pflanzen. Sollten Sie auch Werkzeuge aus Stahl haben, k\u00f6nnen Sie die Klingen auch mit Schleifpapier abschleifen. Dies ist bei Werkzeugen aus Edelstahl nicht erforderlich.<\/p>\n\n\n\n<figure class=\"wp-block-embed alignfull is-type-video is-provider-youtube wp-block-embed-youtube wp-embed-aspect-16-9 wp-has-aspect-ratio\"><div class=\"wp-block-embed__wrapper\">\n<iframe loading=\"lazy\" title=\"Maintenance Garden tools- Cleaning\" width=\"500\" height=\"281\" src=\"https:\/\/www.youtube.com\/embed\/1jdhNgVmY6Q?feature=oembed\" frameborder=\"0\" allow=\"accelerometer; autoplay; clipboard-write; encrypted-media; gyroscope; picture-in-picture; web-share\" referrerpolicy=\"strict-origin-when-cross-origin\" allowfullscreen><\/iframe>\n<\/div><\/figure>\n<\/details>\n\n\n\n<details class=\"wp-block-details\"><summary><h4 class=\"wp-block-heading is-layout-flow wp-block-details-is-layout-flow\">Schritt 2: Schleifen<\/h4><\/summary>\n<p class=\"has-text-align-full wp-embed-aspect-16-9 wp-has-aspect-ratio\">Ein scharfer Spaten ist der Freund eines jeden G\u00e4rtners. Zum Schleifen der Kanten sollten Sie aber bitte nur Qualit\u00e4tsschleifsteine benutzen. Wir haben f\u00fcr den Schliff der Sneeboer-Gartenger\u00e4te eine perfekte, sehr handliche Schleiffeile entworfen. Schleifen Sie mit leichter Hand ausschlie\u00dflich die schr\u00e4ge Schleifkante und behalten Sie den Schr\u00e4gwinkel bei. Schleifen Sie zuerst die Vorderkante, drehen dann das Ger\u00e4t um und schleifen die r\u00fcckseitige Kante kurz \u00fcber.<\/p>\n\n\n\n<p class=\"has-text-align-full wp-embed-aspect-16-9 wp-has-aspect-ratio\"><em>Hinweis: Sch\u00e4rfen Sie Ihre Werkzeuge niemals mit elektrischen Schleifmaschinen. Hohe Temperaturen beeinflussen die Qualit\u00e4t des Edelstahls.<\/em><\/p>\n\n\n\n<figure class=\"wp-block-embed alignfull is-type-video is-provider-youtube wp-block-embed-youtube wp-embed-aspect-16-9 wp-has-aspect-ratio\"><div class=\"wp-block-embed__wrapper\">\n<iframe loading=\"lazy\" title=\"Maintenance Garden Tools- Sharpening\" width=\"500\" height=\"281\" src=\"https:\/\/www.youtube.com\/embed\/4xBQzvth4aA?feature=oembed\" frameborder=\"0\" allow=\"accelerometer; autoplay; clipboard-write; encrypted-media; gyroscope; picture-in-picture; web-share\" referrerpolicy=\"strict-origin-when-cross-origin\" allowfullscreen><\/iframe>\n<\/div><\/figure>\n<\/details>\n\n\n\n<details class=\"wp-block-details\"><summary><h4 class=\"wp-block-heading is-layout-flow wp-block-details-is-layout-flow\">Schritt 3: Einfetten<\/h4><\/summary>\n<p class=\"has-text-align-full wp-embed-aspect-16-9 wp-has-aspect-ratio\">Nach dem S\u00e4ubern und Schleifen sollten Sie das Blatt, die Klingen, den Holzstiel und die Griffe mit einer d\u00fcnnen Schicht Lein\u00f6l \u00fcberziehen. Achtung: Bewahren Sie nach dem Gebrauch das Putztuch unbedingt in einem luftdichten Beh\u00e4lter auf. Lein\u00f6l kann sich bei trockener Hitze selbst entz\u00fcnden. Es besteht Brandgefahr!<\/p>\n\n\n\n<figure class=\"wp-block-embed alignfull is-type-video is-provider-youtube wp-block-embed-youtube wp-embed-aspect-16-9 wp-has-aspect-ratio\"><div class=\"wp-block-embed__wrapper\">\n<iframe loading=\"lazy\" title=\"Maintenance Garden Tools- Oiling\" width=\"500\" height=\"281\" src=\"https:\/\/www.youtube.com\/embed\/cbtMtFb9d3k?feature=oembed\" frameborder=\"0\" allow=\"accelerometer; autoplay; clipboard-write; encrypted-media; gyroscope; picture-in-picture; web-share\" referrerpolicy=\"strict-origin-when-cross-origin\" allowfullscreen><\/iframe>\n<\/div><\/figure>\n<\/details>\n\n\n\n<details class=\"wp-block-details\"><summary><h4 class=\"wp-block-heading is-layout-flow wp-block-details-is-layout-flow\">Schritt 4: Aufbewahren<\/h4><\/summary>\n<p>F\u00fcr die meisten Gartenliebhaber ist dies ein Schritt, der meist nicht so genau eingehalten wird. Nach einem Tag Gartenarbeit bleibt manchmal noch ein Ger\u00e4t liegen. Aber denken Sie daran \u2013 je besser Sie f\u00fcr Ihre Ger\u00e4te sorgen, umso l\u00e4nger werden sie leben. Bewahren Sie deshalb Ger\u00e4te mit Holzstielen und Griffen an einem trockenen Ort auf und sch\u00fctzen Sie Ihre Werkzeuge vor direkter Sonneneinstrahlung und extremen Temperatur- und Luftfeuchtigkeitsschwankungen. Es ist auch eine gute Idee, die Ger\u00e4te au\u00dferhalb der Reichweite von Kindern zu lagern.<\/p>\n<\/details>\n<\/div>\n<\/section>\n","protected":false},"excerpt":{"rendered":"<p>Ger\u00e4te Garantie Jedes einzigartige Sneeboer-Werkzeug ist f\u00fcr das Leben gemacht, aber sollte es irgendwelche Probleme mit Ihrem Werkzeug geben, lassen Sie es uns bitte wissen. Die Garantie betr\u00e4gt 50 Jahre ab Kauf auf alle Teile aus Edelstahl, Stahl und Titan und 1 Jahr auf alle Teile aus Holz (Stiele, Griffe). Wenn Sie Fragen haben oder [&hellip;]<\/p>\n","protected":false},"author":8062,"featured_media":0,"parent":0,"menu_order":78,"comment_status":"closed","ping_status":"closed","template":"","meta":{"inline_featured_image":false,"home_video_url":"","home_alt_img_url":"","footnotes":""},"class_list":["post-55052","page","type-page","status-publish","hentry","post"],"_links":{"self":[{"href":"https:\/\/sneeboer.com\/de-ch\/wp-json\/wp\/v2\/pages\/55052","targetHints":{"allow":["GET"]}}],"collection":[{"href":"https:\/\/sneeboer.com\/de-ch\/wp-json\/wp\/v2\/pages"}],"about":[{"href":"https:\/\/sneeboer.com\/de-ch\/wp-json\/wp\/v2\/types\/page"}],"author":[{"embeddable":true,"href":"https:\/\/sneeboer.com\/de-ch\/wp-json\/wp\/v2\/users\/8062"}],"replies":[{"embeddable":true,"href":"https:\/\/sneeboer.com\/de-ch\/wp-json\/wp\/v2\/comments?post=55052"}],"version-history":[{"count":0,"href":"https:\/\/sneeboer.com\/de-ch\/wp-json\/wp\/v2\/pages\/55052\/revisions"}],"wp:attachment":[{"href":"https:\/\/sneeboer.com\/de-ch\/wp-json\/wp\/v2\/media?parent=55052"}],"curies":[{"name":"wp","href":"https:\/\/api.w.org\/{rel}","templated":true}]}}