{"id":55047,"date":"2025-05-13T11:37:44","date_gmt":"2025-05-13T09:37:44","guid":{"rendered":"https:\/\/sneeboer.com\/nachhaltigkeit"},"modified":"2025-05-13T11:37:44","modified_gmt":"2025-05-13T09:37:44","slug":"nachhaltigkeit","status":"publish","type":"page","link":"https:\/\/sneeboer.com\/de-ch\/nachhaltigkeit","title":{"rendered":"Nachhaltigkeit"},"content":{"rendered":"\n<section class=\"wp-block-group alignfull base-grid layer layer-text-img layer-text-img-right is-layout-grid wp-container-core-group-is-layout-205bcd65 wp-block-group-is-layout-grid\">\n<div class=\"wp-block-group layer-text has-global-padding is-layout-constrained wp-block-group-is-layout-constrained\">\n<p>Seit unserer Gr\u00fcndung im Jahr 1913 ist die Nachhaltigkeit ein wichtiger Bestandteil der Vision von Sneeboer. Von Anfang an haben wir Werkzeuge hergestellt, die ein Leben lang halten, und damit den Weg f\u00fcr den Verbraucher geebnet: Qualit\u00e4t ist wichtiger als Produkte, die schnell ersetzt werden m\u00fcssen. Aber wir beschr\u00e4nken uns nicht nur auf die Lebensdauer unserer Werkzeuge. Wir haben gro\u00dfe Schritte unternommen, um unsere Produktionsprozesse nachhaltiger zu gestalten. So erzeugen wir zum Beispiel unsere eigene Energie mit 332 Solarzellen, die unter anderem unseren innovativen 12-kW-Plattenlaser Bodor und den Induktionsgenerator antreiben. Diese Maschinen erm\u00f6glichen es uns, effizienter zu produzieren und gleichzeitig unsere CO\u2082-Emissionen und unseren Rohstoffverbrauch drastisch zu senken.<\/p>\n<\/div>\n\n\n\n<div class=\"wp-block-group layer-img has-global-padding is-layout-constrained wp-block-group-is-layout-constrained\">\n<figure class=\"wp-block-embed alignfull is-type-video is-provider-youtube wp-block-embed-youtube wp-embed-aspect-16-9 wp-has-aspect-ratio\"><div class=\"wp-block-embed__wrapper\">\n<iframe loading=\"lazy\" title=\"Sneeboer tuingereedschap bij de TV Show Doe Maar Duurzaam als uitgezonden op SBS6\" width=\"500\" height=\"281\" src=\"https:\/\/www.youtube.com\/embed\/B0rvIF-Rglk?feature=oembed\" frameborder=\"0\" allow=\"accelerometer; autoplay; clipboard-write; encrypted-media; gyroscope; picture-in-picture; web-share\" referrerpolicy=\"strict-origin-when-cross-origin\" allowfullscreen><\/iframe>\n<\/div><\/figure>\n<\/div>\n<\/section>\n\n\n\n<section class=\"wp-block-group alignfull base-grid layer layer-text-img layer-text-img-left has-salmon-light-background-color has-background is-layout-grid wp-container-core-group-is-layout-205bcd65 wp-block-group-is-layout-grid\">\n<div class=\"wp-block-group layer-img has-global-padding is-layout-constrained wp-block-group-is-layout-constrained\">\n<figure class=\"wp-block-image alignfull size-full\"><img loading=\"lazy\" decoding=\"async\" width=\"2465\" height=\"1443\" src=\"\/wp-content\/uploads\/2023\/05\/Zonnepanelen2.jpg\" alt=\"\" class=\"wp-image-27241\" srcset=\"https:\/\/sneeboer.com\/wp-content\/uploads\/2023\/05\/Zonnepanelen2.jpg 2465w, https:\/\/sneeboer.com\/wp-content\/uploads\/2023\/05\/Zonnepanelen2-600x351.jpg 600w, https:\/\/sneeboer.com\/wp-content\/uploads\/2023\/05\/Zonnepanelen2-300x176.jpg 300w, https:\/\/sneeboer.com\/wp-content\/uploads\/2023\/05\/Zonnepanelen2-1024x599.jpg 1024w, https:\/\/sneeboer.com\/wp-content\/uploads\/2023\/05\/Zonnepanelen2-768x450.jpg 768w, https:\/\/sneeboer.com\/wp-content\/uploads\/2023\/05\/Zonnepanelen2-1536x899.jpg 1536w, https:\/\/sneeboer.com\/wp-content\/uploads\/2023\/05\/Zonnepanelen2-2048x1199.jpg 2048w, https:\/\/sneeboer.com\/wp-content\/uploads\/2023\/05\/Zonnepanelen2-20x12.jpg 20w\" sizes=\"auto, (max-width: 2465px) 100vw, 2465px\" \/><\/figure>\n<\/div>\n\n\n\n<div class=\"wp-block-group layer-text has-global-padding is-layout-constrained wp-block-group-is-layout-constrained\">\n<h2 class=\"wp-block-heading\">Sonnenkollektoren<\/h2>\n\n\n\n<p>Im Jahr 2020 unternahmen wir einen wichtigen Schritt in Richtung Nachhaltigkeit, indem wir 332 Solarzellen auf dem Dach unseres Betriebsgel\u00e4ndes installierten. Diese Paneele erzeugen j\u00e4hrlich rund 100.000 kWh saubere Energie, was uns seinerzeit einen energieneutralen Produktionsprozess erm\u00f6glichte. Seitdem sind wir nicht unt\u00e4tig: Durch intelligente Optimierungen und effizientere Produktionsmethoden konnten wir unseren Energieverbrauch bereits auf nur noch 60.000 kWh pro Jahr senken. Damit sind wir nicht nur energieneutral, sondern produzieren sogar \u00fcbersch\u00fcssigen \u00d6kostrom, den wir wieder in das Stromnetz einspeisen.<\/p>\n<\/div>\n<\/section>\n\n\n\n<section class=\"wp-block-group alignfull base-grid layer layer-text-img layer-text-img-right is-layout-grid wp-container-core-group-is-layout-205bcd65 wp-block-group-is-layout-grid\">\n<div class=\"wp-block-group layer-text has-global-padding is-layout-constrained wp-block-group-is-layout-constrained\">\n<h2 class=\"wp-block-heading\">Induktive Heizung<\/h2>\n\n\n\n<p>Seit 2023 verwenden wir einen innovativen Himmelwerk-Induktionsgenerator, der mit der Energie von 332 Sonnenkollektoren betrieben wird, um unser Metall zu erhitzen. Diese neue Methode ersetzt das traditionelle koksbefeuerte Schmiedefeuer, macht uns unabh\u00e4ngig von fossilen Brennstoffen und reduziert unsere CO\u2082-Emissionen um \u00fcber 12.000 kg pro Jahr. Dank der Pr\u00e4zision der Induktionserw\u00e4rmung verbessern wir nicht nur die Qualit\u00e4t und Haltbarkeit unserer Werkzeuge, sondern tragen auch zu einem saubereren Planeten bei.<\/p>\n<\/div>\n\n\n\n<div class=\"wp-block-group layer-img has-global-padding is-layout-constrained wp-block-group-is-layout-constrained\">\n<figure class=\"wp-block-image alignfull size-full\"><img loading=\"lazy\" decoding=\"async\" width=\"1179\" height=\"1274\" src=\"http:\/\/localhost\/wp-content\/uploads\/2024\/08\/sneeboer-inductief-verwarmen-04.jpg\" alt=\"\" class=\"wp-image-43602\" srcset=\"https:\/\/sneeboer.com\/wp-content\/uploads\/2024\/08\/sneeboer-inductief-verwarmen-04.jpg 1179w, https:\/\/sneeboer.com\/wp-content\/uploads\/2024\/08\/sneeboer-inductief-verwarmen-04-278x300.jpg 278w, https:\/\/sneeboer.com\/wp-content\/uploads\/2024\/08\/sneeboer-inductief-verwarmen-04-948x1024.jpg 948w, https:\/\/sneeboer.com\/wp-content\/uploads\/2024\/08\/sneeboer-inductief-verwarmen-04-768x830.jpg 768w, https:\/\/sneeboer.com\/wp-content\/uploads\/2024\/08\/sneeboer-inductief-verwarmen-04-600x648.jpg 600w\" sizes=\"auto, (max-width: 1179px) 100vw, 1179px\" \/><\/figure>\n<\/div>\n<\/section>\n\n\n\n<section class=\"wp-block-group alignfull base-grid layer layer-text-img layer-text-img-left has-salmon-light-background-color has-background is-layout-grid wp-container-core-group-is-layout-205bcd65 wp-block-group-is-layout-grid\">\n<div class=\"wp-block-group layer-img has-global-padding is-layout-constrained wp-block-group-is-layout-constrained\">\n<figure class=\"wp-block-image alignfull size-full\"><img loading=\"lazy\" decoding=\"async\" width=\"2560\" height=\"1920\" src=\"http:\/\/localhost\/wp-content\/uploads\/2024\/08\/sneeboer-lasersnijden-vs-watersnijden-03-scaled.jpg\" alt=\"Lasersnijden vs Watersnijden\" class=\"wp-image-43206\" srcset=\"https:\/\/sneeboer.com\/wp-content\/uploads\/2024\/08\/sneeboer-lasersnijden-vs-watersnijden-03-scaled.jpg 2560w, https:\/\/sneeboer.com\/wp-content\/uploads\/2024\/08\/sneeboer-lasersnijden-vs-watersnijden-03-300x225.jpg 300w, https:\/\/sneeboer.com\/wp-content\/uploads\/2024\/08\/sneeboer-lasersnijden-vs-watersnijden-03-1024x768.jpg 1024w, https:\/\/sneeboer.com\/wp-content\/uploads\/2024\/08\/sneeboer-lasersnijden-vs-watersnijden-03-768x576.jpg 768w, https:\/\/sneeboer.com\/wp-content\/uploads\/2024\/08\/sneeboer-lasersnijden-vs-watersnijden-03-1536x1152.jpg 1536w, https:\/\/sneeboer.com\/wp-content\/uploads\/2024\/08\/sneeboer-lasersnijden-vs-watersnijden-03-2048x1536.jpg 2048w, https:\/\/sneeboer.com\/wp-content\/uploads\/2024\/08\/sneeboer-lasersnijden-vs-watersnijden-03-600x450.jpg 600w\" sizes=\"auto, (max-width: 2560px) 100vw, 2560px\" \/><\/figure>\n<\/div>\n\n\n\n<div class=\"wp-block-group layer-text has-global-padding is-layout-constrained wp-block-group-is-layout-constrained\">\n<h2 class=\"wp-block-heading\">Laserschneiden<\/h2>\n\n\n\n<p>Bei Sneeboer sind wir bestrebt, unsere Produktionsprozesse mit Blick auf Nachhaltigkeit und Qualit\u00e4t zu verbessern. Unser k\u00fcrzlich durchgef\u00fchrter Vergleich zwischen dem Wasserschneider Resato ACM1500 und dem 12-kW-Plattenlaser von Bodor hat uns veranlasst, das Laserschneiden als die Zukunft zu w\u00e4hlen. Der Bodor-Plattenlaser ist nicht nur 77-mal schneller als der Wasserschneider, er ben\u00f6tigt auch kein Wasser und kein Abrasivmaterial, was die Umweltbelastung erheblich reduziert. Dar\u00fcber hinaus ist der Laserschneider viel schneller und pr\u00e4ziser, was zu weniger Materialverschwendung und geringeren Energiekosten pro Produkt f\u00fchrt. Dies tr\u00e4gt direkt zu einer Verringerung der CO\u2082-Emissionen bei und macht den Produktionsprozess effizienter und nachhaltiger.<\/p>\n<\/div>\n<\/section>\n\n\n\n<section class=\"wp-block-group alignfull base-grid layer layer-text-img layer-text-img-right is-layout-grid wp-container-core-group-is-layout-205bcd65 wp-block-group-is-layout-grid\">\n<div class=\"wp-block-group layer-text has-global-padding is-layout-constrained wp-block-group-is-layout-constrained\">\n<h2 class=\"wp-block-heading\">Laserschwei\u00dfen<\/h2>\n\n\n\n<p>Das Laserschwei\u00dfen bietet gegen\u00fcber herk\u00f6mmlichen Schwei\u00dfverfahren wie MIG\/MAG und Elektrodenschwei\u00dfen erhebliche Vorteile in Bezug auf die Nachhaltigkeit. Bei diesem Verfahren wird ein konzentrierter Lichtstrahl verwendet, um Materialien zu schmelzen und zu verbinden, wodurch eine sehr starke und pr\u00e4zise Schwei\u00dfnaht entsteht. Dadurch sinkt nicht nur der Energieverbrauch, sondern auch die Notwendigkeit der Nachbearbeitung, was den Bedarf an zus\u00e4tzlichen Materialien und Werkzeugen reduziert. Au\u00dferdem ist das Laserschwei\u00dfen schneller, was den Gesamtenergieverbrauch weiter senkt und die CO\u2082-Emissionen verringert. Aufgrund dieser Effizienz tr\u00e4gt das Laserschwei\u00dfen zu einem nachhaltigeren Produktionsprozess mit einem geringeren CO\u2082-Fu\u00dfabdruck bei.<\/p>\n<\/div>\n\n\n\n<div class=\"wp-block-group layer-img has-global-padding is-layout-constrained wp-block-group-is-layout-constrained\">\n<figure class=\"wp-block-image alignfull size-full\"><img loading=\"lazy\" decoding=\"async\" width=\"2560\" height=\"1920\" src=\"http:\/\/localhost\/wp-content\/uploads\/2024\/08\/sneeboer-laserlassen-vs-mig-lassen-liggend-scaled.jpg\" alt=\"\" class=\"wp-image-43443\" srcset=\"https:\/\/sneeboer.com\/wp-content\/uploads\/2024\/08\/sneeboer-laserlassen-vs-mig-lassen-liggend-scaled.jpg 2560w, https:\/\/sneeboer.com\/wp-content\/uploads\/2024\/08\/sneeboer-laserlassen-vs-mig-lassen-liggend-300x225.jpg 300w, https:\/\/sneeboer.com\/wp-content\/uploads\/2024\/08\/sneeboer-laserlassen-vs-mig-lassen-liggend-1024x768.jpg 1024w, https:\/\/sneeboer.com\/wp-content\/uploads\/2024\/08\/sneeboer-laserlassen-vs-mig-lassen-liggend-768x576.jpg 768w, https:\/\/sneeboer.com\/wp-content\/uploads\/2024\/08\/sneeboer-laserlassen-vs-mig-lassen-liggend-1536x1152.jpg 1536w, https:\/\/sneeboer.com\/wp-content\/uploads\/2024\/08\/sneeboer-laserlassen-vs-mig-lassen-liggend-2048x1536.jpg 2048w, https:\/\/sneeboer.com\/wp-content\/uploads\/2024\/08\/sneeboer-laserlassen-vs-mig-lassen-liggend-600x450.jpg 600w\" sizes=\"auto, (max-width: 2560px) 100vw, 2560px\" \/><\/figure>\n<\/div>\n<\/section>\n\n\n\n<section class=\"wp-block-group alignfull base-grid layer layer-text-img layer-text-img-left has-salmon-light-background-color has-background is-layout-grid wp-container-core-group-is-layout-205bcd65 wp-block-group-is-layout-grid\">\n<div class=\"wp-block-group layer-img has-global-padding is-layout-constrained wp-block-group-is-layout-constrained\">\n<figure class=\"wp-block-image alignfull size-full\"><img loading=\"lazy\" decoding=\"async\" width=\"2560\" height=\"1706\" src=\"http:\/\/localhost\/wp-content\/uploads\/2025\/01\/glimlachende-tuinier-tussen-groene-bladeren-scaled.jpg\" alt=\"\" class=\"wp-image-46949\" srcset=\"https:\/\/sneeboer.com\/wp-content\/uploads\/2025\/01\/glimlachende-tuinier-tussen-groene-bladeren-scaled.jpg 2560w, https:\/\/sneeboer.com\/wp-content\/uploads\/2025\/01\/glimlachende-tuinier-tussen-groene-bladeren-250x167.jpg 250w, https:\/\/sneeboer.com\/wp-content\/uploads\/2025\/01\/glimlachende-tuinier-tussen-groene-bladeren-500x333.jpg 500w, https:\/\/sneeboer.com\/wp-content\/uploads\/2025\/01\/glimlachende-tuinier-tussen-groene-bladeren-768x512.jpg 768w, https:\/\/sneeboer.com\/wp-content\/uploads\/2025\/01\/glimlachende-tuinier-tussen-groene-bladeren-1536x1024.jpg 1536w, https:\/\/sneeboer.com\/wp-content\/uploads\/2025\/01\/glimlachende-tuinier-tussen-groene-bladeren-2048x1365.jpg 2048w, https:\/\/sneeboer.com\/wp-content\/uploads\/2025\/01\/glimlachende-tuinier-tussen-groene-bladeren-600x400.jpg 600w\" sizes=\"auto, (max-width: 2560px) 100vw, 2560px\" \/><\/figure>\n<\/div>\n\n\n\n<div class=\"wp-block-group layer-text has-global-padding is-layout-constrained wp-block-group-is-layout-constrained\">\n<h2 class=\"wp-block-heading\">Abfallvermeidung und Recycling<\/h2>\n\n\n\n<p>Bei Sneeboer haben wir uns der Kreislaufwirtschaft verschrieben, indem wir alle in unserem Produktionsprozess anfallenden Abf\u00e4lle vollst\u00e4ndig recyceln. Wir sind st\u00e4ndig auf der Suche nach innovativen Wegen, um Reststoffe in neue Produkte zu verwandeln. Im Jahr 2023 haben wir ein revolution\u00e4res Verfahren zum S\u00e4gen und Bearbeiten von Stielen auf einer Drechselbank entwickelt, wodurch neue Griffe f\u00fcr unsere Handwerkzeuge entstehen. Wir legen gro\u00dfen Wert auf Qualit\u00e4t, weshalb nur die allerbesten Griffe an unseren Werkzeugen angebracht werden. Stiele, die unsere strenge Qualit\u00e4tskontrolle nicht bestehen, erhalten ein neues Leben als Griffe, was nicht nur unsere Abfallproduktion deutlich reduziert, sondern auch zur Nachhaltigkeit unserer Produkte beitr\u00e4gt.<\/p>\n\n\n\n<p>Diese Entwicklungen sind nur einige der Schritte, die wir bereits unternommen haben, und wir sind st\u00e4ndig auf der Suche nach neuen Innovationen, um unsere Nachhaltigkeit weiter zu verbessern. Wir bei Sneeboer sind entschlossen, unsere Prozesse kontinuierlich zu optimieren und eine noch gr\u00fcnere Zukunft zu schaffen.<\/p>\n<\/div>\n<\/section>\n","protected":false},"excerpt":{"rendered":"<p>Seit unserer Gr\u00fcndung im Jahr 1913 ist die Nachhaltigkeit ein wichtiger Bestandteil der Vision von Sneeboer. Von Anfang an haben wir Werkzeuge hergestellt, die ein Leben lang halten, und damit den Weg f\u00fcr den Verbraucher geebnet: Qualit\u00e4t ist wichtiger als Produkte, die schnell ersetzt werden m\u00fcssen. Aber wir beschr\u00e4nken uns nicht nur auf die Lebensdauer [&hellip;]<\/p>\n","protected":false},"author":8062,"featured_media":0,"parent":0,"menu_order":102,"comment_status":"closed","ping_status":"closed","template":"","meta":{"inline_featured_image":false,"home_video_url":"","home_alt_img_url":"","footnotes":""},"class_list":["post-55047","page","type-page","status-publish","hentry","post"],"_links":{"self":[{"href":"https:\/\/sneeboer.com\/de-ch\/wp-json\/wp\/v2\/pages\/55047","targetHints":{"allow":["GET"]}}],"collection":[{"href":"https:\/\/sneeboer.com\/de-ch\/wp-json\/wp\/v2\/pages"}],"about":[{"href":"https:\/\/sneeboer.com\/de-ch\/wp-json\/wp\/v2\/types\/page"}],"author":[{"embeddable":true,"href":"https:\/\/sneeboer.com\/de-ch\/wp-json\/wp\/v2\/users\/8062"}],"replies":[{"embeddable":true,"href":"https:\/\/sneeboer.com\/de-ch\/wp-json\/wp\/v2\/comments?post=55047"}],"version-history":[{"count":0,"href":"https:\/\/sneeboer.com\/de-ch\/wp-json\/wp\/v2\/pages\/55047\/revisions"}],"wp:attachment":[{"href":"https:\/\/sneeboer.com\/de-ch\/wp-json\/wp\/v2\/media?parent=55047"}],"curies":[{"name":"wp","href":"https:\/\/api.w.org\/{rel}","templated":true}]}}