{"id":55046,"date":"2025-05-15T15:43:46","date_gmt":"2025-05-15T13:43:46","guid":{"rendered":"https:\/\/sneeboer.com\/datenschutzerklaerung"},"modified":"2025-05-15T15:43:46","modified_gmt":"2025-05-15T13:43:46","slug":"datenschutzerklaerung","status":"publish","type":"page","link":"https:\/\/sneeboer.com\/de-ch\/datenschutzerklaerung","title":{"rendered":"Datenschutzerkl\u00e4rung"},"content":{"rendered":"\n<p><strong>Wer wir sind<\/strong><\/p>\n\n\n\n<p>Diese Erkl\u00e4rung dient dazu, Sie \u00fcber die Verarbeitung Ihrer personenbezogenen Daten und die Verwendung von Cookies auf der Website sneeboer.com zu informieren. Diese Website geh\u00f6rt zur Sneeboer Trading B.V., De Tocht 3c, 1611HT in Bovenkarspel, Niederlande. Sie erreichen uns unter info@sneeboer.com oder telefonisch unter +31 (0)228 511 365. Sneeboer Trading B.V. ist bei der niederl\u00e4ndischen Handelskammer unter der Nummer 56374690 eingetragen.<\/p>\n\n\n\n<p><strong>Erhebung und Verwendung personenbezogener Daten<\/strong><\/p>\n\n\n\n<p>Wir m\u00f6chten Sie darauf hinweisen, dass wir die von Ihnen bereitgestellten personenbezogenen Daten erheben und verwenden, da dies erforderlich ist, um einen Vertrag mit Ihnen abzuschlie\u00dfen und auszuf\u00fchren. Im Folgenden erl\u00e4utern wir dies n\u00e4her.<\/p>\n\n\n\n<p>Wenn Sie (potenzieller) Kunde sind, verwenden wir Ihre Daten, um mit Ihnen \u00fcber unsere Produkte zu kommunizieren, Ihre Bestellung(en) zu liefern, eventuelle Reparaturen, R\u00fccksendungen oder Beschwerden zu bearbeiten, das Einkaufen in unserem Webshop zu erleichtern und Ihnen Newsletter zuzusenden.<\/p>\n\n\n\n<p><strong>Erstellung eines Benutzerkontos<\/strong><\/p>\n\n\n\n<p>Beim Einkaufen in unserem Webshop k\u00f6nnen Sie ein Benutzerkonto erstellen. Dies ist nicht verpflichtend, aber praktisch, wenn Sie regelm\u00e4\u00dfig bestellen. Bei der Registrierung fragen wir nach Ihren pers\u00f6nlichen Daten (Name und Adresse). Sie k\u00f6nnen auch Standard-Rechnungs- und Lieferadressen angeben. So k\u00f6nnen Sie schneller zur Kasse gehen, Ihre Bestellhistorie einsehen und Ihre Daten einfach \u00e4ndern. Die Verarbeitung Ihrer personenbezogenen Daten im Rahmen des Kontos erfolgt nur mit Ihrer Zustimmung. Wenn Ihr Konto 12 Monate lang inaktiv bleibt, l\u00f6schen wir es.<\/p>\n\n\n\n<p><strong>Kontaktformular und E-Mail-Korrespondenz<\/strong><\/p>\n\n\n\n<p>Auf unserer Website k\u00f6nnen Sie ein Kontaktformular ausf\u00fcllen. Au\u00dferdem k\u00f6nnen Sie uns eine E-Mail an die auf der Website genannte Adresse senden. In beiden F\u00e4llen bewahren wir die von Ihnen \u00fcbermittelten Daten so lange auf, wie es notwendig ist, um Ihre Anfrage vollst\u00e4ndig zu bearbeiten.<\/p>\n\n\n\n<p><strong>Werbemailings<\/strong><\/p>\n\n\n\n<p>Wenn Sie uns Ihre Einwilligung gegeben haben, speichern und verwenden wir Ihre Daten, um Sie zuk\u00fcnftig per E-Mail \u00fcber unsere aktuellen und neuen Produkte zu informieren und Ihnen eventuell Angebote zu machen. Jede Werbemail enth\u00e4lt einen Abmeldelink. Sie k\u00f6nnen uns auch jederzeit eine E-Mail an info@sneeboer.com senden, um sich vom Newsletter abzumelden.<\/p>\n\n\n\n<p><strong>Keine Pflicht zur Datenbereitstellung<\/strong><\/p>\n\n\n\n<p>Sie sind nicht verpflichtet, uns Ihre personenbezogenen Daten bereitzustellen. Wenn Sie dies nicht tun, kann es jedoch sein, dass wir Ihnen bestimmte Dienstleistungen nicht anbieten oder Vertr\u00e4ge nicht ausf\u00fchren k\u00f6nnen.<\/p>\n\n\n\n<p><strong>Aufbewahrungsfrist<\/strong><\/p>\n\n\n\n<p>Wir bewahren Kundendaten sieben Jahre lang nach dem Ende des Gesch\u00e4ftsjahres auf, in dem der Vertrag vollst\u00e4ndig erf\u00fcllt wurde. Diese Frist entspricht der gesetzlichen Aufbewahrungspflicht gegen\u00fcber den Finanzbeh\u00f6rden. Nach Ablauf dieser Frist l\u00f6schen wir Ihre Daten.<\/p>\n\n\n\n<p>Wenn Sie w\u00e4hrend des Bestellvorgangs personenbezogene Daten angegeben, aber keine Bestellung abgeschlossen haben, speichern wir Ihre Daten f\u00fcr drei Tage.<\/p>\n\n\n\n<p><strong>Weitergabe an Dritte<\/strong><\/p>\n\n\n\n<ol start=\"1\" class=\"wp-block-list\">\n<li><strong>Lieferdienst<\/strong><br>Zur Vertragserf\u00fcllung kann es notwendig sein, Ihre Daten an das Versandunternehmen weiterzugeben, damit Ihre Bestellung zugestellt werden kann. Diese Weitergabe erfolgt auf Basis unseres berechtigten Interesses, bestimmte Aufgaben an Dritte auszulagern.<\/li>\n\n\n\n<li><strong>Serveranbieter, Microsoft Office<\/strong><br>Wir nutzen einen externen Server zur Speicherung (eines Teils) unserer Verkaufsverwaltung und unserer Kundendatenbank, die auch Ihre personenbezogenen Daten enthalten kann. Au\u00dferdem verwenden wir Microsoft Office und die zugeh\u00f6rigen Speicherfunktionen f\u00fcr E-Mails und andere Dateien.<\/li>\n<\/ol>\n\n\n\n<p><strong>Ihre Rechte<\/strong><\/p>\n\n\n\n<p>Sie haben das Recht, Auskunft \u00fcber Ihre personenbezogenen Daten zu verlangen. Falls erforderlich, k\u00f6nnen Sie uns auch auffordern, Ihre Daten zu berichtigen oder zu erg\u00e4nzen. Au\u00dferdem haben Sie das Recht, die L\u00f6schung Ihrer Daten oder eine Einschr\u00e4nkung der Verarbeitung zu verlangen. Dar\u00fcber hinaus k\u00f6nnen Sie der Verarbeitung widersprechen oder bei der niederl\u00e4ndischen Datenschutzbeh\u00f6rde (Autoriteit Persoonsgegevens) Beschwerde einlegen. Schlie\u00dflich k\u00f6nnen Sie auch die \u00dcbertragung Ihrer Daten verlangen.<\/p>\n\n\n\n<p>Zur Aus\u00fcbung Ihrer Rechte wenden Sie sich bitte an:<\/p>\n\n\n\n<p>Sneeboer Trading BV<br>z. H. Sjoerd Sneeboer<br>De Tocht 3c<br>1611HT Bovenkarspel<br>+31 (0)228 511 365<br>info@sneeboer.com<\/p>\n\n\n\n<p>Auch bei Fragen oder f\u00fcr weitere Informationen zur Verarbeitung Ihrer personenbezogenen Daten k\u00f6nnen Sie sich jederzeit an uns wenden.<\/p>\n\n\n\n<p><strong>Cookies<\/strong><\/p>\n\n\n\n<p>Wir verwenden auf dieser Website Cookies. Ein Cookie ist eine kleine Textdatei, die zusammen mit Seiten dieser Website versendet und von Ihrem Browser auf der Festplatte Ihres Computers gespeichert wird. Die darin gespeicherten Informationen k\u00f6nnen an unsere Server zur\u00fcckgesendet werden.<\/p>\n\n\n\n<p><strong>Funktionale Cookies<\/strong><\/p>\n\n\n\n<p>Wir verwenden funktionale Cookies, die notwendig sind, damit unser Webshop ordnungsgem\u00e4\u00df funktioniert. Diese Cookies speichern z.\u202fB. den Inhalt Ihres Warenkorbs und Ihre Eingaben. F\u00fcr diese Cookies ist keine Einwilligung erforderlich.<\/p>\n\n\n\n<p><strong>Analytische Cookies<\/strong><\/p>\n\n\n\n<p>Wir verwenden auch Google Analytics-Cookies. Mit Google Analytics erhalten wir Statistiken \u00fcber die Nutzung unserer Website. Diese Cookies verarbeiten personenbezogene Daten (z.\u202fB. Ger\u00e4tedaten, Browser, IP-Adresse und Aktivit\u00e4ten auf der Website). Diese Verarbeitung erfolgt auf Grundlage unseres berechtigten Interesses, die Website-Nutzung zu analysieren und unser Online-Marketing zu verbessern.<\/p>\n\n\n\n<p>Die durch diese Cookies erhobenen Daten werden auf Servern von Google in den USA gespeichert. Google verf\u00fcgt \u00fcber ein Privacy-Shield-Zertifikat, das ein angemessenes Datenschutzniveau gew\u00e4hrleistet.<\/p>\n\n\n\n<p>Wir haben die Aufbewahrungsdauer der Google Analytics-Daten auf 30 Tage festgelegt. Danach werden die Daten automatisch gel\u00f6scht.<\/p>\n\n\n\n<p>Wir haben Google Analytics gem\u00e4\u00df den Datenschutzrichtlinien der niederl\u00e4ndischen Datenschutzbeh\u00f6rde eingerichtet:<\/p>\n\n\n\n<ul class=\"wp-block-list\">\n<li>Abschluss eines Auftragsverarbeitungsvertrags mit Google<\/li>\n\n\n\n<li>Anonymisierung der IP-Adresse (die letzten drei Ziffern)<\/li>\n\n\n\n<li>Deaktivierung der Option \u201eDaten teilen\u201c<\/li>\n\n\n\n<li>Keine Kombination mit anderen Google-Diensten<\/li>\n<\/ul>\n\n\n\n<p>Dank dieser datenschutzfreundlichen Einstellungen ist keine Einwilligung f\u00fcr die Verwendung dieser Cookies erforderlich.<\/p>\n\n\n\n<p>F\u00fcr weitere Informationen \u00fcber die Datenverarbeitung durch Google Analytics empfehlen wir die Dokumentation von Google.<\/p>\n\n\n\n<p><strong>Keine Cookies?<\/strong><\/p>\n\n\n\n<p>Wenn Sie Cookies aktivieren, deaktivieren oder l\u00f6schen m\u00f6chten, finden Sie entsprechende Anleitungen in der Hilfe-Funktion Ihres Browsers.<\/p>\n\n\n\n<p><strong>Letzte Aktualisierung: 1. Juni 2023<\/strong><\/p>\n","protected":false},"excerpt":{"rendered":"<p>Wer wir sind Diese Erkl\u00e4rung dient dazu, Sie \u00fcber die Verarbeitung Ihrer personenbezogenen Daten und die Verwendung von Cookies auf der Website sneeboer.com zu informieren. Diese Website geh\u00f6rt zur Sneeboer Trading B.V., De Tocht 3c, 1611HT in Bovenkarspel, Niederlande. Sie erreichen uns unter info@sneeboer.com oder telefonisch unter +31 (0)228 511 365. Sneeboer Trading B.V. ist [&hellip;]<\/p>\n","protected":false},"author":8062,"featured_media":0,"parent":0,"menu_order":155,"comment_status":"closed","ping_status":"closed","template":"","meta":{"inline_featured_image":false,"home_video_url":"","home_alt_img_url":"","footnotes":""},"class_list":["post-55046","page","type-page","status-publish","hentry","post"],"_links":{"self":[{"href":"https:\/\/sneeboer.com\/de-ch\/wp-json\/wp\/v2\/pages\/55046","targetHints":{"allow":["GET"]}}],"collection":[{"href":"https:\/\/sneeboer.com\/de-ch\/wp-json\/wp\/v2\/pages"}],"about":[{"href":"https:\/\/sneeboer.com\/de-ch\/wp-json\/wp\/v2\/types\/page"}],"author":[{"embeddable":true,"href":"https:\/\/sneeboer.com\/de-ch\/wp-json\/wp\/v2\/users\/8062"}],"replies":[{"embeddable":true,"href":"https:\/\/sneeboer.com\/de-ch\/wp-json\/wp\/v2\/comments?post=55046"}],"version-history":[{"count":0,"href":"https:\/\/sneeboer.com\/de-ch\/wp-json\/wp\/v2\/pages\/55046\/revisions"}],"wp:attachment":[{"href":"https:\/\/sneeboer.com\/de-ch\/wp-json\/wp\/v2\/media?parent=55046"}],"curies":[{"name":"wp","href":"https:\/\/api.w.org\/{rel}","templated":true}]}}